{"id":38358,"date":"2024-09-12T02:07:03","date_gmt":"2024-09-12T07:07:03","guid":{"rendered":"https:\/\/beekeeperio-2025.local\/?page_id=38358"},"modified":"2026-02-25T23:46:28","modified_gmt":"2026-02-26T04:46:28","slug":"contactez-nous","status":"publish","type":"page","link":"https:\/\/www.beekeeper.io\/fr\/contactez-nous\/","title":{"rendered":"Contactez-nous"},"content":{"rendered":"\n\n\n\n\n<section class=\"e-stn e-stn-66a1e73d85a8a503f2b44478dabea3496060f615 e-stn--banner-with-form e-stn--show-zoominfo-form\"><style>@media only screen and (max-width: 9999px) {\n\t\t\t\t\t\t\t\t\t.e-stn.e-stn-66a1e73d85a8a503f2b44478dabea3496060f615 { \n\t\t\t\t\t\t\t\t\t\tbackground-color: #F5F5F6; \n\t\t\t\t\t\t\t\t\t}\n\t\t\t\t\t\t\t\t}<\/style><div class=\"container\">\n<div class=\"wp-block-b3rg-row e-row row\">\n<div class=\"wp-block-b3rg-column e-col e-col-ace2068f44f27f868d8f4da4b4dccc422baaee53 e-col--left  col-sm-12 col-md-12 col-lg-7 col-xl-7\">\n<h1 class=\"wp-block-heading has-text-color has-link-color wp-elements-a373483916d6c8dcaaa5501177c19113\" style=\"color:#2c353d\">Nous contacter<\/h1>\n\n\n\n<p class=\"has-text-color has-link-color wp-elements-45c3437613cab386c141a2284f2b3d9d\" style=\"color:#2c353d\">Si vous souhaitez mettre en place votre syst\u00e8me de r\u00e9ussite terrain mais que vous avez encore des questions, nous sommes tout ou\u00efe !<\/p>\n\n\n<div class=\"e-crd e-crd--dlt e-crd--side-by-side\"><a href=\"https:\/\/help.beekeeper.io\/hc\/fr\" target=\"_blank\">\n<div class=\"e-div e-div-07019e0eee7974b90aa423083e32b2eabd3af078\"><div class=\"e-img \">\n<figure class=\"wp-block-image size-full is-resized\"><img loading=\"lazy\" decoding=\"async\" width=\"64\" height=\"62\" src=\"https:\/\/www.beekeeper.io\/wp-content\/uploads\/2025\/08\/customer.svg\" alt=\"\" class=\"wp-image-40633\" style=\"width:63px;height:auto\"\/><\/figure>\n<\/div><\/div>\n\n<div class=\"e-div e-div-07019e0eee7974b90aa423083e32b2eabd3af078\">\n<h3 class=\"wp-block-heading has-text-color has-link-color wp-elements-1229c161888002f4ff2797bc32cb7ebd\" style=\"color:#323c46\">Assistance client<\/h3>\n\n\n\n<p class=\"has-text-color has-link-color has-small-font-size wp-elements-c1d8dd5b6fb9506e8b0ea2b21735a937\" style=\"color:#323c46\">Besoin d&rsquo;aide pour l\u2019impl\u00e9mentation, le d\u00e9ploiement, les t\u00e2ches administratives ou les sujets techniques ?<br><strong>Acc\u00e9dez \u00e0 notre Centre d\u2019aide, o\u00f9 vous trouverez des guides et les r\u00e9ponses aux questions les plus fr\u00e9quentes.<\/strong><\/p>\n\n\n<div class=\"e-btn e-btn--primary\">\n<p class=\"title\">Button Text<\/p>\n<\/div><\/div>\n<\/a><\/div>\n\n<div class=\"e-crd e-crd--dlt e-crd--side-by-side\"><a href=\"https:\/\/docs.google.com\/forms\/d\/1zQ57ISCxkPJdT_oFQMGsjzTixgm_nrQx3IbsXhX5awM\/edit\" target=\"_blank\">\n<div class=\"e-div e-div-07019e0eee7974b90aa423083e32b2eabd3af078\"><div class=\"e-img \">\n<figure class=\"wp-block-image size-full\"><img loading=\"lazy\" decoding=\"async\" width=\"64\" height=\"63\" src=\"https:\/\/www.beekeeper.io\/wp-content\/uploads\/2025\/08\/security.svg\" alt=\"\" class=\"wp-image-40636\"\/><\/figure>\n<\/div><\/div>\n\n<div class=\"e-div e-div-07019e0eee7974b90aa423083e32b2eabd3af078\">\n<h3 class=\"wp-block-heading has-text-color has-link-color wp-elements-32823230feb451dddccfeabc482849c1\" style=\"color:#2c353d\">S\u00e9curit\u00e9<\/h3>\n\n\n\n<p class=\"has-text-color has-link-color wp-elements-692f6a64cc918f6c44827ac1b7b442fb\" style=\"color:#2c353d\">Nous prenons la s\u00e9curit\u00e9 tr\u00e8s au s\u00e9rieux.<br><strong>Si vous pensez avoir d\u00e9tect\u00e9 une faille potentielle, veuillez la signaler via le formulaire pr\u00e9vu \u00e0 cet effet.<\/strong><\/p>\n\n\n<div class=\"e-btn e-btn--primary\">\n<p class=\"title\">Button Text<\/p>\n<\/div><\/div>\n<\/a><\/div><\/div>\n\n\n\n<div class=\"wp-block-b3rg-column e-col e-col-433d977d12d102a43e4b7bb9d6e67eb45a07f5b5 e-col--right  col-sm-12 col-md-12 col-lg-5 col-xl-5\">\n<div class=\"e-div e-div-50a442b48202d7d476799b37d79d969b2a12221c e-div--forms\">\n<h2 class=\"wp-block-heading has-text-align-center has-pure-white-color has-text-color has-link-color wp-elements-b259de23531243ca13984a03281f05f3\" style=\"margin-bottom:30px\">Contactez-nous !<\/h2>\n\n\n<div class=\"howard-hs-embed howard-hs-embed--bc58279e2152fcc0266ddf72e2ea236068a79ba7 wp-block-howard-hubspot-embed\" id=\"howard-hs-embed-bc58279e2152fcc0266ddf72e2ea236068a79ba7\">\n    <script>\n        (function () {\n            var config = {\"embeddedFormId\":\"bc58279e2152fcc0266ddf72e2ea236068a79ba7\",\"formId\":\"fe7255d7-918b-44da-9f80-276bf4c624aa\",\"responseType\":\"\",\"currentPostId\":38358,\"isParentBlockGatedContentBlock\":false,\"hasCalendly\":false};\n            var attempts = 0;\n            (function register() {\n                if (window.howardHubSpotEmbed && typeof window.howardHubSpotEmbed.register === 'function') {\n                    window.howardHubSpotEmbed.register(config);\n                    return;\n                }\n                if (++attempts < 200) setTimeout(register, 10);\n            })();\n        })();\n    <\/script>\n    <script src=\"https:\/\/js-na2.hsforms.net\/forms\/embed\/developer\/244422581.js\" defer><\/script>\n    <div class=\"hs-form-html\"\n         data-region=\"na2\"\n         data-form-id=\"fe7255d7-918b-44da-9f80-276bf4c624aa\"\n         data-portal-id=\"244422581\"\n         data-emf-id=\"bc58279e2152fcc0266ddf72e2ea236068a79ba7\"><\/div>\n        <\/div>\n<\/div>\n<\/div>\n<\/div>\n<\/div><\/section>\n\n\n\n<section class=\"e-stn e-stn-cb3c1eac89437d591eecb473ea723edc8f4bfe6a e-stn--contact-cards-with-images e-mt-0  e-mt-sm-0 e-pb-100  e-pb-sm-0\"><div class=\"container\">\n<div class=\"wp-block-b3rg-row e-row row\">\n<div class=\"wp-block-b3rg-column e-col e-col-7856919324a048b8482a9e55d30a42136f226290 e-col--content-wrapper  col-sm-12\">\n<div class=\"e-div e-div-15e21cf37f5abaee9ee30f047c1cab775ba69fb9 e-div--content-wrapper\"><div class=\"e-img \">\n<figure class=\"wp-block-image size-large\"><img loading=\"lazy\" decoding=\"async\" width=\"1024\" height=\"536\" src=\"https:\/\/www.beekeeper.io\/wp-content\/uploads\/2024\/11\/others_contact_us_locations_1070x560px_swiss_webp-1024x536.webp\" alt=\"\" class=\"wp-image-24086\" srcset=\"https:\/\/www.beekeeper.io\/wp-content\/uploads\/2024\/11\/others_contact_us_locations_1070x560px_swiss_webp-1024x536.webp 1024w, https:\/\/www.beekeeper.io\/wp-content\/uploads\/2024\/11\/others_contact_us_locations_1070x560px_swiss_webp-300x157.webp 300w, https:\/\/www.beekeeper.io\/wp-content\/uploads\/2024\/11\/others_contact_us_locations_1070x560px_swiss_webp-768x402.webp 768w, https:\/\/www.beekeeper.io\/wp-content\/uploads\/2024\/11\/others_contact_us_locations_1070x560px_swiss_webp-575x301.webp 575w, https:\/\/www.beekeeper.io\/wp-content\/uploads\/2024\/11\/others_contact_us_locations_1070x560px_swiss_webp.webp 1070w\" sizes=\"auto, (max-width: 1024px) 100vw, 1024px\" \/><\/figure>\n<\/div>\n\n\n<div class=\"e-div e-div-50751e3629591ac937c1bcbf09a7521ac9287e46 e-div--bottom-content-wrapper\">\n<h2 class=\"wp-block-heading\">Switzerland<\/h2>\n\n\n\n<p>Beekeeper AG,<br>Herostrasse 12,<br>8048 Z\u00fcrich<\/p>\n\n\n\n<p><strong>Tel<\/strong>:&nbsp;<a href=\"tel:+41 44 271 28 16\">+41 44 271 28 16<\/a><\/p>\n\n\n<div class=\"e-btn e-btn--primary e-btn--lava-link-with-arrow\"><a class=\"e-btn__link\"href=\"https:\/\/maps.app.goo.gl\/uBWYFHqwFaF3FPP5A\" target=\"_blank\">\n<p class=\"title\">Itin\u00e9raire<\/p>\n<\/a><\/div><\/div>\n<\/div>\n\n\n\n<div class=\"e-div e-div-15e21cf37f5abaee9ee30f047c1cab775ba69fb9 e-div--content-wrapper\"><div class=\"e-img \">\n<figure class=\"wp-block-image size-large\"><img loading=\"lazy\" decoding=\"async\" width=\"1024\" height=\"536\" src=\"https:\/\/www.beekeeper.io\/wp-content\/uploads\/2024\/11\/others_contact_us_locations_1070x560px_usa_webp-1024x536.webp\" alt=\"\" class=\"wp-image-24082\" srcset=\"https:\/\/www.beekeeper.io\/wp-content\/uploads\/2024\/11\/others_contact_us_locations_1070x560px_usa_webp-1024x536.webp 1024w, https:\/\/www.beekeeper.io\/wp-content\/uploads\/2024\/11\/others_contact_us_locations_1070x560px_usa_webp-300x157.webp 300w, https:\/\/www.beekeeper.io\/wp-content\/uploads\/2024\/11\/others_contact_us_locations_1070x560px_usa_webp-768x402.webp 768w, https:\/\/www.beekeeper.io\/wp-content\/uploads\/2024\/11\/others_contact_us_locations_1070x560px_usa_webp-575x301.webp 575w, https:\/\/www.beekeeper.io\/wp-content\/uploads\/2024\/11\/others_contact_us_locations_1070x560px_usa_webp.webp 1070w\" sizes=\"auto, (max-width: 1024px) 100vw, 1024px\" \/><\/figure>\n<\/div>\n\n\n<div class=\"e-div e-div-50751e3629591ac937c1bcbf09a7521ac9287e46 e-div--bottom-content-wrapper\">\n<h2 class=\"wp-block-heading\">United States<\/h2>\n\n\n\n<p>Beekeeper USA, Inc.<br>548 Market St, Suite 22188,<br>San Francisco, CA<\/p>\n\n\n\n<p><strong>Tel<\/strong>:&nbsp;<a href=\"tel:1 844-423-3533\">+1 844-423-3533<\/a><\/p>\n\n\n<div class=\"e-btn e-btn--primary e-btn--lava-link-with-arrow\"><a class=\"e-btn__link\"href=\"https:\/\/www.google.com\/maps\/place\/548+Market+St,+San+Francisco,+CA+94104\/@37.7899575,-122.4021019,19z\/data=!3m1!4b1!4m10!1m2!2m1!1s548+Market+St+548+Market+St,+Suite+22188,+San+Francisco,+CA+Beekeeper!3m6!1s0x808581942ecaf9e3:0x163a8f17c7ba01ee!8m2!3d37.7899575!4d-122.4008842!15sCkU1NDggTWFya2V0IFN0IDU0OCBNYXJrZXQgU3QsIFN1aXRlIDIyMTg4LCBTYW4gRnJhbmNpc2NvLCBDQSBCZWVrZWVwZXKSAQpzdWJwcmVtaXNl4AEA!16s%2Fg%2F11t276pg_5?entry=ttu&amp;g_ep=EgoyMDI1MDUwNy4wIKXMDSoJLDEwMjExNDU1SAFQAw%3D%3D\" target=\"_blank\">\n<p class=\"title\">Itin\u00e9raire<\/p>\n<\/a><\/div><\/div>\n<\/div>\n\n\n\n<div class=\"e-div e-div-15e21cf37f5abaee9ee30f047c1cab775ba69fb9 e-div--content-wrapper\"><div class=\"e-img \">\n<figure class=\"wp-block-image size-large\"><img loading=\"lazy\" decoding=\"async\" width=\"1024\" height=\"536\" src=\"https:\/\/www.beekeeper.io\/wp-content\/uploads\/2024\/11\/others_contact_us_locations_1070x560px_germany_webp-1024x536.webp\" alt=\"\" class=\"wp-image-24078\" srcset=\"https:\/\/www.beekeeper.io\/wp-content\/uploads\/2024\/11\/others_contact_us_locations_1070x560px_germany_webp-1024x536.webp 1024w, https:\/\/www.beekeeper.io\/wp-content\/uploads\/2024\/11\/others_contact_us_locations_1070x560px_germany_webp-300x157.webp 300w, https:\/\/www.beekeeper.io\/wp-content\/uploads\/2024\/11\/others_contact_us_locations_1070x560px_germany_webp-768x402.webp 768w, https:\/\/www.beekeeper.io\/wp-content\/uploads\/2024\/11\/others_contact_us_locations_1070x560px_germany_webp-575x301.webp 575w, https:\/\/www.beekeeper.io\/wp-content\/uploads\/2024\/11\/others_contact_us_locations_1070x560px_germany_webp.webp 1070w\" sizes=\"auto, (max-width: 1024px) 100vw, 1024px\" \/><\/figure>\n<\/div>\n\n\n<div class=\"e-div e-div-50751e3629591ac937c1bcbf09a7521ac9287e46 e-div--bottom-content-wrapper\">\n<h2 class=\"wp-block-heading\">Germany<\/h2>\n\n\n\n<p>Beekeeper GmbH,<br>C\/O WeWork, Warschauer Pl. 11-13,<br>10245 Berlin, Germany<\/p>\n\n\n\n<p><strong>Tel<\/strong>:&nbsp;<a href=\"tel:+49 30 80098441\">+49 30 80098441<\/a><\/p>\n\n\n<div class=\"e-btn e-btn--primary e-btn--lava-link-with-arrow\"><a class=\"e-btn__link\"href=\"https:\/\/maps.app.goo.gl\/QHTMucAqduSSJsYb8\" target=\"_blank\">\n<p class=\"title\">Itin\u00e9raire<\/p>\n<\/a><\/div><\/div>\n<\/div>\n\n\n\n<div class=\"e-div e-div-15e21cf37f5abaee9ee30f047c1cab775ba69fb9 e-div--content-wrapper\"><div class=\"e-img \">\n<figure class=\"wp-block-image size-large\"><img loading=\"lazy\" decoding=\"async\" width=\"1024\" height=\"536\" src=\"https:\/\/www.beekeeper.io\/wp-content\/uploads\/2024\/11\/others_contact_us_locations_1070x560px_poland_webp-1024x536.webp\" alt=\"\" class=\"wp-image-24074\" srcset=\"https:\/\/www.beekeeper.io\/wp-content\/uploads\/2024\/11\/others_contact_us_locations_1070x560px_poland_webp-1024x536.webp 1024w, https:\/\/www.beekeeper.io\/wp-content\/uploads\/2024\/11\/others_contact_us_locations_1070x560px_poland_webp-300x157.webp 300w, https:\/\/www.beekeeper.io\/wp-content\/uploads\/2024\/11\/others_contact_us_locations_1070x560px_poland_webp-768x402.webp 768w, https:\/\/www.beekeeper.io\/wp-content\/uploads\/2024\/11\/others_contact_us_locations_1070x560px_poland_webp-575x301.webp 575w, https:\/\/www.beekeeper.io\/wp-content\/uploads\/2024\/11\/others_contact_us_locations_1070x560px_poland_webp.webp 1070w\" sizes=\"auto, (max-width: 1024px) 100vw, 1024px\" \/><\/figure>\n<\/div>\n\n\n<div class=\"e-div e-div-50751e3629591ac937c1bcbf09a7521ac9287e46 e-div--bottom-content-wrapper\">\n<h2 class=\"wp-block-heading\">Poland<\/h2>\n\n\n\n<p>Beekeeper (Poland) Sp. z o.o.,<br>al. 29 Listopada 20<br>31-401 Krak\u00f3w<\/p>\n\n\n\n<p><strong>Tel<\/strong>:&nbsp;<a href=\"tel:+48 12 881 19 49\">+48 12 881 19 49<\/a><\/p>\n\n\n<div class=\"e-btn e-btn--primary e-btn--lava-link-with-arrow\"><a class=\"e-btn__link\"href=\"https:\/\/maps.app.goo.gl\/ReV3DHgt3ZUiwN8G9\" target=\"_blank\">\n<p class=\"title\">Itin\u00e9raire<\/p>\n<\/a><\/div><\/div>\n<\/div>\n<\/div>\n<\/div>\n<\/div><\/section>\n\n\n\n\n\n<section class=\"e-stn e-stn-c956949343d3b435b9339c953e63e9d562ced8af e-stn--logo-slider e-mt-0\"><div class=\"container-fluid\">\n<div class=\"wp-block-b3rg-row e-row row\">\n<div class=\"wp-block-b3rg-column e-col e-col-ace831841ae6ba6894718dbe446538456bed6c8a  col-sm-12\">\n<h2 class=\"wp-block-heading has-text-align-center\">CES ENTREPRISES DE RENOM NOUS FONT CONFIANCE<\/h2>\n\n\n<div class=\"e-lgs e-lgs--dlt\" data-direction='left' data-speed='80'><div class=\"e-lgs__wrap\"><ul class=\"e-lgs__list\" animation-duration=\"80\"\n        logo-count-enable-slider=\"4\"><li><div><img decoding=\"async\" src=\"https:\/\/www.beekeeper.io\/wp-content\/uploads\/2024\/09\/leonardo.svg\" alt=\"\" title=\"\" loading=\"lazy\"><\/div><\/li><li><div><img decoding=\"async\" src=\"https:\/\/www.beekeeper.io\/wp-content\/uploads\/2024\/10\/resort-world.svg\" alt=\"\" title=\"\" loading=\"lazy\"><\/div><\/li><li><div><img decoding=\"async\" src=\"https:\/\/www.beekeeper.io\/wp-content\/uploads\/2024\/11\/Cariobou-Coffee-Grey-1.svg\" alt=\"\" title=\"\" loading=\"lazy\"><\/div><\/li><li><div><img decoding=\"async\" src=\"https:\/\/www.beekeeper.io\/wp-content\/uploads\/2024\/11\/FlaggerForce-Grey.svg\" alt=\"\" title=\"\" loading=\"lazy\"><\/div><\/li><li><div><img decoding=\"async\" src=\"https:\/\/www.beekeeper.io\/wp-content\/uploads\/2024\/11\/Eberhard-Grey.svg\" alt=\"\" title=\"\" loading=\"lazy\"><\/div><\/li><li><div><img decoding=\"async\" src=\"https:\/\/www.beekeeper.io\/wp-content\/uploads\/2024\/11\/HyLife-Grey.svg\" alt=\"\" title=\"\" loading=\"lazy\"><\/div><\/li><li><div><img decoding=\"async\" src=\"https:\/\/www.beekeeper.io\/wp-content\/uploads\/2024\/11\/ABB-Grey.svg\" alt=\"\" title=\"\" loading=\"lazy\"><\/div><\/li><li><div><img decoding=\"async\" src=\"https:\/\/www.beekeeper.io\/wp-content\/uploads\/2024\/11\/spitex_grey_1x.webp\" alt=\"\" title=\"\" loading=\"lazy\"><\/div><\/li><li><div><img decoding=\"async\" src=\"https:\/\/www.beekeeper.io\/wp-content\/uploads\/2024\/11\/Avolta-Grey.svg\" alt=\"\" title=\"\" loading=\"lazy\"><\/div><\/li><li><div><img decoding=\"async\" src=\"https:\/\/www.beekeeper.io\/wp-content\/uploads\/2024\/11\/Royal-Farms-Grey.svg\" alt=\"\" title=\"\" loading=\"lazy\"><\/div><\/li><\/ul><\/div><\/div><\/div>\n<\/div>\n<\/div><\/section>\n\n\n\n\n\n\n","protected":false},"excerpt":{"rendered":"","protected":false},"author":34,"featured_media":24091,"parent":0,"menu_order":0,"comment_status":"closed","ping_status":"closed","template":"","meta":{"_acf_changed":false,"show_custom_date":false,"custom_date":"","featured":false,"featured_image":0,"learn_more_label":"","image_alt_text":"","learn_more_type":"","show_popup":false,"learn_more_link_file":0,"event_date":false,"event_start_date":"","event_end_date":"","place_holder_image_url":"","post_reading_time":"2","notification_enabled":false,"notification_text":"","notification_logo":"","notification_expiration_time":0,"is_enable_transparent_header":false,"hide_from_list_view":false,"selected_taxonomy_terms":{"translation_priority":[80]},"selected_primary_terms":[],"learn_more_link":[],"featured_page_list":[],"notification_enabled_post_list":[],"_relevanssi_hide_post":"","_relevanssi_hide_content":"","_relevanssi_pin_for_all":"","_relevanssi_pin_keywords":"","_relevanssi_unpin_keywords":"","_relevanssi_related_keywords":"","_relevanssi_related_include_ids":"","_relevanssi_related_exclude_ids":"","_relevanssi_related_no_append":"","_relevanssi_related_not_related":"","_relevanssi_related_posts":"","_relevanssi_noindex_reason":"","inline_featured_image":false,"footnotes":""},"class_list":["post-38358","page","type-page","status-publish","has-post-thumbnail","hentry"],"acf":[],"yoast_head":"<!-- This site is optimized with the Yoast SEO plugin v27.2 - https:\/\/yoast.com\/product\/yoast-seo-wordpress\/ -->\n<title>Contactez-nous - Beekeeper<\/title>\n<meta name=\"robots\" content=\"index, follow, max-snippet:-1, max-image-preview:large, max-video-preview:-1\" \/>\n<link rel=\"canonical\" href=\"https:\/\/www.beekeeper.io\/fr\/contactez-nous\/\" \/>\n<meta property=\"og:locale\" content=\"fr_FR\" \/>\n<meta property=\"og:type\" content=\"article\" \/>\n<meta property=\"og:title\" content=\"Contactez-nous - Beekeeper\" \/>\n<meta property=\"og:url\" content=\"https:\/\/www.beekeeper.io\/fr\/contactez-nous\/\" \/>\n<meta property=\"og:site_name\" content=\"Beekeeper\" \/>\n<meta property=\"article:publisher\" content=\"https:\/\/www.facebook.com\/BeekeeperSocial\/\" \/>\n<meta property=\"article:modified_time\" content=\"2026-02-26T04:46:28+00:00\" \/>\n<meta property=\"og:image\" content=\"https:\/\/www.beekeeper.io\/wp-content\/uploads\/2024\/11\/2024_website_resourcethumbnail_1200x628px_contactus_1_1x.webp\" \/>\n\t<meta property=\"og:image:width\" content=\"1200\" \/>\n\t<meta property=\"og:image:height\" content=\"628\" \/>\n\t<meta property=\"og:image:type\" content=\"image\/webp\" \/>\n<meta name=\"twitter:card\" content=\"summary_large_image\" \/>\n<meta name=\"twitter:site\" content=\"@beekeepersocial\" \/>\n<meta name=\"twitter:label1\" content=\"Dur\u00e9e de lecture estim\u00e9e\" \/>\n\t<meta name=\"twitter:data1\" content=\"6 minutes\" \/>\n<script type=\"application\/ld+json\" class=\"yoast-schema-graph\">{\"@context\":\"https:\/\/schema.org\",\"@graph\":[{\"@type\":\"WebPage\",\"@id\":\"https:\/\/www.beekeeper.io\/fr\/contactez-nous\/\",\"url\":\"https:\/\/www.beekeeper.io\/fr\/contactez-nous\/\",\"name\":\"Contactez-nous - Beekeeper\",\"isPartOf\":{\"@id\":\"https:\/\/www.beekeeper.io\/fr\/#website\"},\"primaryImageOfPage\":{\"@id\":\"https:\/\/www.beekeeper.io\/fr\/contactez-nous\/#primaryimage\"},\"image\":{\"@id\":\"https:\/\/www.beekeeper.io\/fr\/contactez-nous\/#primaryimage\"},\"thumbnailUrl\":\"https:\/\/www.beekeeper.io\/wp-content\/uploads\/2024\/11\/2024_website_resourcethumbnail_1200x628px_contactus_1_1x.webp\",\"datePublished\":\"2024-09-12T07:07:03+00:00\",\"dateModified\":\"2026-02-26T04:46:28+00:00\",\"breadcrumb\":{\"@id\":\"https:\/\/www.beekeeper.io\/fr\/contactez-nous\/#breadcrumb\"},\"inLanguage\":\"fr-FR\",\"potentialAction\":[{\"@type\":\"ReadAction\",\"target\":[\"https:\/\/www.beekeeper.io\/fr\/contactez-nous\/\"]}]},{\"@type\":\"ImageObject\",\"inLanguage\":\"fr-FR\",\"@id\":\"https:\/\/www.beekeeper.io\/fr\/contactez-nous\/#primaryimage\",\"url\":\"https:\/\/www.beekeeper.io\/wp-content\/uploads\/2024\/11\/2024_website_resourcethumbnail_1200x628px_contactus_1_1x.webp\",\"contentUrl\":\"https:\/\/www.beekeeper.io\/wp-content\/uploads\/2024\/11\/2024_website_resourcethumbnail_1200x628px_contactus_1_1x.webp\",\"width\":1200,\"height\":628},{\"@type\":\"BreadcrumbList\",\"@id\":\"https:\/\/www.beekeeper.io\/fr\/contactez-nous\/#breadcrumb\",\"itemListElement\":[{\"@type\":\"ListItem\",\"position\":1,\"name\":\"Home\",\"item\":\"https:\/\/www.beekeeper.io\/fr\/\"},{\"@type\":\"ListItem\",\"position\":2,\"name\":\"Contactez-nous\"}]},{\"@type\":\"WebSite\",\"@id\":\"https:\/\/www.beekeeper.io\/fr\/#website\",\"url\":\"https:\/\/www.beekeeper.io\/fr\/\",\"name\":\"Beekeeper\",\"description\":\"Frontline Success Platform\",\"publisher\":{\"@id\":\"https:\/\/www.beekeeper.io\/fr\/#organization\"},\"potentialAction\":[{\"@type\":\"SearchAction\",\"target\":{\"@type\":\"EntryPoint\",\"urlTemplate\":\"https:\/\/www.beekeeper.io\/fr\/?s={search_term_string}\"},\"query-input\":{\"@type\":\"PropertyValueSpecification\",\"valueRequired\":true,\"valueName\":\"search_term_string\"}}],\"inLanguage\":\"fr-FR\"},{\"@type\":\"Organization\",\"@id\":\"https:\/\/www.beekeeper.io\/fr\/#organization\",\"name\":\"Beekeeper\",\"url\":\"https:\/\/www.beekeeper.io\/fr\/\",\"logo\":{\"@type\":\"ImageObject\",\"inLanguage\":\"fr-FR\",\"@id\":\"https:\/\/www.beekeeper.io\/fr\/#\/schema\/logo\/image\/\",\"url\":\"https:\/\/www.beekeeper.io\/wp-content\/uploads\/2024\/11\/Logo-Beekeeper-Outline-lava.svg\",\"contentUrl\":\"https:\/\/www.beekeeper.io\/wp-content\/uploads\/2024\/11\/Logo-Beekeeper-Outline-lava.svg\",\"caption\":\"Beekeeper\"},\"image\":{\"@id\":\"https:\/\/www.beekeeper.io\/fr\/#\/schema\/logo\/image\/\"},\"sameAs\":[\"https:\/\/www.facebook.com\/BeekeeperSocial\/\",\"https:\/\/x.com\/beekeepersocial\",\"https:\/\/www.linkedin.com\/company\/beekeeper\/\",\"https:\/\/www.youtube.com\/beekeepersocial\",\"https:\/\/www.g2.com\/products\/beekeeper\/reviews\"]}]}<\/script>\n<!-- \/ Yoast SEO plugin. -->","yoast_head_json":{"title":"Contactez-nous - Beekeeper","robots":{"index":"index","follow":"follow","max-snippet":"max-snippet:-1","max-image-preview":"max-image-preview:large","max-video-preview":"max-video-preview:-1"},"canonical":"https:\/\/www.beekeeper.io\/fr\/contactez-nous\/","og_locale":"fr_FR","og_type":"article","og_title":"Contactez-nous - Beekeeper","og_url":"https:\/\/www.beekeeper.io\/fr\/contactez-nous\/","og_site_name":"Beekeeper","article_publisher":"https:\/\/www.facebook.com\/BeekeeperSocial\/","article_modified_time":"2026-02-26T04:46:28+00:00","og_image":[{"width":1200,"height":628,"url":"https:\/\/www.beekeeper.io\/wp-content\/uploads\/2024\/11\/2024_website_resourcethumbnail_1200x628px_contactus_1_1x.webp","type":"image\/webp"}],"twitter_card":"summary_large_image","twitter_site":"@beekeepersocial","twitter_misc":{"Dur\u00e9e de lecture estim\u00e9e":"6 minutes"},"schema":{"@context":"https:\/\/schema.org","@graph":[{"@type":"WebPage","@id":"https:\/\/www.beekeeper.io\/fr\/contactez-nous\/","url":"https:\/\/www.beekeeper.io\/fr\/contactez-nous\/","name":"Contactez-nous - Beekeeper","isPartOf":{"@id":"https:\/\/www.beekeeper.io\/fr\/#website"},"primaryImageOfPage":{"@id":"https:\/\/www.beekeeper.io\/fr\/contactez-nous\/#primaryimage"},"image":{"@id":"https:\/\/www.beekeeper.io\/fr\/contactez-nous\/#primaryimage"},"thumbnailUrl":"https:\/\/www.beekeeper.io\/wp-content\/uploads\/2024\/11\/2024_website_resourcethumbnail_1200x628px_contactus_1_1x.webp","datePublished":"2024-09-12T07:07:03+00:00","dateModified":"2026-02-26T04:46:28+00:00","breadcrumb":{"@id":"https:\/\/www.beekeeper.io\/fr\/contactez-nous\/#breadcrumb"},"inLanguage":"fr-FR","potentialAction":[{"@type":"ReadAction","target":["https:\/\/www.beekeeper.io\/fr\/contactez-nous\/"]}]},{"@type":"ImageObject","inLanguage":"fr-FR","@id":"https:\/\/www.beekeeper.io\/fr\/contactez-nous\/#primaryimage","url":"https:\/\/www.beekeeper.io\/wp-content\/uploads\/2024\/11\/2024_website_resourcethumbnail_1200x628px_contactus_1_1x.webp","contentUrl":"https:\/\/www.beekeeper.io\/wp-content\/uploads\/2024\/11\/2024_website_resourcethumbnail_1200x628px_contactus_1_1x.webp","width":1200,"height":628},{"@type":"BreadcrumbList","@id":"https:\/\/www.beekeeper.io\/fr\/contactez-nous\/#breadcrumb","itemListElement":[{"@type":"ListItem","position":1,"name":"Home","item":"https:\/\/www.beekeeper.io\/fr\/"},{"@type":"ListItem","position":2,"name":"Contactez-nous"}]},{"@type":"WebSite","@id":"https:\/\/www.beekeeper.io\/fr\/#website","url":"https:\/\/www.beekeeper.io\/fr\/","name":"Beekeeper","description":"Frontline Success Platform","publisher":{"@id":"https:\/\/www.beekeeper.io\/fr\/#organization"},"potentialAction":[{"@type":"SearchAction","target":{"@type":"EntryPoint","urlTemplate":"https:\/\/www.beekeeper.io\/fr\/?s={search_term_string}"},"query-input":{"@type":"PropertyValueSpecification","valueRequired":true,"valueName":"search_term_string"}}],"inLanguage":"fr-FR"},{"@type":"Organization","@id":"https:\/\/www.beekeeper.io\/fr\/#organization","name":"Beekeeper","url":"https:\/\/www.beekeeper.io\/fr\/","logo":{"@type":"ImageObject","inLanguage":"fr-FR","@id":"https:\/\/www.beekeeper.io\/fr\/#\/schema\/logo\/image\/","url":"https:\/\/www.beekeeper.io\/wp-content\/uploads\/2024\/11\/Logo-Beekeeper-Outline-lava.svg","contentUrl":"https:\/\/www.beekeeper.io\/wp-content\/uploads\/2024\/11\/Logo-Beekeeper-Outline-lava.svg","caption":"Beekeeper"},"image":{"@id":"https:\/\/www.beekeeper.io\/fr\/#\/schema\/logo\/image\/"},"sameAs":["https:\/\/www.facebook.com\/BeekeeperSocial\/","https:\/\/x.com\/beekeepersocial","https:\/\/www.linkedin.com\/company\/beekeeper\/","https:\/\/www.youtube.com\/beekeepersocial","https:\/\/www.g2.com\/products\/beekeeper\/reviews"]}]}},"_links":{"self":[{"href":"https:\/\/www.beekeeper.io\/fr\/wp-json\/wp\/v2\/pages\/38358","targetHints":{"allow":["GET"]}}],"collection":[{"href":"https:\/\/www.beekeeper.io\/fr\/wp-json\/wp\/v2\/pages"}],"about":[{"href":"https:\/\/www.beekeeper.io\/fr\/wp-json\/wp\/v2\/types\/page"}],"author":[{"embeddable":true,"href":"https:\/\/www.beekeeper.io\/fr\/wp-json\/wp\/v2\/users\/34"}],"replies":[{"embeddable":true,"href":"https:\/\/www.beekeeper.io\/fr\/wp-json\/wp\/v2\/comments?post=38358"}],"version-history":[{"count":0,"href":"https:\/\/www.beekeeper.io\/fr\/wp-json\/wp\/v2\/pages\/38358\/revisions"}],"wp:featuredmedia":[{"embeddable":true,"href":"https:\/\/www.beekeeper.io\/fr\/wp-json\/wp\/v2\/media\/24091"}],"wp:attachment":[{"href":"https:\/\/www.beekeeper.io\/fr\/wp-json\/wp\/v2\/media?parent=38358"}],"curies":[{"name":"wp","href":"https:\/\/api.w.org\/{rel}","templated":true}]}}