{"id":38066,"date":"2024-09-12T02:06:15","date_gmt":"2024-09-12T07:06:15","guid":{"rendered":"https:\/\/www.beekeeper.io\/%e0%b7%83%e0%b7%92%e0%b6%af%e0%b7%94%e0%b7%80%e0%b7%93%e0%b6%b8%e0%b7%8a\/"},"modified":"2025-10-15T16:38:44","modified_gmt":"2025-10-15T21:38:44","slug":"events","status":"publish","type":"page","link":"https:\/\/www.beekeeper.io\/fr\/evenements\/","title":{"rendered":"\u00c9v\u00e9nements"},"content":{"rendered":"\n<section class=\"e-stn e-stn-9d7c80158aef5afc34d18c88222e7e5ba0210b55 e-stn--common-banner e-pt-80  e-pt-sm-60 e-pb-20  e-pb-sm-20\"><div class=\"container\">\n<div class=\"wp-block-b3rg-row e-row row\">\n<div class=\"wp-block-b3rg-column e-col e-col-ace831841ae6ba6894718dbe446538456bed6c8a  col-sm-12\"><div class=\"e-img e-img--background-pattern\">\n<figure class=\"wp-block-image size-large\"><img decoding=\"async\" src=\"https:\/\/www.beekeeper.io\/wp-content\/uploads\/2024\/10\/common-banner-pattern.svg\" alt=\"\" class=\"wp-image-3664\"\/><\/figure>\n<\/div>\n\n\n<h1 class=\"wp-block-heading has-lava-color has-text-color has-link-color wp-elements-fe2efc1c4c7fc325d6c2a4d458bc163a\">\u00c9v\u00e9nements<\/h1>\n\n\n\n<p class=\"has-lava-color has-text-color has-link-color wp-elements-02905a1271fc0fbaa712f26f1626550c\">Faites connaissance avec l&rsquo;\u00e9quipe Beekeeper lors de l&rsquo;un de nos futurs salons ou conf\u00e9rences. Au plaisir de vous rencontrer !<\/p>\n<\/div>\n<\/div>\n<\/div><\/section>\n\n\n\n<section class=\"e-stn e-stn-16a77b7c13e45522bbe6c15aaa714f755d9c5985 e-stn--events-featured e-mt-0\"><div class=\"container\">\n<div class=\"wp-block-b3rg-row e-row row\">\n<div class=\"wp-block-b3rg-column e-col e-col-ace831841ae6ba6894718dbe446538456bed6c8a  col-sm-12\"><div class=\"facetwp-template-static\" data-name=\"featured_event_posts\"><div class=\"b3rg-posts__not-found col-sm-12 text-center\">\n                <span><\/span>\n            <\/div><\/div>\n<\/div>\n<\/div>\n<\/div><\/section>\n\n\n\n<section class=\"e-stn e-stn-d9680b0ac2a2d5cea1fd6e25b3d4f26c7405699a e-stn--common-general-post e-stn--upcoming-events-general-posts e-stn--tabs-search-filter e-mt-0 e-pt-30  e-pt-sm-20 e-pb-10  e-pb-sm-10\"><div class=\"container\">\n<div class=\"wp-block-b3rg-row e-row row e-row--tabs-search-filter-dropdowns\">\n<div class=\"wp-block-b3rg-column e-col e-col-53fd20714a8c311502f39f64cb50d5f418ed66a9  col-sm-12 col-lg-4\"><div class=\"facetwp-facet facetwp-facet-search facetwp-type-search\" data-name=\"search\" data-type=\"search\"><\/div>\n<\/div>\n\n\n\n<div class=\"wp-block-b3rg-column e-col e-col-53fd20714a8c311502f39f64cb50d5f418ed66a9  col-sm-12 col-lg-4\"><div class=\"facetwp-facet facetwp-facet-event_types facetwp-type-fselect\" data-name=\"event_types\" data-type=\"fselect\"><\/div>\n<\/div>\n\n\n\n<div class=\"wp-block-b3rg-column e-col e-col-53fd20714a8c311502f39f64cb50d5f418ed66a9  col-sm-12 col-lg-4\"><div class=\"facetwp-facet facetwp-facet-event_locations facetwp-type-fselect\" data-name=\"event_locations\" data-type=\"fselect\"><\/div>\n<\/div>\n<\/div>\n\n\n\n<div class=\"wp-block-b3rg-row e-row row\">\n<div class=\"wp-block-b3rg-column e-col e-col-ace831841ae6ba6894718dbe446538456bed6c8a  col-sm-12\"><div class=\"facetwp-selections\"><\/div>\n\n\n<div class=\"facetwp-facet facetwp-facet-clear_all facetwp-type-reset\" data-name=\"clear_all\" data-type=\"reset\"><\/div>\n<\/div>\n<\/div>\n\n\n\n<div class=\"wp-block-b3rg-row e-row row\">\n<div class=\"wp-block-b3rg-column e-col e-col-ace831841ae6ba6894718dbe446538456bed6c8a  col-sm-12\">\n<h2 class=\"wp-block-heading has-lava-color has-text-color has-link-color wp-elements-f029254ef7cbd725519fbca6aeb4c821\">\u00c9v\u00e8nements \u00e0 venir<\/h2>\n<\/div>\n<\/div>\n\n\n\n<div class=\"wp-block-b3rg-row e-row row\">\n<div class=\"wp-block-b3rg-column e-col e-col-d50ac7484f1e89a4ad52d5c1bd9140304445b1a0 e-col--general-posts-wrapper  col-sm-12\"><div class=\"facetwp-template\" data-name=\"upcoming_event_posts\"><div class=\"b3rg-posts__not-found col-sm-12 text-center\">\n                <span>No upcoming events at the moment. Stay tuned for updates!<\/span>\n            <\/div><div class=\"b3rg-posts \">\n                    <div class=\"wp-block-b3rg-row e-row row\"><\/div>\n                <\/div><\/div>\n<\/div>\n<\/div>\n<\/div><\/section>\n\n\n\n\n\n<section class=\"e-stn e-stn-adabf6fd717169be4bc12f149a3f29bec50c607a e-stn--past-events-general-posts e-mt-0\"><div class=\"container\">\n<div class=\"wp-block-b3rg-row e-row row\">\n<div class=\"wp-block-b3rg-column e-col e-col-ace831841ae6ba6894718dbe446538456bed6c8a  col-sm-12\">\n<h2 class=\"wp-block-heading has-lava-color has-text-color has-link-color wp-elements-bbc7596399c91238dabce2e5db6c108a\">\u00c9v\u00e8nements pass\u00e9s<\/h2>\n<\/div>\n<\/div>\n\n\n\n<div class=\"wp-block-b3rg-row e-row row\">\n<div class=\"wp-block-b3rg-column e-col e-col-d50ac7484f1e89a4ad52d5c1bd9140304445b1a0 e-col--general-posts-wrapper  col-sm-12\"><div class=\"e-pst e-pst--dlt\">\n<div class=\"e-pst  e-pst__post-grid row\" data-id='MzY1OTA=' data-instance='past_events' data-query='{\"perPage\":\"6\",\"pages\":0,\"offset\":0,\"postType\":\"events\",\"order\":\"desc\",\"orderBy\":\"event_end_date\",\"author\":\"\",\"search\":\"\",\"exclude\":[],\"sticky\":\"\",\"inherit\":true,\"taxQuery\":null,\"parents\":[]}'><div class=\"wp-block-post col-md-4 post-40885 events type-events status-publish has-post-thumbnail hentry\">\n        <div class=\"e-pst e-pst__post\">\n            <div class=\"e-pst e-pst__inner \"><a class=\"b3rg-post__trigger\" href='https:\/\/www.beekeeper.io\/fr\/events\/am-rh-salon-lausanne-2025\/' target='_self'>\n\n<div class=\"e-div e-div-d394089c5139292c66cf3043b8a001d8c0d22a2e e-pst__media\"><figure class=\"wp-block-post-featured-image\"><img loading=\"lazy\" decoding=\"async\" width=\"2400\" height=\"1256\" src=\"https:\/\/www.beekeeper.io\/wp-content\/uploads\/2025\/08\/Salonhr.webp\" class=\"attachment-post-thumbnail size-post-thumbnail wp-post-image\" alt=\"\" style=\"object-fit:cover;\" srcset=\"https:\/\/www.beekeeper.io\/wp-content\/uploads\/2025\/08\/Salonhr.webp 2400w, https:\/\/www.beekeeper.io\/wp-content\/uploads\/2025\/08\/Salonhr-300x157.webp 300w, https:\/\/www.beekeeper.io\/wp-content\/uploads\/2025\/08\/Salonhr-1024x536.webp 1024w, https:\/\/www.beekeeper.io\/wp-content\/uploads\/2025\/08\/Salonhr-768x402.webp 768w, https:\/\/www.beekeeper.io\/wp-content\/uploads\/2025\/08\/Salonhr-1536x804.webp 1536w, https:\/\/www.beekeeper.io\/wp-content\/uploads\/2025\/08\/Salonhr-2048x1072.webp 2048w, https:\/\/www.beekeeper.io\/wp-content\/uploads\/2025\/08\/Salonhr-575x301.webp 575w\" sizes=\"auto, (max-width: 2400px) 100vw, 2400px\" \/><\/figure><\/div>\n\n\n\n<div class=\"e-div e-div-4a0e90be45c72c2ccbab6615aeeeffabe18c7069 e-pst__content\"><div class=\"e-mtf e-mtf--dlt  e-mtf--event-start-end\">Oct 2, 2025<\/div>\n\n<h3 class=\"wp-block-post-title\">Beekeeper am RH Salon Lausanne 2025<\/h3>\n\n<div class=\"e-mtf e-mtf--dlt  e-mtf--learn-more-label\"><a class=\"btn learn-more-text b3rg-post__learn-more--link\" href='https:\/\/www.beekeeper.io\/fr\/events\/am-rh-salon-lausanne-2025\/' target='_self'>Inscrivez-vous gratuitement<\/a><\/div><\/div>\n\n<\/a><\/div>\n        <\/div>\n    <\/div><div class=\"wp-block-post col-md-4 post-36590 events type-events status-publish has-post-thumbnail hentry\">\n        <div class=\"e-pst e-pst__post\">\n            <div class=\"e-pst e-pst__inner \"><a class=\"b3rg-post__trigger\" href='https:\/\/www.beekeeper.io\/fr\/events\/fsw-lausanne\/' target='_self'>\n\n<div class=\"e-div e-div-d394089c5139292c66cf3043b8a001d8c0d22a2e e-pst__media\"><figure class=\"wp-block-post-featured-image\"><img loading=\"lazy\" decoding=\"async\" width=\"1200\" height=\"628\" src=\"https:\/\/www.beekeeper.io\/wp-content\/uploads\/2025\/04\/2025_frontline_success_workshops_dach_location_lausanne_resource_image_1200_x_628px_mint_1x.webp\" class=\"attachment-post-thumbnail size-post-thumbnail wp-post-image\" alt=\"\" style=\"object-fit:cover;\" srcset=\"https:\/\/www.beekeeper.io\/wp-content\/uploads\/2025\/04\/2025_frontline_success_workshops_dach_location_lausanne_resource_image_1200_x_628px_mint_1x.webp 1200w, https:\/\/www.beekeeper.io\/wp-content\/uploads\/2025\/04\/2025_frontline_success_workshops_dach_location_lausanne_resource_image_1200_x_628px_mint_1x-300x157.webp 300w, https:\/\/www.beekeeper.io\/wp-content\/uploads\/2025\/04\/2025_frontline_success_workshops_dach_location_lausanne_resource_image_1200_x_628px_mint_1x-1024x536.webp 1024w, https:\/\/www.beekeeper.io\/wp-content\/uploads\/2025\/04\/2025_frontline_success_workshops_dach_location_lausanne_resource_image_1200_x_628px_mint_1x-768x402.webp 768w, https:\/\/www.beekeeper.io\/wp-content\/uploads\/2025\/04\/2025_frontline_success_workshops_dach_location_lausanne_resource_image_1200_x_628px_mint_1x-575x301.webp 575w\" sizes=\"auto, (max-width: 1200px) 100vw, 1200px\" \/><\/figure><\/div>\n\n\n\n<div class=\"e-div e-div-4a0e90be45c72c2ccbab6615aeeeffabe18c7069 e-pst__content\"><div class=\"e-mtf e-mtf--dlt  e-mtf--event-start-end\">Sep 3, 2025<\/div>\n\n<h3 class=\"wp-block-post-title\">Frontline Success Workshop | Lausanne<\/h3>\n\n<div class=\"e-mtf e-mtf--dlt  e-mtf--learn-more-label\"><a class=\"btn learn-more-text b3rg-post__learn-more--link\" href='https:\/\/www.beekeeper.io\/fr\/events\/fsw-lausanne\/' target='_self'>Inscrivez-vous gratuitement<\/a><\/div><\/div>\n\n<\/a><\/div>\n        <\/div>\n    <\/div><\/div>\n<\/div><\/div>\n<\/div>\n<\/div><\/section>\n\n\n\n<p><\/p>\n\n\n\n<section class=\"e-stn e-stn-e56ddc002818fea76576976f83d7554e3a47504d e-stn--explore-more-cards e-mt-0 e-pb-90  e-pb-sm-30\"><div class=\"container\">\n<div class=\"wp-block-b3rg-row e-row row\">\n<div class=\"wp-block-b3rg-column e-col e-col-93ec33bce06919f83b48bbc5cb3bb41ab933d15c  col-sm-12 col-md-12 col-lg-3 col-xl-3\">\n<h2 class=\"wp-block-heading\">D\u00e9couvrir plus<\/h2>\n<\/div>\n\n\n\n<div class=\"wp-block-b3rg-column e-col e-col-bb5767eba9ea144bf9fb1ae63bd93ec56a102ab6  col-sm-12 col-md-4 col-lg-3\"><div class=\"e-crd e-crd--dlt\"><a href=\"https:\/\/www.beekeeper.io\/newsroom\/in-the-news\/\" target=\"_self\">\n<div class=\"wp-block-b3rg-icon-block e-icn e-img--dlt\" style=\"width:50px\"><img decoding=\"async\" src=\"https:\/\/www.beekeeper.io\/wp-content\/uploads\/2024\/11\/news.webp\" alt=\"\"\/><\/div>\n\n<h3 class=\"wp-block-heading\">Actualit\u00e9s<\/h3>\n\n<p>D\u00e9couvrez comment Beekeeper connecte le personnel de terrain du monde entier \u00e0 travers nos communiqu\u00e9s de presse et articles.<\/p>\n<div class=\"e-btn e-btn--primary\">\n<p class=\"title\">En savoir plus<\/p>\n<\/div><\/a><\/div><\/div>\n\n\n\n<div class=\"wp-block-b3rg-column e-col e-col-bb5767eba9ea144bf9fb1ae63bd93ec56a102ab6  col-sm-12 col-md-4 col-lg-3\"><div class=\"e-crd e-crd--dlt\"><a href=\"https:\/\/www.beekeeper.io\/resources\/\" target=\"_self\">\n<div class=\"wp-block-b3rg-icon-block e-icn e-img--dlt\" style=\"width:50px\"><img decoding=\"async\" src=\"https:\/\/www.beekeeper.io\/wp-content\/uploads\/2024\/11\/white_paper_inner.webp\" alt=\"\"\/><\/div>\n\n<h3 class=\"wp-block-heading\">Ressources<\/h3>\n\n<p>Guides pratiques, documents-types, t\u00e9moignages\u2026 D\u00e9couvrez les ressources con\u00e7ues pour vous accompagner \u00e0 chaque \u00e9tape de votre parcours de r\u00e9ussite terrain.<\/p>\n<div class=\"e-btn e-btn--primary\">\n<p class=\"title\">En savoir plus<\/p>\n<\/div><\/a><\/div><\/div>\n\n\n\n<div class=\"wp-block-b3rg-column e-col e-col-bb5767eba9ea144bf9fb1ae63bd93ec56a102ab6  col-sm-12 col-md-4 col-lg-3\"><div class=\"e-crd e-crd--dlt\"><a href=\"https:\/\/www.beekeeper.io\/about-beekeeper\/\" target=\"_self\">\n<div class=\"wp-block-b3rg-icon-block e-icn e-img--dlt\" style=\"width:50px\"><img decoding=\"async\" src=\"https:\/\/www.beekeeper.io\/wp-content\/uploads\/2024\/11\/about_us.webp\" alt=\"\"\/><\/div>\n\n<h3 class=\"wp-block-heading\">\u00c0 propos<\/h3>\n\n<p>D\u00e9couvrez qui se cache derri\u00e8re Beekeeper et apprenez-en plus sur la mission qui nous anime.<\/p>\n<div class=\"e-btn e-btn--primary\">\n<p class=\"title\">En savoir plus<\/p>\n<\/div><\/a><\/div><\/div>\n<\/div>\n<\/div><\/section>\n\n\n\n<section class=\"e-stn e-stn-822cc78509230f4392fbdfa5a84517f69aa1478e e-stn--background-svg-animation e-stn--bottom-cta e-mt-0\"><style>@media only screen and (max-width: 9999px) {\n\t\t\t\t\t\t.e-stn.e-stn-822cc78509230f4392fbdfa5a84517f69aa1478e {\n\t\t\t\t\t\t\tbackground-image: linear-gradient(75deg, #ff9900 0%, #ed11be 100%);\n\t\t\t\t\t\t}\n\t\t\t\t\t}@media only screen and (max-width: 1200px) {\n\t\t\t\t\t\t.e-stn.e-stn-822cc78509230f4392fbdfa5a84517f69aa1478e {\n\t\t\t\t\t\t\tbackground-image: linear-gradient(180deg, #ff9900 0%, #ed11be 100%);\n\t\t\t\t\t\t}\n\t\t\t\t\t}@media only screen and (max-width: 576px) {\n\t\t\t\t\t\t.e-stn.e-stn-822cc78509230f4392fbdfa5a84517f69aa1478e {\n\t\t\t\t\t\t\tbackground-image: linear-gradient(180deg, #ff9900 0%, #ed11be 100%);\n\t\t\t\t\t\t}\n\t\t\t\t\t}<\/style><div class=\"container\">\n<div class=\"wp-block-b3rg-row e-row row e-row--top-content\">\n<div class=\"wp-block-b3rg-column e-col e-col-c808b93aa10afa31e0e9956450ae52620e329043 e-col--position-static e-col--left-svg-wrapper  col-sm-12 col-lg-6\"><div class=\"e-svg e-svg--dlt e-svg--background-animation\"><object data=\"https:\/\/www.beekeeper.io\/wp-content\/uploads\/2024\/09\/Bg-B-Small_Left.svg\" type=\"image\/svg+xml\"><\/object><\/div><\/div>\n\n\n\n<div class=\"wp-block-b3rg-column e-col e-col-f4bade0ecb5568f797203ff3445717af045e8f6d e-col--position-static e-col--right-svg-wrapper  col-sm-12 col-lg-6\"><div class=\"e-svg e-svg--dlt e-svg--background-animation\"><object data=\"https:\/\/www.beekeeper.io\/wp-content\/uploads\/2024\/09\/Bg-B-Small-new.svg\" type=\"image\/svg+xml\"><\/object><\/div><\/div>\n<\/div>\n\n\n\n<div class=\"wp-block-b3rg-row e-row row justify-content-center\">\n<div class=\"wp-block-b3rg-column e-col e-col-4c3325aa9fa3d4368923ad2492d3c868467f08e4 e-col--content-wrapper  col-sm-12 col-md-10\">\n<h2 class=\"wp-block-heading has-text-align-center has-pure-white-color has-text-color has-link-color wp-elements-4825e508d58470807cb05f219920090b\">Pr\u00eats \u00e0 vous lancer avec Beekeeper?<\/h2>\n\n\n\n<p class=\"has-text-align-center has-pure-white-color has-text-color has-link-color wp-elements-f07d3145c3eb2ee4164e9ac895d01934\">Rejoignez plus de 1 200 entreprises qui ont choisi Beekeeper pour transformer le travail de terrain en rendant chaque t\u00e2che plus facile et chaque \u00e9quipe plus forte.<\/p>\n\n\n\n<div class=\"e-div e-div-bcc4a6d40215147b3a8eb045a2f3399e3e0bc2f4 e-div--button-wrapper d-flex flex-column flex-lg-row\">\n\n<div class=\"e-btn e-btn--lava-fill\"><a class=\"e-btn__link\"href=\"https:\/\/www.beekeeper.io\/fr\/convenir-dune-demo\/\" target=\"_self\">\n<p class=\"title\">Planifier une d\u00e9mo<\/p>\n<\/a><\/div><\/div>\n<\/div>\n<\/div>\n\n\n\n<div class=\"wp-block-b3rg-row e-row row\">\n<div class=\"wp-block-b3rg-column e-col e-col-ed55a7daf39f4fd1c554ecce6c5bd368ec25e249 e-col--position-static e-col--bottom-mask-wrapper  col-sm-12\"><div class=\"e-img \">\n<figure class=\"wp-block-image size-large\"><img decoding=\"async\" src=\"https:\/\/www.beekeeper.io\/wp-content\/uploads\/2024\/09\/pink-pattern.svg\" alt=\"\" class=\"wp-image-1811\"\/><\/figure>\n<\/div><\/div>\n<\/div>\n<\/div><\/section>\n","protected":false},"excerpt":{"rendered":"","protected":false},"author":1,"featured_media":32729,"parent":0,"menu_order":0,"comment_status":"closed","ping_status":"closed","template":"","meta":{"_acf_changed":false,"show_custom_date":false,"custom_date":"","featured":false,"featured_image":0,"learn_more_label":"","image_alt_text":"","learn_more_type":"","show_popup":false,"learn_more_link_file":0,"event_date":false,"event_start_date":"","event_end_date":"","place_holder_image_url":"","post_reading_time":"< 1","notification_enabled":false,"notification_text":"","notification_logo":"","notification_expiration_time":0,"is_enable_transparent_header":false,"hide_from_list_view":false,"selected_taxonomy_terms":{"translation_priority":[80]},"selected_primary_terms":[],"learn_more_link":[],"featured_page_list":[],"notification_enabled_post_list":[],"_relevanssi_hide_post":"","_relevanssi_hide_content":"","_relevanssi_pin_for_all":"","_relevanssi_pin_keywords":"","_relevanssi_unpin_keywords":"","_relevanssi_related_keywords":"","_relevanssi_related_include_ids":"","_relevanssi_related_exclude_ids":"","_relevanssi_related_no_append":"","_relevanssi_related_not_related":"","_relevanssi_related_posts":"","_relevanssi_noindex_reason":"","inline_featured_image":false,"footnotes":""},"class_list":["post-38066","page","type-page","status-publish","has-post-thumbnail","hentry"],"acf":[],"yoast_head":"<!-- This site is optimized with the Yoast SEO plugin v27.2 - https:\/\/yoast.com\/product\/yoast-seo-wordpress\/ -->\n<title>\u00c9v\u00e9nements - Beekeeper<\/title>\n<meta name=\"robots\" content=\"index, follow, max-snippet:-1, max-image-preview:large, max-video-preview:-1\" \/>\n<link rel=\"canonical\" href=\"https:\/\/www.beekeeper.io\/fr\/evenements\/\" \/>\n<meta property=\"og:locale\" content=\"fr_FR\" \/>\n<meta property=\"og:type\" content=\"article\" \/>\n<meta property=\"og:title\" content=\"Beekeeper events\" \/>\n<meta property=\"og:description\" content=\"Connect with the Beekeeper team at one of these upcoming trade shows or conferences. We can\u2019t wait to meet you!\" \/>\n<meta property=\"og:url\" content=\"https:\/\/www.beekeeper.io\/fr\/evenements\/\" \/>\n<meta property=\"og:site_name\" content=\"Beekeeper\" \/>\n<meta property=\"article:publisher\" content=\"https:\/\/www.facebook.com\/BeekeeperSocial\/\" \/>\n<meta property=\"article:modified_time\" content=\"2025-10-15T21:38:44+00:00\" \/>\n<meta property=\"og:image\" content=\"https:\/\/www.beekeeper.io\/wp-content\/uploads\/2025\/03\/event_page_resource_image_1200_x_628px_crimson.webp\" \/>\n\t<meta property=\"og:image:width\" content=\"1200\" \/>\n\t<meta property=\"og:image:height\" content=\"628\" \/>\n\t<meta property=\"og:image:type\" content=\"image\/webp\" \/>\n<meta name=\"twitter:card\" content=\"summary_large_image\" \/>\n<meta name=\"twitter:title\" content=\"Beekeeper events\" \/>\n<meta name=\"twitter:description\" content=\"Connect with the Beekeeper team at one of these upcoming trade shows or conferences. We can\u2019t wait to meet you!\" \/>\n<meta name=\"twitter:image\" content=\"https:\/\/www.beekeeper.io\/wp-content\/uploads\/2025\/03\/event_page_resource_image_1200_x_628px_crimson.webp\" \/>\n<meta name=\"twitter:site\" content=\"@beekeepersocial\" \/>\n<meta name=\"twitter:label1\" content=\"Dur\u00e9e de lecture estim\u00e9e\" \/>\n\t<meta name=\"twitter:data1\" content=\"3 minutes\" \/>\n<script type=\"application\/ld+json\" class=\"yoast-schema-graph\">{\"@context\":\"https:\/\/schema.org\",\"@graph\":[{\"@type\":\"WebPage\",\"@id\":\"https:\/\/www.beekeeper.io\/fr\/evenements\/\",\"url\":\"https:\/\/www.beekeeper.io\/fr\/evenements\/\",\"name\":\"\u00c9v\u00e9nements - Beekeeper\",\"isPartOf\":{\"@id\":\"https:\/\/www.beekeeper.io\/fr\/#website\"},\"primaryImageOfPage\":{\"@id\":\"https:\/\/www.beekeeper.io\/fr\/evenements\/#primaryimage\"},\"image\":{\"@id\":\"https:\/\/www.beekeeper.io\/fr\/evenements\/#primaryimage\"},\"thumbnailUrl\":\"https:\/\/www.beekeeper.io\/wp-content\/uploads\/2025\/03\/event_page_resource_image_1200_x_628px_crimson.webp\",\"datePublished\":\"2024-09-12T07:06:15+00:00\",\"dateModified\":\"2025-10-15T21:38:44+00:00\",\"breadcrumb\":{\"@id\":\"https:\/\/www.beekeeper.io\/fr\/evenements\/#breadcrumb\"},\"inLanguage\":\"fr-FR\",\"potentialAction\":[{\"@type\":\"ReadAction\",\"target\":[\"https:\/\/www.beekeeper.io\/fr\/evenements\/\"]}]},{\"@type\":\"ImageObject\",\"inLanguage\":\"fr-FR\",\"@id\":\"https:\/\/www.beekeeper.io\/fr\/evenements\/#primaryimage\",\"url\":\"https:\/\/www.beekeeper.io\/wp-content\/uploads\/2025\/03\/event_page_resource_image_1200_x_628px_crimson.webp\",\"contentUrl\":\"https:\/\/www.beekeeper.io\/wp-content\/uploads\/2025\/03\/event_page_resource_image_1200_x_628px_crimson.webp\",\"width\":1200,\"height\":628},{\"@type\":\"BreadcrumbList\",\"@id\":\"https:\/\/www.beekeeper.io\/fr\/evenements\/#breadcrumb\",\"itemListElement\":[{\"@type\":\"ListItem\",\"position\":1,\"name\":\"Home\",\"item\":\"https:\/\/www.beekeeper.io\/fr\/\"},{\"@type\":\"ListItem\",\"position\":2,\"name\":\"\u00c9v\u00e9nements\"}]},{\"@type\":\"WebSite\",\"@id\":\"https:\/\/www.beekeeper.io\/fr\/#website\",\"url\":\"https:\/\/www.beekeeper.io\/fr\/\",\"name\":\"Beekeeper\",\"description\":\"Frontline Success Platform\",\"publisher\":{\"@id\":\"https:\/\/www.beekeeper.io\/fr\/#organization\"},\"potentialAction\":[{\"@type\":\"SearchAction\",\"target\":{\"@type\":\"EntryPoint\",\"urlTemplate\":\"https:\/\/www.beekeeper.io\/fr\/?s={search_term_string}\"},\"query-input\":{\"@type\":\"PropertyValueSpecification\",\"valueRequired\":true,\"valueName\":\"search_term_string\"}}],\"inLanguage\":\"fr-FR\"},{\"@type\":\"Organization\",\"@id\":\"https:\/\/www.beekeeper.io\/fr\/#organization\",\"name\":\"Beekeeper\",\"url\":\"https:\/\/www.beekeeper.io\/fr\/\",\"logo\":{\"@type\":\"ImageObject\",\"inLanguage\":\"fr-FR\",\"@id\":\"https:\/\/www.beekeeper.io\/fr\/#\/schema\/logo\/image\/\",\"url\":\"https:\/\/www.beekeeper.io\/wp-content\/uploads\/2024\/11\/Logo-Beekeeper-Outline-lava.svg\",\"contentUrl\":\"https:\/\/www.beekeeper.io\/wp-content\/uploads\/2024\/11\/Logo-Beekeeper-Outline-lava.svg\",\"caption\":\"Beekeeper\"},\"image\":{\"@id\":\"https:\/\/www.beekeeper.io\/fr\/#\/schema\/logo\/image\/\"},\"sameAs\":[\"https:\/\/www.facebook.com\/BeekeeperSocial\/\",\"https:\/\/x.com\/beekeepersocial\",\"https:\/\/www.linkedin.com\/company\/beekeeper\/\",\"https:\/\/www.youtube.com\/beekeepersocial\",\"https:\/\/www.g2.com\/products\/beekeeper\/reviews\"]}]}<\/script>\n<!-- \/ Yoast SEO plugin. -->","yoast_head_json":{"title":"\u00c9v\u00e9nements - Beekeeper","robots":{"index":"index","follow":"follow","max-snippet":"max-snippet:-1","max-image-preview":"max-image-preview:large","max-video-preview":"max-video-preview:-1"},"canonical":"https:\/\/www.beekeeper.io\/fr\/evenements\/","og_locale":"fr_FR","og_type":"article","og_title":"Beekeeper events","og_description":"Connect with the Beekeeper team at one of these upcoming trade shows or conferences. We can\u2019t wait to meet you!","og_url":"https:\/\/www.beekeeper.io\/fr\/evenements\/","og_site_name":"Beekeeper","article_publisher":"https:\/\/www.facebook.com\/BeekeeperSocial\/","article_modified_time":"2025-10-15T21:38:44+00:00","og_image":[{"width":1200,"height":628,"url":"https:\/\/www.beekeeper.io\/wp-content\/uploads\/2025\/03\/event_page_resource_image_1200_x_628px_crimson.webp","type":"image\/webp"}],"twitter_card":"summary_large_image","twitter_title":"Beekeeper events","twitter_description":"Connect with the Beekeeper team at one of these upcoming trade shows or conferences. We can\u2019t wait to meet you!","twitter_image":"https:\/\/www.beekeeper.io\/wp-content\/uploads\/2025\/03\/event_page_resource_image_1200_x_628px_crimson.webp","twitter_site":"@beekeepersocial","twitter_misc":{"Dur\u00e9e de lecture estim\u00e9e":"3 minutes"},"schema":{"@context":"https:\/\/schema.org","@graph":[{"@type":"WebPage","@id":"https:\/\/www.beekeeper.io\/fr\/evenements\/","url":"https:\/\/www.beekeeper.io\/fr\/evenements\/","name":"\u00c9v\u00e9nements - Beekeeper","isPartOf":{"@id":"https:\/\/www.beekeeper.io\/fr\/#website"},"primaryImageOfPage":{"@id":"https:\/\/www.beekeeper.io\/fr\/evenements\/#primaryimage"},"image":{"@id":"https:\/\/www.beekeeper.io\/fr\/evenements\/#primaryimage"},"thumbnailUrl":"https:\/\/www.beekeeper.io\/wp-content\/uploads\/2025\/03\/event_page_resource_image_1200_x_628px_crimson.webp","datePublished":"2024-09-12T07:06:15+00:00","dateModified":"2025-10-15T21:38:44+00:00","breadcrumb":{"@id":"https:\/\/www.beekeeper.io\/fr\/evenements\/#breadcrumb"},"inLanguage":"fr-FR","potentialAction":[{"@type":"ReadAction","target":["https:\/\/www.beekeeper.io\/fr\/evenements\/"]}]},{"@type":"ImageObject","inLanguage":"fr-FR","@id":"https:\/\/www.beekeeper.io\/fr\/evenements\/#primaryimage","url":"https:\/\/www.beekeeper.io\/wp-content\/uploads\/2025\/03\/event_page_resource_image_1200_x_628px_crimson.webp","contentUrl":"https:\/\/www.beekeeper.io\/wp-content\/uploads\/2025\/03\/event_page_resource_image_1200_x_628px_crimson.webp","width":1200,"height":628},{"@type":"BreadcrumbList","@id":"https:\/\/www.beekeeper.io\/fr\/evenements\/#breadcrumb","itemListElement":[{"@type":"ListItem","position":1,"name":"Home","item":"https:\/\/www.beekeeper.io\/fr\/"},{"@type":"ListItem","position":2,"name":"\u00c9v\u00e9nements"}]},{"@type":"WebSite","@id":"https:\/\/www.beekeeper.io\/fr\/#website","url":"https:\/\/www.beekeeper.io\/fr\/","name":"Beekeeper","description":"Frontline Success Platform","publisher":{"@id":"https:\/\/www.beekeeper.io\/fr\/#organization"},"potentialAction":[{"@type":"SearchAction","target":{"@type":"EntryPoint","urlTemplate":"https:\/\/www.beekeeper.io\/fr\/?s={search_term_string}"},"query-input":{"@type":"PropertyValueSpecification","valueRequired":true,"valueName":"search_term_string"}}],"inLanguage":"fr-FR"},{"@type":"Organization","@id":"https:\/\/www.beekeeper.io\/fr\/#organization","name":"Beekeeper","url":"https:\/\/www.beekeeper.io\/fr\/","logo":{"@type":"ImageObject","inLanguage":"fr-FR","@id":"https:\/\/www.beekeeper.io\/fr\/#\/schema\/logo\/image\/","url":"https:\/\/www.beekeeper.io\/wp-content\/uploads\/2024\/11\/Logo-Beekeeper-Outline-lava.svg","contentUrl":"https:\/\/www.beekeeper.io\/wp-content\/uploads\/2024\/11\/Logo-Beekeeper-Outline-lava.svg","caption":"Beekeeper"},"image":{"@id":"https:\/\/www.beekeeper.io\/fr\/#\/schema\/logo\/image\/"},"sameAs":["https:\/\/www.facebook.com\/BeekeeperSocial\/","https:\/\/x.com\/beekeepersocial","https:\/\/www.linkedin.com\/company\/beekeeper\/","https:\/\/www.youtube.com\/beekeepersocial","https:\/\/www.g2.com\/products\/beekeeper\/reviews"]}]}},"_links":{"self":[{"href":"https:\/\/www.beekeeper.io\/fr\/wp-json\/wp\/v2\/pages\/38066","targetHints":{"allow":["GET"]}}],"collection":[{"href":"https:\/\/www.beekeeper.io\/fr\/wp-json\/wp\/v2\/pages"}],"about":[{"href":"https:\/\/www.beekeeper.io\/fr\/wp-json\/wp\/v2\/types\/page"}],"author":[{"embeddable":true,"href":"https:\/\/www.beekeeper.io\/fr\/wp-json\/wp\/v2\/users\/1"}],"replies":[{"embeddable":true,"href":"https:\/\/www.beekeeper.io\/fr\/wp-json\/wp\/v2\/comments?post=38066"}],"version-history":[{"count":0,"href":"https:\/\/www.beekeeper.io\/fr\/wp-json\/wp\/v2\/pages\/38066\/revisions"}],"wp:featuredmedia":[{"embeddable":true,"href":"https:\/\/www.beekeeper.io\/fr\/wp-json\/wp\/v2\/media\/32729"}],"wp:attachment":[{"href":"https:\/\/www.beekeeper.io\/fr\/wp-json\/wp\/v2\/media?parent=38066"}],"curies":[{"name":"wp","href":"https:\/\/api.w.org\/{rel}","templated":true}]}}