{"id":37788,"date":"2024-11-25T17:54:41","date_gmt":"2024-11-25T22:54:41","guid":{"rendered":"https:\/\/www.beekeeper.io\/?page_id=37788"},"modified":"2026-02-26T02:58:16","modified_gmt":"2026-02-26T07:58:16","slug":"watch-product-tour","status":"publish","type":"page","link":"https:\/\/www.beekeeper.io\/fr\/decouverte-du-produit-beekeeper\/","title":{"rendered":"D\u00e9couverte du produit Beekeeper"},"content":{"rendered":"\n<section class=\"e-stn e-stn-d2910b0e2ccb4c12ef3db70476d9c34fa27e2828 e-stn--dlt e-stn--show-zoominfo-form\"><style>@media only screen and (max-width: 9999px) {\n\t\t\t\t\t\t.e-stn.e-stn-d2910b0e2ccb4c12ef3db70476d9c34fa27e2828 {\n\t\t\t\t\t\t\tbackground-image: linear-gradient(90deg, #00B4C9 0%, #A8FFD4 100%);\n\t\t\t\t\t\t}\n\t\t\t\t\t}<\/style><div class=\"container\">\n<div class=\"wp-block-b3rg-row e-row row justify-content-center\">\n<div class=\"wp-block-b3rg-column e-col e-col-d0a1a9858a770a950730580ac5c818a35f185951  col-sm-7\">\n<div style=\"height:50px\" aria-hidden=\"true\" class=\"wp-block-spacer\"><\/div>\n\n\n\n<div class=\"e-div e-div-50a442b48202d7d476799b37d79d969b2a12221c e-div--forms\">\n<h1 class=\"wp-block-heading has-text-align-center has-pure-white-color has-text-color has-link-color has-large-font-size wp-elements-18b8a2c7e740a0f0f0f4cc5dcba9a421\" style=\"margin-bottom:20px\">Faites une visite vid\u00e9o autonome de la plateforme Beekeeper<\/h1>\n\n\n<script charset=\"utf-8\" type=\"text\/javascript\" src=\"https:\/\/js.hsforms.net\/forms\/shell.js\"><\/script>\n<div class=\"e-emf e-emf--dlt e-emf-11b34b6a0e030dde7e0443e3c55020ee0c780ba7\" id=\"e-emf-11b34b6a0e030dde7e0443e3c55020ee0c780ba7__form\">\n<\/div>\n\n<\/div>\n\n\n\n<div style=\"height:50px\" aria-hidden=\"true\" class=\"wp-block-spacer\"><\/div>\n<\/div>\n<\/div>\n<\/div><\/section>\n\n\n\n\n\n\n\n\n\n\n","protected":false},"excerpt":{"rendered":"","protected":false},"author":34,"featured_media":22461,"parent":0,"menu_order":0,"comment_status":"closed","ping_status":"closed","template":"","meta":{"_acf_changed":false,"show_custom_date":false,"custom_date":"","featured":false,"featured_image":0,"learn_more_label":"","image_alt_text":"","learn_more_type":"","show_popup":false,"learn_more_link_file":0,"event_date":false,"event_start_date":"","event_end_date":"","place_holder_image_url":"","post_reading_time":"3","notification_enabled":false,"notification_text":"","notification_logo":"","notification_expiration_time":0,"is_enable_transparent_header":false,"hide_from_list_view":false,"selected_taxonomy_terms":{"translation_priority":[76,80]},"selected_primary_terms":[],"learn_more_link":[],"featured_page_list":[],"notification_enabled_post_list":[],"_relevanssi_hide_post":"","_relevanssi_hide_content":"","_relevanssi_pin_for_all":"","_relevanssi_pin_keywords":"","_relevanssi_unpin_keywords":"","_relevanssi_related_keywords":"","_relevanssi_related_include_ids":"","_relevanssi_related_exclude_ids":"","_relevanssi_related_no_append":"","_relevanssi_related_not_related":"","_relevanssi_related_posts":"","_relevanssi_noindex_reason":"","inline_featured_image":false,"footnotes":""},"class_list":["post-37788","page","type-page","status-publish","has-post-thumbnail","hentry"],"acf":[],"yoast_head":"<!-- This site is optimized with the Yoast SEO plugin v27.2 - https:\/\/yoast.com\/product\/yoast-seo-wordpress\/ -->\n<title>D\u00e9couverte du produit Beekeeper - Beekeeper<\/title>\n<meta name=\"description\" content=\"D\u00e9couvrez Beekeeper : une plateforme de communication unifi\u00e9e pour am\u00e9liorer la collaboration et l&#039;engagement des \u00e9quipes sur le terrain.\" \/>\n<meta name=\"robots\" content=\"index, follow, max-snippet:-1, max-image-preview:large, max-video-preview:-1\" \/>\n<link rel=\"canonical\" href=\"https:\/\/www.beekeeper.io\/fr\/decouverte-du-produit-beekeeper\/\" \/>\n<meta property=\"og:locale\" content=\"fr_FR\" \/>\n<meta property=\"og:type\" content=\"article\" \/>\n<meta property=\"og:title\" content=\"D\u00e9couverte du produit Beekeeper - Beekeeper\" \/>\n<meta property=\"og:description\" content=\"D\u00e9couvrez Beekeeper : une plateforme de communication unifi\u00e9e pour am\u00e9liorer la collaboration et l&#039;engagement des \u00e9quipes sur le terrain.\" \/>\n<meta property=\"og:url\" content=\"https:\/\/www.beekeeper.io\/fr\/decouverte-du-produit-beekeeper\/\" \/>\n<meta property=\"og:site_name\" content=\"Beekeeper\" \/>\n<meta property=\"article:publisher\" content=\"https:\/\/www.facebook.com\/BeekeeperSocial\/\" \/>\n<meta property=\"article:modified_time\" content=\"2026-02-26T07:58:16+00:00\" \/>\n<meta property=\"og:image\" content=\"https:\/\/www.beekeeper.io\/wp-content\/uploads\/2024\/11\/why_use_beekeeper_header_banner_1290_x_1400_webp_1x.webp\" \/>\n\t<meta property=\"og:image:width\" content=\"1290\" \/>\n\t<meta property=\"og:image:height\" content=\"1400\" \/>\n\t<meta property=\"og:image:type\" content=\"image\/webp\" \/>\n<meta name=\"twitter:card\" content=\"summary_large_image\" \/>\n<meta name=\"twitter:site\" content=\"@beekeepersocial\" \/>\n<meta name=\"twitter:label1\" content=\"Dur\u00e9e de lecture estim\u00e9e\" \/>\n\t<meta name=\"twitter:data1\" content=\"12 minutes\" \/>\n<script type=\"application\/ld+json\" class=\"yoast-schema-graph\">{\"@context\":\"https:\/\/schema.org\",\"@graph\":[{\"@type\":\"WebPage\",\"@id\":\"https:\/\/www.beekeeper.io\/fr\/decouverte-du-produit-beekeeper\/\",\"url\":\"https:\/\/www.beekeeper.io\/fr\/decouverte-du-produit-beekeeper\/\",\"name\":\"D\u00e9couverte du produit Beekeeper - Beekeeper\",\"isPartOf\":{\"@id\":\"https:\/\/www.beekeeper.io\/fr\/#website\"},\"primaryImageOfPage\":{\"@id\":\"https:\/\/www.beekeeper.io\/fr\/decouverte-du-produit-beekeeper\/#primaryimage\"},\"image\":{\"@id\":\"https:\/\/www.beekeeper.io\/fr\/decouverte-du-produit-beekeeper\/#primaryimage\"},\"thumbnailUrl\":\"https:\/\/www.beekeeper.io\/wp-content\/uploads\/2024\/11\/why_use_beekeeper_header_banner_1290_x_1400_webp_1x.webp\",\"datePublished\":\"2024-11-25T22:54:41+00:00\",\"dateModified\":\"2026-02-26T07:58:16+00:00\",\"description\":\"D\u00e9couvrez Beekeeper : une plateforme de communication unifi\u00e9e pour am\u00e9liorer la collaboration et l'engagement des \u00e9quipes sur le terrain.\",\"breadcrumb\":{\"@id\":\"https:\/\/www.beekeeper.io\/fr\/decouverte-du-produit-beekeeper\/#breadcrumb\"},\"inLanguage\":\"fr-FR\",\"potentialAction\":[{\"@type\":\"ReadAction\",\"target\":[\"https:\/\/www.beekeeper.io\/fr\/decouverte-du-produit-beekeeper\/\"]}]},{\"@type\":\"ImageObject\",\"inLanguage\":\"fr-FR\",\"@id\":\"https:\/\/www.beekeeper.io\/fr\/decouverte-du-produit-beekeeper\/#primaryimage\",\"url\":\"https:\/\/www.beekeeper.io\/wp-content\/uploads\/2024\/11\/why_use_beekeeper_header_banner_1290_x_1400_webp_1x.webp\",\"contentUrl\":\"https:\/\/www.beekeeper.io\/wp-content\/uploads\/2024\/11\/why_use_beekeeper_header_banner_1290_x_1400_webp_1x.webp\",\"width\":1290,\"height\":1400},{\"@type\":\"BreadcrumbList\",\"@id\":\"https:\/\/www.beekeeper.io\/fr\/decouverte-du-produit-beekeeper\/#breadcrumb\",\"itemListElement\":[{\"@type\":\"ListItem\",\"position\":1,\"name\":\"Home\",\"item\":\"https:\/\/www.beekeeper.io\/fr\/\"},{\"@type\":\"ListItem\",\"position\":2,\"name\":\"D\u00e9couverte du produit Beekeeper\"}]},{\"@type\":\"WebSite\",\"@id\":\"https:\/\/www.beekeeper.io\/fr\/#website\",\"url\":\"https:\/\/www.beekeeper.io\/fr\/\",\"name\":\"Beekeeper\",\"description\":\"Frontline Success Platform\",\"publisher\":{\"@id\":\"https:\/\/www.beekeeper.io\/fr\/#organization\"},\"potentialAction\":[{\"@type\":\"SearchAction\",\"target\":{\"@type\":\"EntryPoint\",\"urlTemplate\":\"https:\/\/www.beekeeper.io\/fr\/?s={search_term_string}\"},\"query-input\":{\"@type\":\"PropertyValueSpecification\",\"valueRequired\":true,\"valueName\":\"search_term_string\"}}],\"inLanguage\":\"fr-FR\"},{\"@type\":\"Organization\",\"@id\":\"https:\/\/www.beekeeper.io\/fr\/#organization\",\"name\":\"Beekeeper\",\"url\":\"https:\/\/www.beekeeper.io\/fr\/\",\"logo\":{\"@type\":\"ImageObject\",\"inLanguage\":\"fr-FR\",\"@id\":\"https:\/\/www.beekeeper.io\/fr\/#\/schema\/logo\/image\/\",\"url\":\"https:\/\/www.beekeeper.io\/wp-content\/uploads\/2024\/11\/Logo-Beekeeper-Outline-lava.svg\",\"contentUrl\":\"https:\/\/www.beekeeper.io\/wp-content\/uploads\/2024\/11\/Logo-Beekeeper-Outline-lava.svg\",\"caption\":\"Beekeeper\"},\"image\":{\"@id\":\"https:\/\/www.beekeeper.io\/fr\/#\/schema\/logo\/image\/\"},\"sameAs\":[\"https:\/\/www.facebook.com\/BeekeeperSocial\/\",\"https:\/\/x.com\/beekeepersocial\",\"https:\/\/www.linkedin.com\/company\/beekeeper\/\",\"https:\/\/www.youtube.com\/beekeepersocial\",\"https:\/\/www.g2.com\/products\/beekeeper\/reviews\"]}]}<\/script>\n<!-- \/ Yoast SEO plugin. -->","yoast_head_json":{"title":"D\u00e9couverte du produit Beekeeper - Beekeeper","description":"D\u00e9couvrez Beekeeper : une plateforme de communication unifi\u00e9e pour am\u00e9liorer la collaboration et l'engagement des \u00e9quipes sur le terrain.","robots":{"index":"index","follow":"follow","max-snippet":"max-snippet:-1","max-image-preview":"max-image-preview:large","max-video-preview":"max-video-preview:-1"},"canonical":"https:\/\/www.beekeeper.io\/fr\/decouverte-du-produit-beekeeper\/","og_locale":"fr_FR","og_type":"article","og_title":"D\u00e9couverte du produit Beekeeper - Beekeeper","og_description":"D\u00e9couvrez Beekeeper : une plateforme de communication unifi\u00e9e pour am\u00e9liorer la collaboration et l'engagement des \u00e9quipes sur le terrain.","og_url":"https:\/\/www.beekeeper.io\/fr\/decouverte-du-produit-beekeeper\/","og_site_name":"Beekeeper","article_publisher":"https:\/\/www.facebook.com\/BeekeeperSocial\/","article_modified_time":"2026-02-26T07:58:16+00:00","og_image":[{"width":1290,"height":1400,"url":"https:\/\/www.beekeeper.io\/wp-content\/uploads\/2024\/11\/why_use_beekeeper_header_banner_1290_x_1400_webp_1x.webp","type":"image\/webp"}],"twitter_card":"summary_large_image","twitter_site":"@beekeepersocial","twitter_misc":{"Dur\u00e9e de lecture estim\u00e9e":"12 minutes"},"schema":{"@context":"https:\/\/schema.org","@graph":[{"@type":"WebPage","@id":"https:\/\/www.beekeeper.io\/fr\/decouverte-du-produit-beekeeper\/","url":"https:\/\/www.beekeeper.io\/fr\/decouverte-du-produit-beekeeper\/","name":"D\u00e9couverte du produit Beekeeper - Beekeeper","isPartOf":{"@id":"https:\/\/www.beekeeper.io\/fr\/#website"},"primaryImageOfPage":{"@id":"https:\/\/www.beekeeper.io\/fr\/decouverte-du-produit-beekeeper\/#primaryimage"},"image":{"@id":"https:\/\/www.beekeeper.io\/fr\/decouverte-du-produit-beekeeper\/#primaryimage"},"thumbnailUrl":"https:\/\/www.beekeeper.io\/wp-content\/uploads\/2024\/11\/why_use_beekeeper_header_banner_1290_x_1400_webp_1x.webp","datePublished":"2024-11-25T22:54:41+00:00","dateModified":"2026-02-26T07:58:16+00:00","description":"D\u00e9couvrez Beekeeper : une plateforme de communication unifi\u00e9e pour am\u00e9liorer la collaboration et l'engagement des \u00e9quipes sur le terrain.","breadcrumb":{"@id":"https:\/\/www.beekeeper.io\/fr\/decouverte-du-produit-beekeeper\/#breadcrumb"},"inLanguage":"fr-FR","potentialAction":[{"@type":"ReadAction","target":["https:\/\/www.beekeeper.io\/fr\/decouverte-du-produit-beekeeper\/"]}]},{"@type":"ImageObject","inLanguage":"fr-FR","@id":"https:\/\/www.beekeeper.io\/fr\/decouverte-du-produit-beekeeper\/#primaryimage","url":"https:\/\/www.beekeeper.io\/wp-content\/uploads\/2024\/11\/why_use_beekeeper_header_banner_1290_x_1400_webp_1x.webp","contentUrl":"https:\/\/www.beekeeper.io\/wp-content\/uploads\/2024\/11\/why_use_beekeeper_header_banner_1290_x_1400_webp_1x.webp","width":1290,"height":1400},{"@type":"BreadcrumbList","@id":"https:\/\/www.beekeeper.io\/fr\/decouverte-du-produit-beekeeper\/#breadcrumb","itemListElement":[{"@type":"ListItem","position":1,"name":"Home","item":"https:\/\/www.beekeeper.io\/fr\/"},{"@type":"ListItem","position":2,"name":"D\u00e9couverte du produit Beekeeper"}]},{"@type":"WebSite","@id":"https:\/\/www.beekeeper.io\/fr\/#website","url":"https:\/\/www.beekeeper.io\/fr\/","name":"Beekeeper","description":"Frontline Success Platform","publisher":{"@id":"https:\/\/www.beekeeper.io\/fr\/#organization"},"potentialAction":[{"@type":"SearchAction","target":{"@type":"EntryPoint","urlTemplate":"https:\/\/www.beekeeper.io\/fr\/?s={search_term_string}"},"query-input":{"@type":"PropertyValueSpecification","valueRequired":true,"valueName":"search_term_string"}}],"inLanguage":"fr-FR"},{"@type":"Organization","@id":"https:\/\/www.beekeeper.io\/fr\/#organization","name":"Beekeeper","url":"https:\/\/www.beekeeper.io\/fr\/","logo":{"@type":"ImageObject","inLanguage":"fr-FR","@id":"https:\/\/www.beekeeper.io\/fr\/#\/schema\/logo\/image\/","url":"https:\/\/www.beekeeper.io\/wp-content\/uploads\/2024\/11\/Logo-Beekeeper-Outline-lava.svg","contentUrl":"https:\/\/www.beekeeper.io\/wp-content\/uploads\/2024\/11\/Logo-Beekeeper-Outline-lava.svg","caption":"Beekeeper"},"image":{"@id":"https:\/\/www.beekeeper.io\/fr\/#\/schema\/logo\/image\/"},"sameAs":["https:\/\/www.facebook.com\/BeekeeperSocial\/","https:\/\/x.com\/beekeepersocial","https:\/\/www.linkedin.com\/company\/beekeeper\/","https:\/\/www.youtube.com\/beekeepersocial","https:\/\/www.g2.com\/products\/beekeeper\/reviews"]}]}},"_links":{"self":[{"href":"https:\/\/www.beekeeper.io\/fr\/wp-json\/wp\/v2\/pages\/37788","targetHints":{"allow":["GET"]}}],"collection":[{"href":"https:\/\/www.beekeeper.io\/fr\/wp-json\/wp\/v2\/pages"}],"about":[{"href":"https:\/\/www.beekeeper.io\/fr\/wp-json\/wp\/v2\/types\/page"}],"author":[{"embeddable":true,"href":"https:\/\/www.beekeeper.io\/fr\/wp-json\/wp\/v2\/users\/34"}],"replies":[{"embeddable":true,"href":"https:\/\/www.beekeeper.io\/fr\/wp-json\/wp\/v2\/comments?post=37788"}],"version-history":[{"count":1,"href":"https:\/\/www.beekeeper.io\/fr\/wp-json\/wp\/v2\/pages\/37788\/revisions"}],"predecessor-version":[{"id":42536,"href":"https:\/\/www.beekeeper.io\/fr\/wp-json\/wp\/v2\/pages\/37788\/revisions\/42536"}],"wp:featuredmedia":[{"embeddable":true,"href":"https:\/\/www.beekeeper.io\/fr\/wp-json\/wp\/v2\/media\/22461"}],"wp:attachment":[{"href":"https:\/\/www.beekeeper.io\/fr\/wp-json\/wp\/v2\/media?parent=37788"}],"curies":[{"name":"wp","href":"https:\/\/api.w.org\/{rel}","templated":true}]}}