{"id":31448,"date":"2025-02-10T10:37:23","date_gmt":"2025-02-10T15:37:23","guid":{"rendered":"https:\/\/beekeeperio-2025.local\/alters-und-pflegeheime\/"},"modified":"2025-02-10T10:48:35","modified_gmt":"2025-02-10T15:48:35","slug":"etablissements-medico-sociaux","status":"publish","type":"page","link":"https:\/\/www.beekeeper.io\/fr\/etablissements-medico-sociaux\/","title":{"rendered":"Beekeeper pour les maisons de retraite et de soins en Suisse"},"content":{"rendered":"\n<section class=\"e-stn e-stn-c0256d8b3e69c2dff1fa9c0df8b306336b6489ed e-stn--forms\"><style>@media only screen and (max-width: 9999px) {\n\t\t\t\t\t\t\t\t\t.e-stn.e-stn-c0256d8b3e69c2dff1fa9c0df8b306336b6489ed { \n\t\t\t\t\t\t\t\t\t\tbackground-color: #ebfcfc; \n\t\t\t\t\t\t\t\t\t}\n\t\t\t\t\t\t\t\t}<\/style><div class=\"container\">\n<div class=\"wp-block-b3rg-row e-row row\">\n<div class=\"wp-block-b3rg-column e-col e-col-5cdca76df36168c5ad7e4616b9f001af0bcb8d5e  col-sm-12 col-md-12 col-lg-7 col-xl-7\">\n<h1 class=\"wp-block-heading has-lava-color has-text-color has-link-color wp-elements-3c4bf84c2a1468551a9f39444c7d1f5f\">Travailler plus efficacement dans les soins quotidiens avec Beekeeper<\/h1>\n\n\n\n<p class=\"has-lava-color has-text-color has-link-color wp-elements-11f766949c68c83d4972283466ab2a56\">Connectez vos \u00e9quipes de soins et am\u00e9liorez les soins aux patients tout en r\u00e9duisant le turnover. L&rsquo;application Beekeeper vous permet de num\u00e9riser la communication, d&rsquo;optimiser les \u00e9quipes et de renforcer la coh\u00e9sion &#8211; tout en respectant la vie priv\u00e9e et en \u00e9tant facile \u00e0 utiliser. <\/p>\n<\/div>\n\n\n\n<div class=\"wp-block-b3rg-column e-col e-col-33403772a67540d7f8276eae38685b0e23792990  col-sm-12 col-md-12 col-lg-5 col-xl-5\">\n<div class=\"e-div e-div-0c8f2a3f7043c65bfad0e09cf7426653aa6b75ef e-div--forms\">\n<h2 class=\"wp-block-heading has-text-align-center has-pure-white-color has-text-color has-link-color wp-elements-5caddaaa9ac3ae31ac5970cb780d4199\" style=\"margin-bottom:30px\">Demandez maintenant un entretien sans engagement<\/h2>\n\n\n<div class=\"howard-hs-embed howard-hs-embed--7e32dd427929ab2a3add0cbd1cd4f3b0c9527a48 wp-block-howard-hubspot-embed\" id=\"howard-hs-embed-7e32dd427929ab2a3add0cbd1cd4f3b0c9527a48\">\n    <script>\n        (function () {\n            var config = {\"embeddedFormId\":\"7e32dd427929ab2a3add0cbd1cd4f3b0c9527a48\",\"formId\":\"1a72356c-de2b-49eb-91af-cafac5d16d47\",\"responseType\":\"\",\"currentPostId\":31448,\"isParentBlockGatedContentBlock\":false,\"hasCalendly\":true,\"calendlyUrl\":\"https:\/\/calendly.com\/api\/form_builder\/forms\/b34bed74-a006-4535-8ddf-bb022e44ff34\/submissions\"};\n            var attempts = 0;\n            (function register() {\n                if (window.howardHubSpotEmbed && typeof window.howardHubSpotEmbed.register === 'function') {\n                    window.howardHubSpotEmbed.register(config);\n                    return;\n                }\n                if (++attempts < 200) setTimeout(register, 10);\n            })();\n        })();\n    <\/script>\n    <script src=\"https:\/\/js-na2.hsforms.net\/forms\/embed\/developer\/244422581.js\" defer><\/script>\n    <div class=\"hs-form-html\"\n         data-region=\"na2\"\n         data-form-id=\"1a72356c-de2b-49eb-91af-cafac5d16d47\"\n         data-portal-id=\"244422581\"\n         data-emf-id=\"7e32dd427929ab2a3add0cbd1cd4f3b0c9527a48\"><\/div>\n    <!-- Calendly routing form code begin -->\r\n<link href=\"https:\/\/assets.calendly.com\/assets\/external\/widget.css\" rel=\"stylesheet\">\r\n<script src=\"https:\/\/assets.calendly.com\/assets\/external\/forms.js\" type=\"text\/javascript\" async><\/script>\r\n<style>.calendly-overlay .calendly-popup {max-height :690px;} <\/style>\r\n<script type=\"text\/javascript\">\r\n  window.addEventListener('load', function() {\r\n    Calendly.initHubspotForm({\"id\":\"fe1f618b-fc68-46d8-badc-9c1b8b788e6e\",\"url\":\"https:\/\/calendly.com\/api\/form_builder\/forms\/b34bed74-a006-4535-8ddf-bb022e44ff34\/submissions\",\"options\":{\"hide_event_type_details\":1,\"primary_color\":\"88c940\"}})\r\n  })\r\n<\/script>\r\n<!-- Calendly routing form code end -->        <!-- Calendly widget.js exposes Calendly.initPopupWidget \u2014 the popup\n         renderer our submit handler calls after the routing POST returns. -->\n    <script src=\"https:\/\/assets.calendly.com\/assets\/external\/widget.js\" async><\/script>\n    <\/div>\n<\/div>\n<\/div>\n<\/div>\n<\/div><\/section>\n","protected":false},"excerpt":{"rendered":"","protected":false},"author":21,"featured_media":31922,"parent":37830,"menu_order":0,"comment_status":"closed","ping_status":"closed","template":"","meta":{"_acf_changed":false,"show_custom_date":false,"custom_date":"","featured":false,"featured_image":0,"learn_more_label":"","image_alt_text":"","learn_more_type":"","show_popup":false,"learn_more_link_file":0,"event_date":false,"event_start_date":"","event_end_date":"","place_holder_image_url":"","post_reading_time":"< 1","notification_enabled":false,"notification_text":"","notification_logo":"","notification_expiration_time":0,"is_enable_transparent_header":false,"hide_from_list_view":false,"selected_taxonomy_terms":{"translation_priority":[80]},"selected_primary_terms":[],"learn_more_link":[],"featured_page_list":[],"notification_enabled_post_list":[],"_relevanssi_hide_post":"","_relevanssi_hide_content":"","_relevanssi_pin_for_all":"","_relevanssi_pin_keywords":"","_relevanssi_unpin_keywords":"","_relevanssi_related_keywords":"","_relevanssi_related_include_ids":"","_relevanssi_related_exclude_ids":"","_relevanssi_related_no_append":"","_relevanssi_related_not_related":"","_relevanssi_related_posts":"","_relevanssi_noindex_reason":"","inline_featured_image":false,"footnotes":""},"class_list":["post-31448","page","type-page","status-publish","has-post-thumbnail","hentry"],"acf":[],"yoast_head":"<!-- This site is optimized with the Yoast SEO plugin v27.2 - https:\/\/yoast.com\/product\/yoast-seo-wordpress\/ -->\n<title>Beekeeper pour les maisons de retraite et de soins en Suisse - Beekeeper<\/title>\n<meta name=\"robots\" content=\"noindex, nofollow\" \/>\n<meta property=\"og:locale\" content=\"fr_FR\" \/>\n<meta property=\"og:type\" content=\"article\" \/>\n<meta property=\"og:title\" content=\"Beekeeper pour les maisons de retraite et de soins en Suisse - Beekeeper\" \/>\n<meta property=\"og:url\" content=\"https:\/\/www.beekeeper.io\/fr\/etablissements-medico-sociaux\/\" \/>\n<meta property=\"og:site_name\" content=\"Beekeeper\" \/>\n<meta property=\"article:publisher\" content=\"https:\/\/www.facebook.com\/BeekeeperSocial\/\" \/>\n<meta property=\"article:modified_time\" content=\"2025-02-10T15:48:35+00:00\" \/>\n<meta property=\"og:image\" content=\"https:\/\/www.beekeeper.io\/wp-content\/uploads\/2025\/02\/2025_q1_retirement_campaign_resource_image_1200_x_628px.webp\" \/>\n\t<meta property=\"og:image:width\" content=\"1200\" \/>\n\t<meta property=\"og:image:height\" content=\"628\" \/>\n\t<meta property=\"og:image:type\" content=\"image\/webp\" \/>\n<meta name=\"twitter:card\" content=\"summary_large_image\" \/>\n<meta name=\"twitter:site\" content=\"@beekeepersocial\" \/>\n<meta name=\"twitter:label1\" content=\"Dur\u00e9e de lecture estim\u00e9e\" \/>\n\t<meta name=\"twitter:data1\" content=\"1 minute\" \/>\n<script type=\"application\/ld+json\" class=\"yoast-schema-graph\">{\"@context\":\"https:\/\/schema.org\",\"@graph\":[{\"@type\":\"WebPage\",\"@id\":\"https:\/\/www.beekeeper.io\/fr\/etablissements-medico-sociaux\/\",\"url\":\"https:\/\/www.beekeeper.io\/fr\/etablissements-medico-sociaux\/\",\"name\":\"Beekeeper pour les maisons de retraite et de soins en Suisse - Beekeeper\",\"isPartOf\":{\"@id\":\"https:\/\/www.beekeeper.io\/fr\/#website\"},\"primaryImageOfPage\":{\"@id\":\"https:\/\/www.beekeeper.io\/fr\/etablissements-medico-sociaux\/#primaryimage\"},\"image\":{\"@id\":\"https:\/\/www.beekeeper.io\/fr\/etablissements-medico-sociaux\/#primaryimage\"},\"thumbnailUrl\":\"https:\/\/www.beekeeper.io\/wp-content\/uploads\/2025\/02\/2025_q1_retirement_campaign_resource_image_1200_x_628px.webp\",\"datePublished\":\"2025-02-10T15:37:23+00:00\",\"dateModified\":\"2025-02-10T15:48:35+00:00\",\"breadcrumb\":{\"@id\":\"https:\/\/www.beekeeper.io\/fr\/etablissements-medico-sociaux\/#breadcrumb\"},\"inLanguage\":\"fr-FR\",\"potentialAction\":[{\"@type\":\"ReadAction\",\"target\":[\"https:\/\/www.beekeeper.io\/fr\/etablissements-medico-sociaux\/\"]}]},{\"@type\":\"ImageObject\",\"inLanguage\":\"fr-FR\",\"@id\":\"https:\/\/www.beekeeper.io\/fr\/etablissements-medico-sociaux\/#primaryimage\",\"url\":\"https:\/\/www.beekeeper.io\/wp-content\/uploads\/2025\/02\/2025_q1_retirement_campaign_resource_image_1200_x_628px.webp\",\"contentUrl\":\"https:\/\/www.beekeeper.io\/wp-content\/uploads\/2025\/02\/2025_q1_retirement_campaign_resource_image_1200_x_628px.webp\",\"width\":1200,\"height\":628},{\"@type\":\"BreadcrumbList\",\"@id\":\"https:\/\/www.beekeeper.io\/fr\/etablissements-medico-sociaux\/#breadcrumb\",\"itemListElement\":[{\"@type\":\"ListItem\",\"position\":1,\"name\":\"Home\",\"item\":\"https:\/\/www.beekeeper.io\/fr\/\"},{\"@type\":\"ListItem\",\"position\":2,\"name\":\"Soins de sant\u00e9\",\"item\":\"https:\/\/www.beekeeper.io\/fr\/industries\/sante\/\"},{\"@type\":\"ListItem\",\"position\":3,\"name\":\"Beekeeper pour les maisons de retraite et de soins en Suisse\"}]},{\"@type\":\"WebSite\",\"@id\":\"https:\/\/www.beekeeper.io\/fr\/#website\",\"url\":\"https:\/\/www.beekeeper.io\/fr\/\",\"name\":\"Beekeeper\",\"description\":\"Frontline Success Platform\",\"publisher\":{\"@id\":\"https:\/\/www.beekeeper.io\/fr\/#organization\"},\"potentialAction\":[{\"@type\":\"SearchAction\",\"target\":{\"@type\":\"EntryPoint\",\"urlTemplate\":\"https:\/\/www.beekeeper.io\/fr\/?s={search_term_string}\"},\"query-input\":{\"@type\":\"PropertyValueSpecification\",\"valueRequired\":true,\"valueName\":\"search_term_string\"}}],\"inLanguage\":\"fr-FR\"},{\"@type\":\"Organization\",\"@id\":\"https:\/\/www.beekeeper.io\/fr\/#organization\",\"name\":\"Beekeeper\",\"url\":\"https:\/\/www.beekeeper.io\/fr\/\",\"logo\":{\"@type\":\"ImageObject\",\"inLanguage\":\"fr-FR\",\"@id\":\"https:\/\/www.beekeeper.io\/fr\/#\/schema\/logo\/image\/\",\"url\":\"https:\/\/www.beekeeper.io\/wp-content\/uploads\/2024\/11\/Logo-Beekeeper-Outline-lava.svg\",\"contentUrl\":\"https:\/\/www.beekeeper.io\/wp-content\/uploads\/2024\/11\/Logo-Beekeeper-Outline-lava.svg\",\"caption\":\"Beekeeper\"},\"image\":{\"@id\":\"https:\/\/www.beekeeper.io\/fr\/#\/schema\/logo\/image\/\"},\"sameAs\":[\"https:\/\/www.facebook.com\/BeekeeperSocial\/\",\"https:\/\/x.com\/beekeepersocial\",\"https:\/\/www.linkedin.com\/company\/beekeeper\/\",\"https:\/\/www.youtube.com\/beekeepersocial\",\"https:\/\/www.g2.com\/products\/beekeeper\/reviews\"]}]}<\/script>\n<!-- \/ Yoast SEO plugin. -->","yoast_head_json":{"title":"Beekeeper pour les maisons de retraite et de soins en Suisse - Beekeeper","robots":{"index":"noindex","follow":"nofollow"},"og_locale":"fr_FR","og_type":"article","og_title":"Beekeeper pour les maisons de retraite et de soins en Suisse - Beekeeper","og_url":"https:\/\/www.beekeeper.io\/fr\/etablissements-medico-sociaux\/","og_site_name":"Beekeeper","article_publisher":"https:\/\/www.facebook.com\/BeekeeperSocial\/","article_modified_time":"2025-02-10T15:48:35+00:00","og_image":[{"width":1200,"height":628,"url":"https:\/\/www.beekeeper.io\/wp-content\/uploads\/2025\/02\/2025_q1_retirement_campaign_resource_image_1200_x_628px.webp","type":"image\/webp"}],"twitter_card":"summary_large_image","twitter_site":"@beekeepersocial","twitter_misc":{"Dur\u00e9e de lecture estim\u00e9e":"1 minute"},"schema":{"@context":"https:\/\/schema.org","@graph":[{"@type":"WebPage","@id":"https:\/\/www.beekeeper.io\/fr\/etablissements-medico-sociaux\/","url":"https:\/\/www.beekeeper.io\/fr\/etablissements-medico-sociaux\/","name":"Beekeeper pour les maisons de retraite et de soins en Suisse - Beekeeper","isPartOf":{"@id":"https:\/\/www.beekeeper.io\/fr\/#website"},"primaryImageOfPage":{"@id":"https:\/\/www.beekeeper.io\/fr\/etablissements-medico-sociaux\/#primaryimage"},"image":{"@id":"https:\/\/www.beekeeper.io\/fr\/etablissements-medico-sociaux\/#primaryimage"},"thumbnailUrl":"https:\/\/www.beekeeper.io\/wp-content\/uploads\/2025\/02\/2025_q1_retirement_campaign_resource_image_1200_x_628px.webp","datePublished":"2025-02-10T15:37:23+00:00","dateModified":"2025-02-10T15:48:35+00:00","breadcrumb":{"@id":"https:\/\/www.beekeeper.io\/fr\/etablissements-medico-sociaux\/#breadcrumb"},"inLanguage":"fr-FR","potentialAction":[{"@type":"ReadAction","target":["https:\/\/www.beekeeper.io\/fr\/etablissements-medico-sociaux\/"]}]},{"@type":"ImageObject","inLanguage":"fr-FR","@id":"https:\/\/www.beekeeper.io\/fr\/etablissements-medico-sociaux\/#primaryimage","url":"https:\/\/www.beekeeper.io\/wp-content\/uploads\/2025\/02\/2025_q1_retirement_campaign_resource_image_1200_x_628px.webp","contentUrl":"https:\/\/www.beekeeper.io\/wp-content\/uploads\/2025\/02\/2025_q1_retirement_campaign_resource_image_1200_x_628px.webp","width":1200,"height":628},{"@type":"BreadcrumbList","@id":"https:\/\/www.beekeeper.io\/fr\/etablissements-medico-sociaux\/#breadcrumb","itemListElement":[{"@type":"ListItem","position":1,"name":"Home","item":"https:\/\/www.beekeeper.io\/fr\/"},{"@type":"ListItem","position":2,"name":"Soins de sant\u00e9","item":"https:\/\/www.beekeeper.io\/fr\/industries\/sante\/"},{"@type":"ListItem","position":3,"name":"Beekeeper pour les maisons de retraite et de soins en Suisse"}]},{"@type":"WebSite","@id":"https:\/\/www.beekeeper.io\/fr\/#website","url":"https:\/\/www.beekeeper.io\/fr\/","name":"Beekeeper","description":"Frontline Success Platform","publisher":{"@id":"https:\/\/www.beekeeper.io\/fr\/#organization"},"potentialAction":[{"@type":"SearchAction","target":{"@type":"EntryPoint","urlTemplate":"https:\/\/www.beekeeper.io\/fr\/?s={search_term_string}"},"query-input":{"@type":"PropertyValueSpecification","valueRequired":true,"valueName":"search_term_string"}}],"inLanguage":"fr-FR"},{"@type":"Organization","@id":"https:\/\/www.beekeeper.io\/fr\/#organization","name":"Beekeeper","url":"https:\/\/www.beekeeper.io\/fr\/","logo":{"@type":"ImageObject","inLanguage":"fr-FR","@id":"https:\/\/www.beekeeper.io\/fr\/#\/schema\/logo\/image\/","url":"https:\/\/www.beekeeper.io\/wp-content\/uploads\/2024\/11\/Logo-Beekeeper-Outline-lava.svg","contentUrl":"https:\/\/www.beekeeper.io\/wp-content\/uploads\/2024\/11\/Logo-Beekeeper-Outline-lava.svg","caption":"Beekeeper"},"image":{"@id":"https:\/\/www.beekeeper.io\/fr\/#\/schema\/logo\/image\/"},"sameAs":["https:\/\/www.facebook.com\/BeekeeperSocial\/","https:\/\/x.com\/beekeepersocial","https:\/\/www.linkedin.com\/company\/beekeeper\/","https:\/\/www.youtube.com\/beekeepersocial","https:\/\/www.g2.com\/products\/beekeeper\/reviews"]}]}},"_links":{"self":[{"href":"https:\/\/www.beekeeper.io\/fr\/wp-json\/wp\/v2\/pages\/31448","targetHints":{"allow":["GET"]}}],"collection":[{"href":"https:\/\/www.beekeeper.io\/fr\/wp-json\/wp\/v2\/pages"}],"about":[{"href":"https:\/\/www.beekeeper.io\/fr\/wp-json\/wp\/v2\/types\/page"}],"author":[{"embeddable":true,"href":"https:\/\/www.beekeeper.io\/fr\/wp-json\/wp\/v2\/users\/21"}],"replies":[{"embeddable":true,"href":"https:\/\/www.beekeeper.io\/fr\/wp-json\/wp\/v2\/comments?post=31448"}],"version-history":[{"count":0,"href":"https:\/\/www.beekeeper.io\/fr\/wp-json\/wp\/v2\/pages\/31448\/revisions"}],"up":[{"embeddable":true,"href":"https:\/\/www.beekeeper.io\/fr\/wp-json\/wp\/v2\/pages\/37830"}],"wp:featuredmedia":[{"embeddable":true,"href":"https:\/\/www.beekeeper.io\/fr\/wp-json\/wp\/v2\/media\/31922"}],"wp:attachment":[{"href":"https:\/\/www.beekeeper.io\/fr\/wp-json\/wp\/v2\/media?parent=31448"}],"curies":[{"name":"wp","href":"https:\/\/api.w.org\/{rel}","templated":true}]}}