{"id":28223,"date":"2024-09-11T11:34:44","date_gmt":"2024-09-11T16:34:44","guid":{"rendered":"https:\/\/www.beekeeper.io\/blog\/"},"modified":"2025-09-09T18:51:18","modified_gmt":"2025-09-09T23:51:18","slug":"blog","status":"publish","type":"page","link":"https:\/\/www.beekeeper.io\/fr\/blog\/","title":{"rendered":"Blog"},"content":{"rendered":"\n<section class=\"e-stn e-stn-a67cbbff744727fc3e200706b518ba41ad5ced2f e-stn--common-banner e-pt-80  e-pt-sm-60 e-pb-40  e-pb-sm-30\"><div class=\"container\">\n<div class=\"wp-block-b3rg-row e-row row\">\n<div class=\"wp-block-b3rg-column e-col e-col-ace831841ae6ba6894718dbe446538456bed6c8a  col-sm-12\"><div class=\"e-img e-img--background-pattern\">\n<figure class=\"wp-block-image size-large\"><img decoding=\"async\" src=\"https:\/\/www.beekeeper.io\/wp-content\/uploads\/2024\/10\/common-banner-pattern.svg\" alt=\"\" class=\"wp-image-3664\"\/><\/figure>\n<\/div>\n\n\n<h1 class=\"wp-block-heading has-lava-color has-text-color has-link-color wp-elements-33e540b87f47435a150f0838f14d867b\">Blog<\/h1>\n\n\n\n<p class=\"has-lava-color has-text-color has-link-color wp-elements-ce94429a7611a697ae731a1c2ee5dc58\"><\/p>\n<\/div>\n<\/div>\n<\/div><\/section>\n\n\n\n<section class=\"e-stn e-stn-886f77560cfd9fe26c010b2c05bfe855950bb300 e-stn--featured-blogs e-mt-0 e-pt-40  e-pt-sm-30 e-pb-30\"><div class=\"container\">\n<div class=\"wp-block-b3rg-row e-row row\">\n<div class=\"wp-block-b3rg-column e-col e-col-ace831841ae6ba6894718dbe446538456bed6c8a  col-sm-12\"><div class=\"facetwp-template-static\" data-name=\"featured_blog_posts\"><div class=\"b3rg-posts__not-found col-sm-12 text-center\">\n                <span><\/span>\n            <\/div><\/div>\n<\/div>\n<\/div>\n<\/div><\/section>\n\n\n\n<section class=\"e-stn e-stn-68352db359f063d971bac3014499fbe702100e8c e-stn--tabs-search-filter e-mt-0 e-pt-30  e-pt-sm-30 e-pb-0  e-pb-sm-0\"><div class=\"container\">\n<div class=\"wp-block-b3rg-row e-row row e-row--tabs-search-filter\">\n<div class=\"wp-block-b3rg-column e-col e-col-ace831841ae6ba6894718dbe446538456bed6c8a  col-sm-12\">\n<div class=\"e-div e-div-07019e0eee7974b90aa423083e32b2eabd3af078\"><div class=\"facetwp-facet facetwp-facet-blog_categories facetwp-type-checkboxes\" data-name=\"blog_categories\" data-type=\"checkboxes\"><\/div>\n<\/div>\n<\/div>\n<\/div>\n\n\n\n<div class=\"wp-block-b3rg-row e-row row e-row--tabs-search-filter-dropdowns\">\n<div class=\"wp-block-b3rg-column e-col e-col-53fd20714a8c311502f39f64cb50d5f418ed66a9  col-sm-12 col-lg-4\">\n<div class=\"e-div e-div-07019e0eee7974b90aa423083e32b2eabd3af078\"><div class=\"facetwp-facet facetwp-facet-search facetwp-type-search\" data-name=\"search\" data-type=\"search\"><\/div>\n<\/div>\n<\/div>\n\n\n\n<div class=\"wp-block-b3rg-column e-col e-col-53fd20714a8c311502f39f64cb50d5f418ed66a9  col-sm-12 col-lg-4\">\n<div class=\"e-div e-div-07019e0eee7974b90aa423083e32b2eabd3af078\"><div class=\"facetwp-facet facetwp-facet-blog_tags facetwp-type-fselect\" data-name=\"blog_tags\" data-type=\"fselect\"><\/div>\n<\/div>\n<\/div>\n<\/div>\n\n\n\n<div class=\"wp-block-b3rg-row e-row row\">\n<div class=\"wp-block-b3rg-column e-col e-col-ace831841ae6ba6894718dbe446538456bed6c8a  col-sm-12\">\n<div class=\"e-div e-div-07019e0eee7974b90aa423083e32b2eabd3af078\"><div class=\"facetwp-selections\"><\/div>\n\n\n<div class=\"facetwp-facet facetwp-facet-clear_all facetwp-type-reset\" data-name=\"clear_all\" data-type=\"reset\"><\/div>\n<\/div>\n<\/div>\n<\/div>\n<\/div><\/section>\n\n\n\n<section class=\"e-stn e-stn-837f30ae4f1fa3eda751fd4d93d9b61ed8ec12ae e-stn--blog-general-posts e-stn--common-general-post e-mt-0\"><div class=\"container\">\n<div class=\"wp-block-b3rg-row e-row row\">\n<div class=\"wp-block-b3rg-column e-col e-col-d50ac7484f1e89a4ad52d5c1bd9140304445b1a0 e-col--general-posts-wrapper  col-sm-12\"><div class=\"facetwp-template\" data-name=\"blog_posts\"><div class=\"b3rg-posts \">\n                    <div class=\"wp-block-b3rg-row e-row row\">  <div class=\"wp-block-b3rg-column e-col col-sm-12 col-lg-4\">\n      <div class=\"e-sgp  e-sgp--list-item taxonomy-facultatif taxonomy-communication-2-fr\">\n          <a class=\"b3rg-post__trigger\" href='https:\/\/www.beekeeper.io\/fr\/blog\/grace-a-beekeeper-nous-communiquons-davantage-success-story-tornos\/' target='_self'>\n          <div class=\"e-sgp__inner\">\n                  <div class=\"e-sgp__media\">\n        <figure class=\"wp-block-post-featured-image\">\n            <img decoding=\"async\" src=\"https:\/\/www.beekeeper.io\/wp-content\/uploads\/2024\/12\/2022_Blog_Thumbnail_FR_Grace-a-Beekeeper-nous-communiquons-davantage-\u2013-Success-Story-Tornos-1024x414-1-1.png\"\n            class=\"attachment-post-thumbnail size-post-thumbnail wp-post-image\" alt=\"\"\/>\n        <\/figure>\n    <\/div><div class=\"e-sgp__content\">\n    <div class=\"wp-block-post-date\"> <time>3 d\u00e9cembre 2024<\/time><\/div><div class=\"wp-block-post-title\">\u201cGr\u00e2ce \u00e0 Beekeeper, nous communiquons davantage\u201d \u2013 Success Story Tornos<\/div><div class=\"e-mtf e-mtf_learn_more_label \">\n                    <span class=\"btn learn-more-text b3rg-post__learn-more-text\">En savoir plus<\/span><\/div>\n<\/div>\n          <\/div>\n          <\/a>\n      <\/div>\n  <\/div>  <div class=\"wp-block-b3rg-column e-col col-sm-12 col-lg-4\">\n      <div class=\"e-sgp  e-sgp--list-item taxonomy-facultatif taxonomy-communication-2-fr\">\n          <a class=\"b3rg-post__trigger\" href='https:\/\/www.beekeeper.io\/fr\/blog\/cinq-methodes-pour-ameliorer-la-communication-dans-le-secteur-des-soins-de-sante\/' target='_self'>\n          <div class=\"e-sgp__inner\">\n                  <div class=\"e-sgp__media\">\n        <figure class=\"wp-block-post-featured-image\">\n            <img decoding=\"async\" src=\"https:\/\/www.beekeeper.io\/wp-content\/uploads\/2024\/10\/2022_Blog_Thumbnail_FR_Cinq-methodes-pour-ameliorer-la-communication-dans-le-secteur-des-soins-de-sante-1536x621-1.png\"\n            class=\"attachment-post-thumbnail size-post-thumbnail wp-post-image\" alt=\"\"\/>\n        <\/figure>\n    <\/div><div class=\"e-sgp__content\">\n    <div class=\"wp-block-post-date\"> <time>3 d\u00e9cembre 2024<\/time><\/div><div class=\"wp-block-post-title\">Cinq m\u00e9thodes pour am\u00e9liorer la communication dans le secteur des soins de sant\u00e9<\/div><div class=\"e-mtf e-mtf_learn_more_label \">\n                    <span class=\"btn learn-more-text b3rg-post__learn-more-text\">En savoir plus<\/span><\/div>\n<\/div>\n          <\/div>\n          <\/a>\n      <\/div>\n  <\/div>  <div class=\"wp-block-b3rg-column e-col col-sm-12 col-lg-4\">\n      <div class=\"e-sgp  e-sgp--list-item taxonomy-facultatif taxonomy-communication-2-fr\">\n          <a class=\"b3rg-post__trigger\" href='https:\/\/www.beekeeper.io\/fr\/blog\/entree-en-vigueur-la-nlpd-en-suisse-entreprises-doivent-prendre-en-compte\/' target='_self'>\n          <div class=\"e-sgp__inner\">\n                  <div class=\"e-sgp__media\">\n        <figure class=\"wp-block-post-featured-image\">\n            <img decoding=\"async\" src=\"https:\/\/www.beekeeper.io\/wp-content\/uploads\/2024\/10\/1-1536x621-1.png\"\n            class=\"attachment-post-thumbnail size-post-thumbnail wp-post-image\" alt=\"\"\/>\n        <\/figure>\n    <\/div><div class=\"e-sgp__content\">\n    <div class=\"wp-block-post-date\"> <time>3 d\u00e9cembre 2024<\/time><\/div><div class=\"wp-block-post-title\">Entr\u00e9e en vigueur de la nLPD en Suisse: tout ce que les entreprises doivent prendre en compte<\/div><div class=\"e-mtf e-mtf_learn_more_label \">\n                    <span class=\"btn learn-more-text b3rg-post__learn-more-text\">En savoir plus<\/span><\/div>\n<\/div>\n          <\/div>\n          <\/a>\n      <\/div>\n  <\/div>  <div class=\"wp-block-b3rg-column e-col col-sm-12 col-lg-4\">\n      <div class=\"e-sgp  e-sgp--list-item taxonomy-facultatif\">\n          <a class=\"b3rg-post__trigger\" href='https:\/\/www.beekeeper.io\/fr\/blog\/navigating-the-future-of-frontline-work-11-hr-trends-for-2024\/' target='_self'>\n          <div class=\"e-sgp__inner\">\n                  <div class=\"e-sgp__media\">\n        <figure class=\"wp-block-post-featured-image\">\n            <img decoding=\"async\" src=\"https:\/\/www.beekeeper.io\/wp-content\/uploads\/2024\/10\/hr-trends-2048x829-1.jpg\"\n            class=\"attachment-post-thumbnail size-post-thumbnail wp-post-image\" alt=\"Quatre personnes, trois en gilet de s\u00e9curit\u00e9 jaune et une en tenue de travail, se tiennent \u00e0 l'int\u00e9rieur et discutent des tendances en mati\u00e8re de RH, des rayonnages \u00e9tant visibles \u00e0 l'arri\u00e8re-plan. Beekeeper\"\/>\n        <\/figure>\n    <\/div><div class=\"e-sgp__content\">\n    <div class=\"wp-block-post-date\"> <time>9 janvier 2024<\/time><\/div><div class=\"wp-block-post-title\">Navigating the Future of Frontline Work: 11 HR Trends for 2024<\/div><div class=\"e-mtf e-mtf_learn_more_label \">\n                    <span class=\"btn learn-more-text b3rg-post__learn-more-text\">En savoir plus<\/span><\/div>\n<\/div>\n          <\/div>\n          <\/a>\n      <\/div>\n  <\/div>  <div class=\"wp-block-b3rg-column e-col col-sm-12 col-lg-4\">\n      <div class=\"e-sgp  e-sgp--list-item taxonomy-facultatif taxonomy-work-fr\">\n          <a class=\"b3rg-post__trigger\" href='https:\/\/www.beekeeper.io\/fr\/blog\/lexperience-patient-dabord-le-numerique-revolutionne-le-secteur-de-la-sante\/' target='_self'>\n          <div class=\"e-sgp__inner\">\n                  <div class=\"e-sgp__media\">\n        <figure class=\"wp-block-post-featured-image\">\n            <img decoding=\"async\" src=\"https:\/\/www.beekeeper.io\/wp-content\/uploads\/2020\/08\/2022_Blog_Thumbnail_FR_Lexperience-patient-dabord-le-numerique-revolutionne-le-secteur-de-la-sante.png\"\n            class=\"attachment-post-thumbnail size-post-thumbnail wp-post-image\" alt=\"\"\/>\n        <\/figure>\n    <\/div><div class=\"e-sgp__content\">\n    <div class=\"wp-block-post-date\"> <time>20 janvier 2023<\/time><\/div><div class=\"wp-block-post-title\">L&rsquo;exp\u00e9rience patient d&rsquo;abord : le num\u00e9rique r\u00e9volutionne le secteur de la sant\u00e9<\/div><div class=\"e-mtf e-mtf_learn_more_label \">\n                    <span class=\"btn learn-more-text b3rg-post__learn-more-text\">Read More<\/span><\/div>\n<\/div>\n          <\/div>\n          <\/a>\n      <\/div>\n  <\/div><\/div>\n                <\/div><\/div>\n\n\n<div class=\"facetwp-facet facetwp-facet-pagination facetwp-type-pager\" data-name=\"pagination\" data-type=\"pager\"><\/div>\n<\/div>\n<\/div>\n<\/div><\/section>\n\n\n\n<section class=\"e-stn e-stn-3e2a450856085d7501503e477d0f2e089c69cc1e e-stn--background-svg-animation e-stn--bottom-cta e-mt-0\"><style>@media only screen and (max-width: 9999px) {\n\t\t\t\t\t\t.e-stn.e-stn-3e2a450856085d7501503e477d0f2e089c69cc1e {\n\t\t\t\t\t\t\tbackground-image: linear-gradient(75deg, #ff9900 0%, #ed11be 100%);\n\t\t\t\t\t\t}\n\t\t\t\t\t}@media only screen and (max-width: 1200px) {\n\t\t\t\t\t\t.e-stn.e-stn-3e2a450856085d7501503e477d0f2e089c69cc1e {\n\t\t\t\t\t\t\tbackground-image: linear-gradient(180deg, #ff9900 0%, #ed11be 100%);\n\t\t\t\t\t\t}\n\t\t\t\t\t}@media only screen and (max-width: 576px) {\n\t\t\t\t\t\t.e-stn.e-stn-3e2a450856085d7501503e477d0f2e089c69cc1e {\n\t\t\t\t\t\t\tbackground-image: linear-gradient(180deg, #ff9900 0%, #ed11be 100%);\n\t\t\t\t\t\t}\n\t\t\t\t\t}<\/style><div class=\"container\">\n<div class=\"wp-block-b3rg-row e-row row e-row--top-content\">\n<div class=\"wp-block-b3rg-column e-col e-col-9d074fd80ea454c918e7777921779f52b3ef8f1a e-col--position-static e-col--left-svg-wrapper  col-sm-12 col-lg-6\"><div class=\"e-svg e-svg--dlt e-svg--background-animation\"><object data=\"https:\/\/www.beekeeper.io\/wp-content\/uploads\/2024\/09\/Bg-B-Small_Left.svg\" type=\"image\/svg+xml\"><\/object><\/div><\/div>\n\n\n\n<div class=\"wp-block-b3rg-column e-col e-col-c8106454f9cc8ccc03c2973b9433d428b747c16b e-col--position-static e-col--right-svg-wrapper  col-sm-12 col-lg-6\"><div class=\"e-svg e-svg--dlt e-svg--background-animation\"><object data=\"https:\/\/www.beekeeper.io\/wp-content\/uploads\/2024\/09\/Bg-B-Small-new.svg\" type=\"image\/svg+xml\"><\/object><\/div><\/div>\n<\/div>\n\n\n\n<div class=\"wp-block-b3rg-row e-row row justify-content-center\">\n<div class=\"wp-block-b3rg-column e-col e-col-da07609b9358ef73dc45de81aa677bef74846ef8 e-col--content-wrapper  col-sm-12 col-md-10\">\n<h2 class=\"wp-block-heading has-text-align-center has-pure-white-color has-text-color has-link-color wp-elements-381665feca5dd78f38b599df208a4d93\">Ready to get started?<\/h2>\n\n\n\n<p class=\"has-text-align-center has-pure-white-color has-text-color has-link-color wp-elements-90397793d785913896a4b9358158db72\"><\/p>\n\n\n\n<div class=\"e-div e-div-43e6746589aa9b1630cb2fa423cdc78f6862d319 e-div--button-wrapper d-flex flex-column flex-lg-row\"><div class=\"e-btn e-btn--lava-fill\"><a class=\"e-btn__link\"href=\"https:\/\/www.beekeeper.io\/contact\/\" target=\"_self\">\n<p class=\"title\">Contact us<\/p>\n<\/a><\/div><\/div>\n<\/div>\n<\/div>\n\n\n\n<div class=\"wp-block-b3rg-row e-row row\">\n<div class=\"wp-block-b3rg-column e-col e-col-cec7b9087f9fc86e3d5b76f434fccb5031af920e e-col--position-static e-col--bottom-mask-wrapper  col-sm-12\"><div class=\"e-img \">\n<figure class=\"wp-block-image size-large\"><img decoding=\"async\" src=\"https:\/\/www.beekeeper.io\/wp-content\/uploads\/2024\/09\/pink-pattern.svg\" alt=\"\" class=\"wp-image-1811\"\/><\/figure>\n<\/div><\/div>\n<\/div>\n<\/div><\/section>\n","protected":false},"excerpt":{"rendered":"","protected":false},"author":1,"featured_media":32850,"parent":0,"menu_order":0,"comment_status":"closed","ping_status":"closed","template":"","meta":{"_acf_changed":false,"show_custom_date":false,"custom_date":"","featured":false,"featured_image":0,"learn_more_label":"","image_alt_text":"","learn_more_type":"","show_popup":false,"learn_more_link_file":0,"event_date":false,"event_start_date":"","event_end_date":"","place_holder_image_url":"","post_reading_time":"< 1","notification_enabled":false,"notification_text":"","notification_logo":"","notification_expiration_time":0,"is_enable_transparent_header":false,"hide_from_list_view":false,"selected_taxonomy_terms":{"translation_priority":[80]},"selected_primary_terms":[],"learn_more_link":[],"featured_page_list":[],"notification_enabled_post_list":[],"_relevanssi_hide_post":"","_relevanssi_hide_content":"","_relevanssi_pin_for_all":"","_relevanssi_pin_keywords":"","_relevanssi_unpin_keywords":"","_relevanssi_related_keywords":"","_relevanssi_related_include_ids":"","_relevanssi_related_exclude_ids":"","_relevanssi_related_no_append":"","_relevanssi_related_not_related":"","_relevanssi_related_posts":"","_relevanssi_noindex_reason":"","inline_featured_image":false,"footnotes":""},"class_list":["post-28223","page","type-page","status-publish","has-post-thumbnail","hentry"],"acf":[],"yoast_head":"<!-- This site is optimized with the Yoast SEO plugin v27.2 - https:\/\/yoast.com\/product\/yoast-seo-wordpress\/ -->\n<title>Fran\u00e7ais Blog - Beekeeper<\/title>\n<meta name=\"description\" content=\"D\u00e9couvrez des articles sur la communication d&#039;\u00e9quipe, la productivit\u00e9 et les tendances RH sur le blog de Beekeeper.\" \/>\n<meta name=\"robots\" content=\"index, follow, max-snippet:-1, max-image-preview:large, max-video-preview:-1\" \/>\n<link rel=\"canonical\" href=\"https:\/\/www.beekeeper.io\/fr\/blog\/\" \/>\n<meta property=\"og:locale\" content=\"fr_FR\" \/>\n<meta property=\"og:type\" content=\"article\" \/>\n<meta property=\"og:title\" content=\"Fran\u00e7ais Blog - Beekeeper\" \/>\n<meta property=\"og:description\" content=\"D\u00e9couvrez des articles sur la communication d&#039;\u00e9quipe, la productivit\u00e9 et les tendances RH sur le blog de Beekeeper.\" \/>\n<meta property=\"og:url\" content=\"https:\/\/www.beekeeper.io\/fr\/blog\/\" \/>\n<meta property=\"og:site_name\" content=\"Beekeeper\" \/>\n<meta property=\"article:publisher\" content=\"https:\/\/www.facebook.com\/BeekeeperSocial\/\" \/>\n<meta property=\"article:modified_time\" content=\"2025-09-09T23:51:18+00:00\" \/>\n<meta property=\"og:image\" content=\"https:\/\/www.beekeeper.io\/wp-content\/uploads\/2025\/03\/bkpr_blog_page_resource_image_1200_x_628px_magnetic.webp\" \/>\n\t<meta property=\"og:image:width\" content=\"1200\" \/>\n\t<meta property=\"og:image:height\" content=\"628\" \/>\n\t<meta property=\"og:image:type\" content=\"image\/webp\" \/>\n<meta name=\"twitter:card\" content=\"summary_large_image\" \/>\n<meta name=\"twitter:site\" content=\"@beekeepersocial\" \/>\n<meta name=\"twitter:label1\" content=\"Dur\u00e9e de lecture estim\u00e9e\" \/>\n\t<meta name=\"twitter:data1\" content=\"1 minute\" \/>\n<script type=\"application\/ld+json\" class=\"yoast-schema-graph\">{\"@context\":\"https:\/\/schema.org\",\"@graph\":[{\"@type\":\"WebPage\",\"@id\":\"https:\/\/www.beekeeper.io\/fr\/blog\/\",\"url\":\"https:\/\/www.beekeeper.io\/fr\/blog\/\",\"name\":\"Fran\u00e7ais Blog - Beekeeper\",\"isPartOf\":{\"@id\":\"https:\/\/www.beekeeper.io\/fr\/#website\"},\"primaryImageOfPage\":{\"@id\":\"https:\/\/www.beekeeper.io\/fr\/blog\/#primaryimage\"},\"image\":{\"@id\":\"https:\/\/www.beekeeper.io\/fr\/blog\/#primaryimage\"},\"thumbnailUrl\":\"https:\/\/www.beekeeper.io\/wp-content\/uploads\/2025\/03\/bkpr_blog_page_resource_image_1200_x_628px_magnetic.webp\",\"datePublished\":\"2024-09-11T16:34:44+00:00\",\"dateModified\":\"2025-09-09T23:51:18+00:00\",\"description\":\"D\u00e9couvrez des articles sur la communication d'\u00e9quipe, la productivit\u00e9 et les tendances RH sur le blog de Beekeeper.\",\"breadcrumb\":{\"@id\":\"https:\/\/www.beekeeper.io\/fr\/blog\/#breadcrumb\"},\"inLanguage\":\"fr-FR\",\"potentialAction\":[{\"@type\":\"ReadAction\",\"target\":[\"https:\/\/www.beekeeper.io\/fr\/blog\/\"]}]},{\"@type\":\"ImageObject\",\"inLanguage\":\"fr-FR\",\"@id\":\"https:\/\/www.beekeeper.io\/fr\/blog\/#primaryimage\",\"url\":\"https:\/\/www.beekeeper.io\/wp-content\/uploads\/2025\/03\/bkpr_blog_page_resource_image_1200_x_628px_magnetic.webp\",\"contentUrl\":\"https:\/\/www.beekeeper.io\/wp-content\/uploads\/2025\/03\/bkpr_blog_page_resource_image_1200_x_628px_magnetic.webp\",\"width\":1200,\"height\":628},{\"@type\":\"BreadcrumbList\",\"@id\":\"https:\/\/www.beekeeper.io\/fr\/blog\/#breadcrumb\",\"itemListElement\":[{\"@type\":\"ListItem\",\"position\":1,\"name\":\"Home\",\"item\":\"https:\/\/www.beekeeper.io\/fr\/\"},{\"@type\":\"ListItem\",\"position\":2,\"name\":\"Blog\"}]},{\"@type\":\"WebSite\",\"@id\":\"https:\/\/www.beekeeper.io\/fr\/#website\",\"url\":\"https:\/\/www.beekeeper.io\/fr\/\",\"name\":\"Beekeeper\",\"description\":\"Frontline Success Platform\",\"publisher\":{\"@id\":\"https:\/\/www.beekeeper.io\/fr\/#organization\"},\"potentialAction\":[{\"@type\":\"SearchAction\",\"target\":{\"@type\":\"EntryPoint\",\"urlTemplate\":\"https:\/\/www.beekeeper.io\/fr\/?s={search_term_string}\"},\"query-input\":{\"@type\":\"PropertyValueSpecification\",\"valueRequired\":true,\"valueName\":\"search_term_string\"}}],\"inLanguage\":\"fr-FR\"},{\"@type\":\"Organization\",\"@id\":\"https:\/\/www.beekeeper.io\/fr\/#organization\",\"name\":\"Beekeeper\",\"url\":\"https:\/\/www.beekeeper.io\/fr\/\",\"logo\":{\"@type\":\"ImageObject\",\"inLanguage\":\"fr-FR\",\"@id\":\"https:\/\/www.beekeeper.io\/fr\/#\/schema\/logo\/image\/\",\"url\":\"https:\/\/www.beekeeper.io\/wp-content\/uploads\/2024\/11\/Logo-Beekeeper-Outline-lava.svg\",\"contentUrl\":\"https:\/\/www.beekeeper.io\/wp-content\/uploads\/2024\/11\/Logo-Beekeeper-Outline-lava.svg\",\"caption\":\"Beekeeper\"},\"image\":{\"@id\":\"https:\/\/www.beekeeper.io\/fr\/#\/schema\/logo\/image\/\"},\"sameAs\":[\"https:\/\/www.facebook.com\/BeekeeperSocial\/\",\"https:\/\/x.com\/beekeepersocial\",\"https:\/\/www.linkedin.com\/company\/beekeeper\/\",\"https:\/\/www.youtube.com\/beekeepersocial\",\"https:\/\/www.g2.com\/products\/beekeeper\/reviews\"]}]}<\/script>\n<!-- \/ Yoast SEO plugin. -->","yoast_head_json":{"title":"Fran\u00e7ais Blog - Beekeeper","description":"D\u00e9couvrez des articles sur la communication d'\u00e9quipe, la productivit\u00e9 et les tendances RH sur le blog de Beekeeper.","robots":{"index":"index","follow":"follow","max-snippet":"max-snippet:-1","max-image-preview":"max-image-preview:large","max-video-preview":"max-video-preview:-1"},"canonical":"https:\/\/www.beekeeper.io\/fr\/blog\/","og_locale":"fr_FR","og_type":"article","og_title":"Fran\u00e7ais Blog - Beekeeper","og_description":"D\u00e9couvrez des articles sur la communication d'\u00e9quipe, la productivit\u00e9 et les tendances RH sur le blog de Beekeeper.","og_url":"https:\/\/www.beekeeper.io\/fr\/blog\/","og_site_name":"Beekeeper","article_publisher":"https:\/\/www.facebook.com\/BeekeeperSocial\/","article_modified_time":"2025-09-09T23:51:18+00:00","og_image":[{"width":1200,"height":628,"url":"https:\/\/www.beekeeper.io\/wp-content\/uploads\/2025\/03\/bkpr_blog_page_resource_image_1200_x_628px_magnetic.webp","type":"image\/webp"}],"twitter_card":"summary_large_image","twitter_site":"@beekeepersocial","twitter_misc":{"Dur\u00e9e de lecture estim\u00e9e":"1 minute"},"schema":{"@context":"https:\/\/schema.org","@graph":[{"@type":"WebPage","@id":"https:\/\/www.beekeeper.io\/fr\/blog\/","url":"https:\/\/www.beekeeper.io\/fr\/blog\/","name":"Fran\u00e7ais Blog - Beekeeper","isPartOf":{"@id":"https:\/\/www.beekeeper.io\/fr\/#website"},"primaryImageOfPage":{"@id":"https:\/\/www.beekeeper.io\/fr\/blog\/#primaryimage"},"image":{"@id":"https:\/\/www.beekeeper.io\/fr\/blog\/#primaryimage"},"thumbnailUrl":"https:\/\/www.beekeeper.io\/wp-content\/uploads\/2025\/03\/bkpr_blog_page_resource_image_1200_x_628px_magnetic.webp","datePublished":"2024-09-11T16:34:44+00:00","dateModified":"2025-09-09T23:51:18+00:00","description":"D\u00e9couvrez des articles sur la communication d'\u00e9quipe, la productivit\u00e9 et les tendances RH sur le blog de Beekeeper.","breadcrumb":{"@id":"https:\/\/www.beekeeper.io\/fr\/blog\/#breadcrumb"},"inLanguage":"fr-FR","potentialAction":[{"@type":"ReadAction","target":["https:\/\/www.beekeeper.io\/fr\/blog\/"]}]},{"@type":"ImageObject","inLanguage":"fr-FR","@id":"https:\/\/www.beekeeper.io\/fr\/blog\/#primaryimage","url":"https:\/\/www.beekeeper.io\/wp-content\/uploads\/2025\/03\/bkpr_blog_page_resource_image_1200_x_628px_magnetic.webp","contentUrl":"https:\/\/www.beekeeper.io\/wp-content\/uploads\/2025\/03\/bkpr_blog_page_resource_image_1200_x_628px_magnetic.webp","width":1200,"height":628},{"@type":"BreadcrumbList","@id":"https:\/\/www.beekeeper.io\/fr\/blog\/#breadcrumb","itemListElement":[{"@type":"ListItem","position":1,"name":"Home","item":"https:\/\/www.beekeeper.io\/fr\/"},{"@type":"ListItem","position":2,"name":"Blog"}]},{"@type":"WebSite","@id":"https:\/\/www.beekeeper.io\/fr\/#website","url":"https:\/\/www.beekeeper.io\/fr\/","name":"Beekeeper","description":"Frontline Success Platform","publisher":{"@id":"https:\/\/www.beekeeper.io\/fr\/#organization"},"potentialAction":[{"@type":"SearchAction","target":{"@type":"EntryPoint","urlTemplate":"https:\/\/www.beekeeper.io\/fr\/?s={search_term_string}"},"query-input":{"@type":"PropertyValueSpecification","valueRequired":true,"valueName":"search_term_string"}}],"inLanguage":"fr-FR"},{"@type":"Organization","@id":"https:\/\/www.beekeeper.io\/fr\/#organization","name":"Beekeeper","url":"https:\/\/www.beekeeper.io\/fr\/","logo":{"@type":"ImageObject","inLanguage":"fr-FR","@id":"https:\/\/www.beekeeper.io\/fr\/#\/schema\/logo\/image\/","url":"https:\/\/www.beekeeper.io\/wp-content\/uploads\/2024\/11\/Logo-Beekeeper-Outline-lava.svg","contentUrl":"https:\/\/www.beekeeper.io\/wp-content\/uploads\/2024\/11\/Logo-Beekeeper-Outline-lava.svg","caption":"Beekeeper"},"image":{"@id":"https:\/\/www.beekeeper.io\/fr\/#\/schema\/logo\/image\/"},"sameAs":["https:\/\/www.facebook.com\/BeekeeperSocial\/","https:\/\/x.com\/beekeepersocial","https:\/\/www.linkedin.com\/company\/beekeeper\/","https:\/\/www.youtube.com\/beekeepersocial","https:\/\/www.g2.com\/products\/beekeeper\/reviews"]}]}},"_links":{"self":[{"href":"https:\/\/www.beekeeper.io\/fr\/wp-json\/wp\/v2\/pages\/28223","targetHints":{"allow":["GET"]}}],"collection":[{"href":"https:\/\/www.beekeeper.io\/fr\/wp-json\/wp\/v2\/pages"}],"about":[{"href":"https:\/\/www.beekeeper.io\/fr\/wp-json\/wp\/v2\/types\/page"}],"author":[{"embeddable":true,"href":"https:\/\/www.beekeeper.io\/fr\/wp-json\/wp\/v2\/users\/1"}],"replies":[{"embeddable":true,"href":"https:\/\/www.beekeeper.io\/fr\/wp-json\/wp\/v2\/comments?post=28223"}],"version-history":[{"count":0,"href":"https:\/\/www.beekeeper.io\/fr\/wp-json\/wp\/v2\/pages\/28223\/revisions"}],"wp:featuredmedia":[{"embeddable":true,"href":"https:\/\/www.beekeeper.io\/fr\/wp-json\/wp\/v2\/media\/32850"}],"wp:attachment":[{"href":"https:\/\/www.beekeeper.io\/fr\/wp-json\/wp\/v2\/media?parent=28223"}],"curies":[{"name":"wp","href":"https:\/\/api.w.org\/{rel}","templated":true}]}}