{"id":28215,"date":"2024-09-12T01:40:56","date_gmt":"2024-09-12T06:40:56","guid":{"rendered":"https:\/\/www.beekeeper.io\/livre-electronique\/"},"modified":"2025-09-11T11:15:30","modified_gmt":"2025-09-11T16:15:30","slug":"livre-electronique","status":"publish","type":"page","link":"https:\/\/www.beekeeper.io\/fr\/livre-electronique\/","title":{"rendered":"e-books"},"content":{"rendered":"\n<section class=\"e-stn e-stn-3ef3caeaca1e80ad1bbfe1b461061d5e237a171a e-stn--common-banner e-pt-80  e-pt-sm-60 e-pb-80  e-pb-sm-30\"><div class=\"container\">\n<div class=\"wp-block-b3rg-row e-row row\">\n<div class=\"wp-block-b3rg-column e-col e-col-ace831841ae6ba6894718dbe446538456bed6c8a  col-sm-12\"><div class=\"e-img e-img--background-pattern\">\n<figure class=\"wp-block-image size-large\"><img decoding=\"async\" src=\"https:\/\/www.beekeeper.io\/wp-content\/uploads\/2024\/10\/common-banner-pattern.svg\" alt=\"\" class=\"wp-image-3664\"\/><\/figure>\n<\/div>\n\n\n<h1 class=\"wp-block-heading has-lava-color has-text-color has-link-color wp-elements-e91ce71e75bcc36c059836a726bb5881\">e-books<\/h1>\n<\/div>\n<\/div>\n<\/div><\/section>\n\n\n\n<section class=\"e-stn e-stn-b5dc3eaf80c32ef225575994ecc6250e076f9ba3 e-stn--resource-center-search-and-filters e-stn--resource-general-posts e-stn--common-general-post e-mt-0   e-pt-sm-30 e-pb-100  e-pb-sm-50\"><div class=\"container\">\n<div class=\"wp-block-b3rg-row e-row row e-row--tabs-search-filter\">\n<div class=\"wp-block-b3rg-column e-col e-col-1fa301a423f2f88645fb45e5e02176f5cc595f2a e-col--side-bar-filters  col-sm-12 col-lg-3\">\n<div class=\"e-div e-div-18b8b1a8d419f6d5b4f567c06a5aa0ff0ada1a0f\"><style>@media only screen and (max-width: 9999px) {\n\t\t\t\t\t\t.e-div.e-div-18b8b1a8d419f6d5b4f567c06a5aa0ff0ada1a0f {\n\t\t\t\t\t\t\tbackground-image: linear-gradient(180deg, #F5F5F6 0%, #f5f5f600 100%);\n\t\t\t\t\t\t}\n\t\t\t\t\t}<\/style><div class=\"facetwp-facet facetwp-facet-search facetwp-type-search\" data-name=\"search\" data-type=\"search\"><\/div>\n\n\n\n<div class=\"e-div e-div-07019e0eee7974b90aa423083e32b2eabd3af078\">\n<p>Fonction<\/p>\n\n\n<div class=\"facetwp-facet facetwp-facet-resource_function facetwp-type-checkboxes\" data-name=\"resource_function\" data-type=\"checkboxes\"><\/div>\n<\/div>\n\n\n\n<div class=\"e-div e-div-07019e0eee7974b90aa423083e32b2eabd3af078\">\n<p>L&rsquo;industrie<\/p>\n\n\n<div class=\"facetwp-facet facetwp-facet-resource_industry facetwp-type-checkboxes\" data-name=\"resource_industry\" data-type=\"checkboxes\"><\/div>\n<\/div>\n<\/div>\n<\/div>\n\n\n\n<div class=\"wp-block-b3rg-column e-col e-col-2f9a4684f2212f6cc7c796f0adb9e4e1e594af3d e-col--general-posts-wrapper  col-sm-12 col-lg-9\">\n<div class=\"e-div e-div-07019e0eee7974b90aa423083e32b2eabd3af078\"><div class=\"facetwp-selections\"><\/div>\n\n\n<div class=\"facetwp-facet facetwp-facet-clear_all facetwp-type-reset\" data-name=\"clear_all\" data-type=\"reset\"><\/div>\n<\/div>\n\n\n<div class=\"facetwp-template\" data-name=\"resource_posts_report\"><div class=\"b3rg-posts \">\n                    <div class=\"wp-block-b3rg-row e-row row\">  <div class=\"wp-block-b3rg-column e-col col-sm-12 col-lg-4\">\n      <div class=\"e-sgp no-image e-sgp--list-item taxonomy-facultatif taxonomy-e-books-fr\">\n          <a class=\"b3rg-post__trigger\" href='https:\/\/www.beekeeper.io\/fr\/resources\/e-books-fr\/la-communication-dans-la-nouvelle-normalite\/' target='_self'>\n          <div class=\"e-sgp__inner\">\n                  <div class=\"e-sgp__media\">\n        <figure class=\"wp-block-post-featured-image\">\n            <img decoding=\"async\" src=\"https:\/\/www.beekeeper.io\/wp-content\/uploads\/2025\/01\/beekeeper-post-placeholder-image.webp\"\n            class=\"attachment-post-thumbnail size-post-thumbnail wp-post-image\" alt=\"\"\/>\n        <\/figure>\n    <\/div><div class=\"e-sgp__content\">\n    <div class=\"wp-block-post-title\">La communication dans la nouvelle normalit\u00e9<\/div><div class=\"e-mtf e-mtf_learn_more_label \">\n                    <span class=\"btn learn-more-text b3rg-post__learn-more-text\">Read More<\/span><\/div>\n<\/div>\n          <\/div>\n          <\/a>\n      <\/div>\n  <\/div>  <div class=\"wp-block-b3rg-column e-col col-sm-12 col-lg-4\">\n      <div class=\"e-sgp  e-sgp--list-item taxonomy-facultatif taxonomy-e-books-fr taxonomy-business-leader-fr taxonomy-hr-fr taxonomy-operations-fr taxonomy-communications-fr taxonomy-manufacturing-fr taxonomy-transportation-fr taxonomy-construction-fr taxonomy-food-industry-fr taxonomy-healthcare-fr taxonomy-retail-fr taxonomy-logistics-fr\">\n          <a class=\"b3rg-post__trigger\" href='https:\/\/www.beekeeper.io\/fr\/resources\/e-books-fr\/personnel-de-terrain-rapport-pulse-2024\/' target='_self'>\n          <div class=\"e-sgp__inner\">\n                  <div class=\"e-sgp__media\">\n        <figure class=\"wp-block-post-featured-image\">\n            <img decoding=\"async\" src=\"https:\/\/www.beekeeper.io\/wp-content\/uploads\/2024\/11\/Thumbnail_2024-Survey-Report.jpg\"\n            class=\"attachment-post-thumbnail size-post-thumbnail wp-post-image\" alt=\"\"\/>\n        <\/figure>\n    <\/div><div class=\"e-sgp__content\">\n    <div class=\"wp-block-post-title\">Personnel de terrain rapport pulse 2024<\/div><div class=\"e-mtf e-mtf_learn_more_label \">\n                    <span class=\"btn learn-more-text b3rg-post__learn-more-text\">En savoir plus<\/span><\/div>\n<\/div>\n          <\/div>\n          <\/a>\n      <\/div>\n  <\/div><\/div>\n                <\/div><\/div>\n\n\n<div class=\"facetwp-facet facetwp-facet-pagination facetwp-type-pager\" data-name=\"pagination\" data-type=\"pager\"><\/div>\n<\/div>\n<\/div>\n<\/div><\/section>\n\n\n\n<section class=\"e-stn e-stn-822cc78509230f4392fbdfa5a84517f69aa1478e e-stn--background-svg-animation e-stn--bottom-cta e-mt-0\"><style>@media only screen and (max-width: 9999px) {\n\t\t\t\t\t\t.e-stn.e-stn-822cc78509230f4392fbdfa5a84517f69aa1478e {\n\t\t\t\t\t\t\tbackground-image: linear-gradient(75deg, #ff9900 0%, #ed11be 100%);\n\t\t\t\t\t\t}\n\t\t\t\t\t}@media only screen and (max-width: 1200px) {\n\t\t\t\t\t\t.e-stn.e-stn-822cc78509230f4392fbdfa5a84517f69aa1478e {\n\t\t\t\t\t\t\tbackground-image: linear-gradient(180deg, #ff9900 0%, #ed11be 100%);\n\t\t\t\t\t\t}\n\t\t\t\t\t}@media only screen and (max-width: 576px) {\n\t\t\t\t\t\t.e-stn.e-stn-822cc78509230f4392fbdfa5a84517f69aa1478e {\n\t\t\t\t\t\t\tbackground-image: linear-gradient(180deg, #ff9900 0%, #ed11be 100%);\n\t\t\t\t\t\t}\n\t\t\t\t\t}<\/style><div class=\"container\">\n<div class=\"wp-block-b3rg-row e-row row e-row--top-content\">\n<div class=\"wp-block-b3rg-column e-col e-col-c808b93aa10afa31e0e9956450ae52620e329043 e-col--position-static e-col--left-svg-wrapper  col-sm-12 col-lg-6\"><div class=\"e-svg e-svg--dlt e-svg--background-animation\"><object data=\"https:\/\/www.beekeeper.io\/wp-content\/uploads\/2024\/09\/Bg-B-Small_Left.svg\" type=\"image\/svg+xml\"><\/object><\/div><\/div>\n\n\n\n<div class=\"wp-block-b3rg-column e-col e-col-f4bade0ecb5568f797203ff3445717af045e8f6d e-col--position-static e-col--right-svg-wrapper  col-sm-12 col-lg-6\"><div class=\"e-svg e-svg--dlt e-svg--background-animation\"><object data=\"https:\/\/www.beekeeper.io\/wp-content\/uploads\/2024\/09\/Bg-B-Small-new.svg\" type=\"image\/svg+xml\"><\/object><\/div><\/div>\n<\/div>\n\n\n\n<div class=\"wp-block-b3rg-row e-row row justify-content-center\">\n<div class=\"wp-block-b3rg-column e-col e-col-4c3325aa9fa3d4368923ad2492d3c868467f08e4 e-col--content-wrapper  col-sm-12 col-md-10\">\n<h2 class=\"wp-block-heading has-text-align-center has-pure-white-color has-text-color has-link-color wp-elements-bf5b23e5b9f8da920888ced339cc0607\">Ready to get started with Beekeeper?<\/h2>\n\n\n\n<p class=\"has-text-align-center has-pure-white-color has-text-color has-link-color wp-elements-9d204c21bbf6289bc44c3acd46e490e5\">Join 1200+ companies transforming frontline work with Beekeeper. Start your journey today to make every task easier, every team stronger, and every shift smoother.<\/p>\n\n\n\n<div class=\"e-div e-div-bcc4a6d40215147b3a8eb045a2f3399e3e0bc2f4 e-div--button-wrapper d-flex flex-column flex-lg-row\">\n\n<div class=\"e-btn e-btn--lava-fill\"><a class=\"e-btn__link\"href=\"https:\/\/www.beekeeper.io\/demo\/\" target=\"_self\">\n<p class=\"title\">Schedule a demo<\/p>\n<\/a><\/div><\/div>\n<\/div>\n<\/div>\n\n\n\n<div class=\"wp-block-b3rg-row e-row row\">\n<div class=\"wp-block-b3rg-column e-col e-col-ed55a7daf39f4fd1c554ecce6c5bd368ec25e249 e-col--position-static e-col--bottom-mask-wrapper  col-sm-12\"><div class=\"e-img \">\n<figure class=\"wp-block-image size-large\"><img decoding=\"async\" src=\"https:\/\/www.beekeeper.io\/wp-content\/uploads\/2024\/09\/pink-pattern.svg\" alt=\"\" class=\"wp-image-1811\"\/><\/figure>\n<\/div><\/div>\n<\/div>\n<\/div><\/section>\n","protected":false},"excerpt":{"rendered":"","protected":false},"author":1,"featured_media":0,"parent":0,"menu_order":0,"comment_status":"closed","ping_status":"closed","template":"","meta":{"_acf_changed":false,"show_custom_date":false,"custom_date":"","featured":false,"featured_image":0,"learn_more_label":"","image_alt_text":"","learn_more_type":"","show_popup":false,"learn_more_link_file":0,"event_date":false,"event_start_date":"","event_end_date":"","place_holder_image_url":"","post_reading_time":"< 1","notification_enabled":false,"notification_text":"","notification_logo":"","notification_expiration_time":0,"is_enable_transparent_header":false,"hide_from_list_view":false,"selected_taxonomy_terms":{"translation_priority":[80]},"selected_primary_terms":[],"learn_more_link":[],"featured_page_list":[],"notification_enabled_post_list":[],"_relevanssi_hide_post":"","_relevanssi_hide_content":"","_relevanssi_pin_for_all":"","_relevanssi_pin_keywords":"","_relevanssi_unpin_keywords":"","_relevanssi_related_keywords":"","_relevanssi_related_include_ids":"","_relevanssi_related_exclude_ids":"","_relevanssi_related_no_append":"","_relevanssi_related_not_related":"","_relevanssi_related_posts":"","_relevanssi_noindex_reason":"","inline_featured_image":false,"footnotes":""},"class_list":["post-28215","page","type-page","status-publish","hentry"],"acf":[],"yoast_head":"<!-- This site is optimized with the Yoast SEO plugin v27.2 - https:\/\/yoast.com\/product\/yoast-seo-wordpress\/ -->\n<title>Livre electronique<\/title>\n<meta name=\"description\" content=\"T\u00e9l\u00e9chargez notre livre \u00e9lectronique gratuit pour d\u00e9couvrir comment am\u00e9liorer la communication et l&#039;engagement des employ\u00e9s.\" \/>\n<meta name=\"robots\" content=\"index, follow, max-snippet:-1, max-image-preview:large, max-video-preview:-1\" \/>\n<link rel=\"canonical\" href=\"https:\/\/www.beekeeper.io\/fr\/livre-electronique\/\" \/>\n<meta property=\"og:locale\" content=\"fr_FR\" \/>\n<meta property=\"og:type\" content=\"article\" \/>\n<meta property=\"og:title\" content=\"Livre electronique\" \/>\n<meta property=\"og:description\" content=\"T\u00e9l\u00e9chargez notre livre \u00e9lectronique gratuit pour d\u00e9couvrir comment am\u00e9liorer la communication et l&#039;engagement des employ\u00e9s.\" \/>\n<meta property=\"og:url\" content=\"https:\/\/www.beekeeper.io\/fr\/livre-electronique\/\" \/>\n<meta property=\"og:site_name\" content=\"Beekeeper\" \/>\n<meta property=\"article:publisher\" content=\"https:\/\/www.facebook.com\/BeekeeperSocial\/\" \/>\n<meta property=\"article:modified_time\" content=\"2025-09-11T16:15:30+00:00\" \/>\n<meta name=\"twitter:card\" content=\"summary_large_image\" \/>\n<meta name=\"twitter:site\" content=\"@beekeepersocial\" \/>\n<meta name=\"twitter:label1\" content=\"Dur\u00e9e de lecture estim\u00e9e\" \/>\n\t<meta name=\"twitter:data1\" content=\"1 minute\" \/>\n<script type=\"application\/ld+json\" class=\"yoast-schema-graph\">{\"@context\":\"https:\/\/schema.org\",\"@graph\":[{\"@type\":\"WebPage\",\"@id\":\"https:\/\/www.beekeeper.io\/fr\/livre-electronique\/\",\"url\":\"https:\/\/www.beekeeper.io\/fr\/livre-electronique\/\",\"name\":\"Livre electronique\",\"isPartOf\":{\"@id\":\"https:\/\/www.beekeeper.io\/fr\/#website\"},\"primaryImageOfPage\":{\"@id\":\"https:\/\/www.beekeeper.io\/fr\/livre-electronique\/#primaryimage\"},\"image\":{\"@id\":\"https:\/\/www.beekeeper.io\/fr\/livre-electronique\/#primaryimage\"},\"thumbnailUrl\":\"https:\/\/www.beekeeper.io\/wp-content\/uploads\/2024\/10\/common-banner-pattern.svg\",\"datePublished\":\"2024-09-12T06:40:56+00:00\",\"dateModified\":\"2025-09-11T16:15:30+00:00\",\"description\":\"T\u00e9l\u00e9chargez notre livre \u00e9lectronique gratuit pour d\u00e9couvrir comment am\u00e9liorer la communication et l'engagement des employ\u00e9s.\",\"breadcrumb\":{\"@id\":\"https:\/\/www.beekeeper.io\/fr\/livre-electronique\/#breadcrumb\"},\"inLanguage\":\"fr-FR\",\"potentialAction\":[{\"@type\":\"ReadAction\",\"target\":[\"https:\/\/www.beekeeper.io\/fr\/livre-electronique\/\"]}]},{\"@type\":\"ImageObject\",\"inLanguage\":\"fr-FR\",\"@id\":\"https:\/\/www.beekeeper.io\/fr\/livre-electronique\/#primaryimage\",\"url\":\"https:\/\/www.beekeeper.io\/wp-content\/uploads\/2024\/10\/common-banner-pattern.svg\",\"contentUrl\":\"https:\/\/www.beekeeper.io\/wp-content\/uploads\/2024\/10\/common-banner-pattern.svg\"},{\"@type\":\"BreadcrumbList\",\"@id\":\"https:\/\/www.beekeeper.io\/fr\/livre-electronique\/#breadcrumb\",\"itemListElement\":[{\"@type\":\"ListItem\",\"position\":1,\"name\":\"Home\",\"item\":\"https:\/\/www.beekeeper.io\/fr\/\"},{\"@type\":\"ListItem\",\"position\":2,\"name\":\"e-books\"}]},{\"@type\":\"WebSite\",\"@id\":\"https:\/\/www.beekeeper.io\/fr\/#website\",\"url\":\"https:\/\/www.beekeeper.io\/fr\/\",\"name\":\"Beekeeper\",\"description\":\"Frontline Success Platform\",\"publisher\":{\"@id\":\"https:\/\/www.beekeeper.io\/fr\/#organization\"},\"potentialAction\":[{\"@type\":\"SearchAction\",\"target\":{\"@type\":\"EntryPoint\",\"urlTemplate\":\"https:\/\/www.beekeeper.io\/fr\/?s={search_term_string}\"},\"query-input\":{\"@type\":\"PropertyValueSpecification\",\"valueRequired\":true,\"valueName\":\"search_term_string\"}}],\"inLanguage\":\"fr-FR\"},{\"@type\":\"Organization\",\"@id\":\"https:\/\/www.beekeeper.io\/fr\/#organization\",\"name\":\"Beekeeper\",\"url\":\"https:\/\/www.beekeeper.io\/fr\/\",\"logo\":{\"@type\":\"ImageObject\",\"inLanguage\":\"fr-FR\",\"@id\":\"https:\/\/www.beekeeper.io\/fr\/#\/schema\/logo\/image\/\",\"url\":\"https:\/\/www.beekeeper.io\/wp-content\/uploads\/2024\/11\/Logo-Beekeeper-Outline-lava.svg\",\"contentUrl\":\"https:\/\/www.beekeeper.io\/wp-content\/uploads\/2024\/11\/Logo-Beekeeper-Outline-lava.svg\",\"caption\":\"Beekeeper\"},\"image\":{\"@id\":\"https:\/\/www.beekeeper.io\/fr\/#\/schema\/logo\/image\/\"},\"sameAs\":[\"https:\/\/www.facebook.com\/BeekeeperSocial\/\",\"https:\/\/x.com\/beekeepersocial\",\"https:\/\/www.linkedin.com\/company\/beekeeper\/\",\"https:\/\/www.youtube.com\/beekeepersocial\",\"https:\/\/www.g2.com\/products\/beekeeper\/reviews\"]}]}<\/script>\n<!-- \/ Yoast SEO plugin. -->","yoast_head_json":{"title":"Livre electronique","description":"T\u00e9l\u00e9chargez notre livre \u00e9lectronique gratuit pour d\u00e9couvrir comment am\u00e9liorer la communication et l'engagement des employ\u00e9s.","robots":{"index":"index","follow":"follow","max-snippet":"max-snippet:-1","max-image-preview":"max-image-preview:large","max-video-preview":"max-video-preview:-1"},"canonical":"https:\/\/www.beekeeper.io\/fr\/livre-electronique\/","og_locale":"fr_FR","og_type":"article","og_title":"Livre electronique","og_description":"T\u00e9l\u00e9chargez notre livre \u00e9lectronique gratuit pour d\u00e9couvrir comment am\u00e9liorer la communication et l'engagement des employ\u00e9s.","og_url":"https:\/\/www.beekeeper.io\/fr\/livre-electronique\/","og_site_name":"Beekeeper","article_publisher":"https:\/\/www.facebook.com\/BeekeeperSocial\/","article_modified_time":"2025-09-11T16:15:30+00:00","twitter_card":"summary_large_image","twitter_site":"@beekeepersocial","twitter_misc":{"Dur\u00e9e de lecture estim\u00e9e":"1 minute"},"schema":{"@context":"https:\/\/schema.org","@graph":[{"@type":"WebPage","@id":"https:\/\/www.beekeeper.io\/fr\/livre-electronique\/","url":"https:\/\/www.beekeeper.io\/fr\/livre-electronique\/","name":"Livre electronique","isPartOf":{"@id":"https:\/\/www.beekeeper.io\/fr\/#website"},"primaryImageOfPage":{"@id":"https:\/\/www.beekeeper.io\/fr\/livre-electronique\/#primaryimage"},"image":{"@id":"https:\/\/www.beekeeper.io\/fr\/livre-electronique\/#primaryimage"},"thumbnailUrl":"https:\/\/www.beekeeper.io\/wp-content\/uploads\/2024\/10\/common-banner-pattern.svg","datePublished":"2024-09-12T06:40:56+00:00","dateModified":"2025-09-11T16:15:30+00:00","description":"T\u00e9l\u00e9chargez notre livre \u00e9lectronique gratuit pour d\u00e9couvrir comment am\u00e9liorer la communication et l'engagement des employ\u00e9s.","breadcrumb":{"@id":"https:\/\/www.beekeeper.io\/fr\/livre-electronique\/#breadcrumb"},"inLanguage":"fr-FR","potentialAction":[{"@type":"ReadAction","target":["https:\/\/www.beekeeper.io\/fr\/livre-electronique\/"]}]},{"@type":"ImageObject","inLanguage":"fr-FR","@id":"https:\/\/www.beekeeper.io\/fr\/livre-electronique\/#primaryimage","url":"https:\/\/www.beekeeper.io\/wp-content\/uploads\/2024\/10\/common-banner-pattern.svg","contentUrl":"https:\/\/www.beekeeper.io\/wp-content\/uploads\/2024\/10\/common-banner-pattern.svg"},{"@type":"BreadcrumbList","@id":"https:\/\/www.beekeeper.io\/fr\/livre-electronique\/#breadcrumb","itemListElement":[{"@type":"ListItem","position":1,"name":"Home","item":"https:\/\/www.beekeeper.io\/fr\/"},{"@type":"ListItem","position":2,"name":"e-books"}]},{"@type":"WebSite","@id":"https:\/\/www.beekeeper.io\/fr\/#website","url":"https:\/\/www.beekeeper.io\/fr\/","name":"Beekeeper","description":"Frontline Success Platform","publisher":{"@id":"https:\/\/www.beekeeper.io\/fr\/#organization"},"potentialAction":[{"@type":"SearchAction","target":{"@type":"EntryPoint","urlTemplate":"https:\/\/www.beekeeper.io\/fr\/?s={search_term_string}"},"query-input":{"@type":"PropertyValueSpecification","valueRequired":true,"valueName":"search_term_string"}}],"inLanguage":"fr-FR"},{"@type":"Organization","@id":"https:\/\/www.beekeeper.io\/fr\/#organization","name":"Beekeeper","url":"https:\/\/www.beekeeper.io\/fr\/","logo":{"@type":"ImageObject","inLanguage":"fr-FR","@id":"https:\/\/www.beekeeper.io\/fr\/#\/schema\/logo\/image\/","url":"https:\/\/www.beekeeper.io\/wp-content\/uploads\/2024\/11\/Logo-Beekeeper-Outline-lava.svg","contentUrl":"https:\/\/www.beekeeper.io\/wp-content\/uploads\/2024\/11\/Logo-Beekeeper-Outline-lava.svg","caption":"Beekeeper"},"image":{"@id":"https:\/\/www.beekeeper.io\/fr\/#\/schema\/logo\/image\/"},"sameAs":["https:\/\/www.facebook.com\/BeekeeperSocial\/","https:\/\/x.com\/beekeepersocial","https:\/\/www.linkedin.com\/company\/beekeeper\/","https:\/\/www.youtube.com\/beekeepersocial","https:\/\/www.g2.com\/products\/beekeeper\/reviews"]}]}},"_links":{"self":[{"href":"https:\/\/www.beekeeper.io\/fr\/wp-json\/wp\/v2\/pages\/28215","targetHints":{"allow":["GET"]}}],"collection":[{"href":"https:\/\/www.beekeeper.io\/fr\/wp-json\/wp\/v2\/pages"}],"about":[{"href":"https:\/\/www.beekeeper.io\/fr\/wp-json\/wp\/v2\/types\/page"}],"author":[{"embeddable":true,"href":"https:\/\/www.beekeeper.io\/fr\/wp-json\/wp\/v2\/users\/1"}],"replies":[{"embeddable":true,"href":"https:\/\/www.beekeeper.io\/fr\/wp-json\/wp\/v2\/comments?post=28215"}],"version-history":[{"count":0,"href":"https:\/\/www.beekeeper.io\/fr\/wp-json\/wp\/v2\/pages\/28215\/revisions"}],"wp:attachment":[{"href":"https:\/\/www.beekeeper.io\/fr\/wp-json\/wp\/v2\/media?parent=28215"}],"curies":[{"name":"wp","href":"https:\/\/api.w.org\/{rel}","templated":true}]}}