{"id":22110,"date":"2024-09-11T11:33:46","date_gmt":"2024-09-11T16:33:46","guid":{"rendered":"https:\/\/www.beekeeper.io\/pricing\/"},"modified":"2025-06-30T14:23:29","modified_gmt":"2025-06-30T19:23:29","slug":"pricing","status":"publish","type":"page","link":"https:\/\/www.beekeeper.io\/fr\/pricing\/","title":{"rendered":"Tarification"},"content":{"rendered":"\n<section class=\"e-stn e-stn-2482b8108a2eae195604f95ad667da732ec30291 e-stn--common-banner e-pt-80  e-pt-sm-60 e-pb-0  e-pb-sm-30\"><div class=\"container\">\n<div class=\"wp-block-b3rg-row e-row row\">\n<div class=\"wp-block-b3rg-column e-col e-col-ace831841ae6ba6894718dbe446538456bed6c8a  col-sm-12\"><div class=\"e-img e-img--background-pattern\">\n<figure class=\"wp-block-image size-large\"><img decoding=\"async\" src=\"https:\/\/www.beekeeper.io\/wp-content\/uploads\/2024\/10\/common-banner-pattern.svg\" alt=\"\" class=\"wp-image-3664\"\/><\/figure>\n<\/div>\n\n\n<h1 class=\"wp-block-heading has-lava-color has-text-color has-link-color wp-elements-fd1c4ecb9427aa6b5c591a176251feb9\">Tarification<\/h1>\n<\/div>\n<\/div>\n<\/div><\/section>\n\n\n\n<div class=\"e-div--pricing\">\n  <iframe \n    id=\"iframe-pricing-app\" \n    src=\"https:\/\/pricing.services.beekeeper.io\/?main_page_inapp=true&amp;lang=fr\" \n    frameborder=\"0\" \n    scrolling=\"no\" \n    width=\"100%\" \n    data-resizable=\"true\">\n  <\/iframe>\n<\/div>\n\n","protected":false},"excerpt":{"rendered":"","protected":false},"author":1,"featured_media":39149,"parent":0,"menu_order":0,"comment_status":"closed","ping_status":"closed","template":"","meta":{"_acf_changed":false,"show_custom_date":false,"custom_date":"","featured":false,"featured_image":0,"learn_more_label":"","image_alt_text":"","learn_more_type":"","show_popup":false,"learn_more_link_file":0,"event_date":false,"event_start_date":"","event_end_date":"","place_holder_image_url":"","post_reading_time":"< 1","notification_enabled":false,"notification_text":"","notification_logo":"","notification_expiration_time":0,"is_enable_transparent_header":false,"hide_from_list_view":false,"selected_taxonomy_terms":{"translation_priority":[80]},"selected_primary_terms":[],"learn_more_link":[],"featured_page_list":[],"notification_enabled_post_list":[],"_relevanssi_hide_post":"","_relevanssi_hide_content":"","_relevanssi_pin_for_all":"","_relevanssi_pin_keywords":"","_relevanssi_unpin_keywords":"","_relevanssi_related_keywords":"","_relevanssi_related_include_ids":"","_relevanssi_related_exclude_ids":"","_relevanssi_related_no_append":"","_relevanssi_related_not_related":"","_relevanssi_related_posts":"","_relevanssi_noindex_reason":"","inline_featured_image":false,"footnotes":""},"class_list":["post-22110","page","type-page","status-publish","has-post-thumbnail","hentry"],"acf":[],"yoast_head":"<!-- This site is optimized with the Yoast SEO plugin v27.2 - https:\/\/yoast.com\/product\/yoast-seo-wordpress\/ -->\n<title>Tarification - Beekeeper<\/title>\n<meta name=\"description\" content=\"D\u00e9couvrez les options de tarification de Beekeeper pour optimiser la communication et la productivit\u00e9 de votre \u00e9quipe.\" \/>\n<meta name=\"robots\" content=\"index, follow, max-snippet:-1, max-image-preview:large, max-video-preview:-1\" \/>\n<link rel=\"canonical\" href=\"https:\/\/www.beekeeper.io\/fr\/pricing\/\" \/>\n<meta property=\"og:locale\" content=\"fr_FR\" \/>\n<meta property=\"og:type\" content=\"article\" \/>\n<meta property=\"og:title\" content=\"Tarification - Beekeeper\" \/>\n<meta property=\"og:description\" content=\"D\u00e9couvrez les options de tarification de Beekeeper pour optimiser la communication et la productivit\u00e9 de votre \u00e9quipe.\" \/>\n<meta property=\"og:url\" content=\"https:\/\/www.beekeeper.io\/fr\/pricing\/\" \/>\n<meta property=\"og:site_name\" content=\"Beekeeper\" \/>\n<meta property=\"article:publisher\" content=\"https:\/\/www.facebook.com\/BeekeeperSocial\/\" \/>\n<meta property=\"article:modified_time\" content=\"2025-06-30T19:23:29+00:00\" \/>\n<meta name=\"twitter:card\" content=\"summary_large_image\" \/>\n<meta name=\"twitter:site\" content=\"@beekeepersocial\" \/>\n<meta name=\"twitter:label1\" content=\"Dur\u00e9e de lecture estim\u00e9e\" \/>\n\t<meta name=\"twitter:data1\" content=\"1 minute\" \/>\n<script type=\"application\/ld+json\" class=\"yoast-schema-graph\">{\"@context\":\"https:\/\/schema.org\",\"@graph\":[{\"@type\":\"WebPage\",\"@id\":\"https:\/\/www.beekeeper.io\/fr\/pricing\/\",\"url\":\"https:\/\/www.beekeeper.io\/fr\/pricing\/\",\"name\":\"Tarification - Beekeeper\",\"isPartOf\":{\"@id\":\"https:\/\/www.beekeeper.io\/fr\/#website\"},\"primaryImageOfPage\":{\"@id\":\"https:\/\/www.beekeeper.io\/fr\/pricing\/#primaryimage\"},\"image\":{\"@id\":\"https:\/\/www.beekeeper.io\/fr\/pricing\/#primaryimage\"},\"thumbnailUrl\":\"https:\/\/www.beekeeper.io\/wp-content\/uploads\/2025\/07\/2025_buzz_campaign_faq_page_thumbnail_resource_image_1200_x_628px_magnetic-1.webp\",\"datePublished\":\"2024-09-11T16:33:46+00:00\",\"dateModified\":\"2025-06-30T19:23:29+00:00\",\"description\":\"D\u00e9couvrez les options de tarification de Beekeeper pour optimiser la communication et la productivit\u00e9 de votre \u00e9quipe.\",\"breadcrumb\":{\"@id\":\"https:\/\/www.beekeeper.io\/fr\/pricing\/#breadcrumb\"},\"inLanguage\":\"fr-FR\",\"potentialAction\":[{\"@type\":\"ReadAction\",\"target\":[\"https:\/\/www.beekeeper.io\/fr\/pricing\/\"]}]},{\"@type\":\"ImageObject\",\"inLanguage\":\"fr-FR\",\"@id\":\"https:\/\/www.beekeeper.io\/fr\/pricing\/#primaryimage\",\"url\":\"https:\/\/www.beekeeper.io\/wp-content\/uploads\/2025\/07\/2025_buzz_campaign_faq_page_thumbnail_resource_image_1200_x_628px_magnetic-1.webp\",\"contentUrl\":\"https:\/\/www.beekeeper.io\/wp-content\/uploads\/2025\/07\/2025_buzz_campaign_faq_page_thumbnail_resource_image_1200_x_628px_magnetic-1.webp\",\"width\":1200,\"height\":628},{\"@type\":\"BreadcrumbList\",\"@id\":\"https:\/\/www.beekeeper.io\/fr\/pricing\/#breadcrumb\",\"itemListElement\":[{\"@type\":\"ListItem\",\"position\":1,\"name\":\"Home\",\"item\":\"https:\/\/www.beekeeper.io\/fr\/\"},{\"@type\":\"ListItem\",\"position\":2,\"name\":\"Tarification\"}]},{\"@type\":\"WebSite\",\"@id\":\"https:\/\/www.beekeeper.io\/fr\/#website\",\"url\":\"https:\/\/www.beekeeper.io\/fr\/\",\"name\":\"Beekeeper\",\"description\":\"Frontline Success Platform\",\"publisher\":{\"@id\":\"https:\/\/www.beekeeper.io\/fr\/#organization\"},\"potentialAction\":[{\"@type\":\"SearchAction\",\"target\":{\"@type\":\"EntryPoint\",\"urlTemplate\":\"https:\/\/www.beekeeper.io\/fr\/?s={search_term_string}\"},\"query-input\":{\"@type\":\"PropertyValueSpecification\",\"valueRequired\":true,\"valueName\":\"search_term_string\"}}],\"inLanguage\":\"fr-FR\"},{\"@type\":\"Organization\",\"@id\":\"https:\/\/www.beekeeper.io\/fr\/#organization\",\"name\":\"Beekeeper\",\"url\":\"https:\/\/www.beekeeper.io\/fr\/\",\"logo\":{\"@type\":\"ImageObject\",\"inLanguage\":\"fr-FR\",\"@id\":\"https:\/\/www.beekeeper.io\/fr\/#\/schema\/logo\/image\/\",\"url\":\"https:\/\/www.beekeeper.io\/wp-content\/uploads\/2024\/11\/Logo-Beekeeper-Outline-lava.svg\",\"contentUrl\":\"https:\/\/www.beekeeper.io\/wp-content\/uploads\/2024\/11\/Logo-Beekeeper-Outline-lava.svg\",\"caption\":\"Beekeeper\"},\"image\":{\"@id\":\"https:\/\/www.beekeeper.io\/fr\/#\/schema\/logo\/image\/\"},\"sameAs\":[\"https:\/\/www.facebook.com\/BeekeeperSocial\/\",\"https:\/\/x.com\/beekeepersocial\",\"https:\/\/www.linkedin.com\/company\/beekeeper\/\",\"https:\/\/www.youtube.com\/beekeepersocial\",\"https:\/\/www.g2.com\/products\/beekeeper\/reviews\"]}]}<\/script>\n<!-- \/ Yoast SEO plugin. -->","yoast_head_json":{"title":"Tarification - Beekeeper","description":"D\u00e9couvrez les options de tarification de Beekeeper pour optimiser la communication et la productivit\u00e9 de votre \u00e9quipe.","robots":{"index":"index","follow":"follow","max-snippet":"max-snippet:-1","max-image-preview":"max-image-preview:large","max-video-preview":"max-video-preview:-1"},"canonical":"https:\/\/www.beekeeper.io\/fr\/pricing\/","og_locale":"fr_FR","og_type":"article","og_title":"Tarification - Beekeeper","og_description":"D\u00e9couvrez les options de tarification de Beekeeper pour optimiser la communication et la productivit\u00e9 de votre \u00e9quipe.","og_url":"https:\/\/www.beekeeper.io\/fr\/pricing\/","og_site_name":"Beekeeper","article_publisher":"https:\/\/www.facebook.com\/BeekeeperSocial\/","article_modified_time":"2025-06-30T19:23:29+00:00","twitter_card":"summary_large_image","twitter_site":"@beekeepersocial","twitter_misc":{"Dur\u00e9e de lecture estim\u00e9e":"1 minute"},"schema":{"@context":"https:\/\/schema.org","@graph":[{"@type":"WebPage","@id":"https:\/\/www.beekeeper.io\/fr\/pricing\/","url":"https:\/\/www.beekeeper.io\/fr\/pricing\/","name":"Tarification - Beekeeper","isPartOf":{"@id":"https:\/\/www.beekeeper.io\/fr\/#website"},"primaryImageOfPage":{"@id":"https:\/\/www.beekeeper.io\/fr\/pricing\/#primaryimage"},"image":{"@id":"https:\/\/www.beekeeper.io\/fr\/pricing\/#primaryimage"},"thumbnailUrl":"https:\/\/www.beekeeper.io\/wp-content\/uploads\/2025\/07\/2025_buzz_campaign_faq_page_thumbnail_resource_image_1200_x_628px_magnetic-1.webp","datePublished":"2024-09-11T16:33:46+00:00","dateModified":"2025-06-30T19:23:29+00:00","description":"D\u00e9couvrez les options de tarification de Beekeeper pour optimiser la communication et la productivit\u00e9 de votre \u00e9quipe.","breadcrumb":{"@id":"https:\/\/www.beekeeper.io\/fr\/pricing\/#breadcrumb"},"inLanguage":"fr-FR","potentialAction":[{"@type":"ReadAction","target":["https:\/\/www.beekeeper.io\/fr\/pricing\/"]}]},{"@type":"ImageObject","inLanguage":"fr-FR","@id":"https:\/\/www.beekeeper.io\/fr\/pricing\/#primaryimage","url":"https:\/\/www.beekeeper.io\/wp-content\/uploads\/2025\/07\/2025_buzz_campaign_faq_page_thumbnail_resource_image_1200_x_628px_magnetic-1.webp","contentUrl":"https:\/\/www.beekeeper.io\/wp-content\/uploads\/2025\/07\/2025_buzz_campaign_faq_page_thumbnail_resource_image_1200_x_628px_magnetic-1.webp","width":1200,"height":628},{"@type":"BreadcrumbList","@id":"https:\/\/www.beekeeper.io\/fr\/pricing\/#breadcrumb","itemListElement":[{"@type":"ListItem","position":1,"name":"Home","item":"https:\/\/www.beekeeper.io\/fr\/"},{"@type":"ListItem","position":2,"name":"Tarification"}]},{"@type":"WebSite","@id":"https:\/\/www.beekeeper.io\/fr\/#website","url":"https:\/\/www.beekeeper.io\/fr\/","name":"Beekeeper","description":"Frontline Success Platform","publisher":{"@id":"https:\/\/www.beekeeper.io\/fr\/#organization"},"potentialAction":[{"@type":"SearchAction","target":{"@type":"EntryPoint","urlTemplate":"https:\/\/www.beekeeper.io\/fr\/?s={search_term_string}"},"query-input":{"@type":"PropertyValueSpecification","valueRequired":true,"valueName":"search_term_string"}}],"inLanguage":"fr-FR"},{"@type":"Organization","@id":"https:\/\/www.beekeeper.io\/fr\/#organization","name":"Beekeeper","url":"https:\/\/www.beekeeper.io\/fr\/","logo":{"@type":"ImageObject","inLanguage":"fr-FR","@id":"https:\/\/www.beekeeper.io\/fr\/#\/schema\/logo\/image\/","url":"https:\/\/www.beekeeper.io\/wp-content\/uploads\/2024\/11\/Logo-Beekeeper-Outline-lava.svg","contentUrl":"https:\/\/www.beekeeper.io\/wp-content\/uploads\/2024\/11\/Logo-Beekeeper-Outline-lava.svg","caption":"Beekeeper"},"image":{"@id":"https:\/\/www.beekeeper.io\/fr\/#\/schema\/logo\/image\/"},"sameAs":["https:\/\/www.facebook.com\/BeekeeperSocial\/","https:\/\/x.com\/beekeepersocial","https:\/\/www.linkedin.com\/company\/beekeeper\/","https:\/\/www.youtube.com\/beekeepersocial","https:\/\/www.g2.com\/products\/beekeeper\/reviews"]}]}},"_links":{"self":[{"href":"https:\/\/www.beekeeper.io\/fr\/wp-json\/wp\/v2\/pages\/22110","targetHints":{"allow":["GET"]}}],"collection":[{"href":"https:\/\/www.beekeeper.io\/fr\/wp-json\/wp\/v2\/pages"}],"about":[{"href":"https:\/\/www.beekeeper.io\/fr\/wp-json\/wp\/v2\/types\/page"}],"author":[{"embeddable":true,"href":"https:\/\/www.beekeeper.io\/fr\/wp-json\/wp\/v2\/users\/1"}],"replies":[{"embeddable":true,"href":"https:\/\/www.beekeeper.io\/fr\/wp-json\/wp\/v2\/comments?post=22110"}],"version-history":[{"count":0,"href":"https:\/\/www.beekeeper.io\/fr\/wp-json\/wp\/v2\/pages\/22110\/revisions"}],"wp:featuredmedia":[{"embeddable":true,"href":"https:\/\/www.beekeeper.io\/fr\/wp-json\/wp\/v2\/media\/39149"}],"wp:attachment":[{"href":"https:\/\/www.beekeeper.io\/fr\/wp-json\/wp\/v2\/media?parent=22110"}],"curies":[{"name":"wp","href":"https:\/\/api.w.org\/{rel}","templated":true}]}}