{"id":32185,"date":"2025-02-20T10:14:57","date_gmt":"2025-02-20T15:14:57","guid":{"rendered":"https:\/\/www.beekeeper.io\/people-process-hr-tech\/"},"modified":"2025-12-04T22:33:38","modified_gmt":"2025-12-05T03:33:38","slug":"the-shift-mit-beekeeper","status":"publish","type":"page","link":"https:\/\/www.beekeeper.io\/de\/the-shift-mit-beekeeper\/","title":{"rendered":"The Shift mit Beekeeper: Der Podcast zur Zukunft operativer Arbeit"},"content":{"rendered":"\n<section class=\"e-stn e-stn-9569d75fcbb185764fed57df692261266ea6c2d6 e-stn--hero-with-a-media e-stn--hero-with-a-newsletter e-mt-0 e-pt-100  e-pt-sm-60\"><style>@media only screen and (max-width: 9999px) {\n\t\t\t\t\t\t\t\t\t.e-stn.e-stn-9569d75fcbb185764fed57df692261266ea6c2d6 { \n\t\t\t\t\t\t\t\t\t\tbackground-color: #323C46; \n\t\t\t\t\t\t\t\t\t}\n\t\t\t\t\t\t\t\t}<\/style><div class=\"container\">\n<div class=\"wp-block-b3rg-row e-row row\">\n<div class=\"wp-block-b3rg-column e-col e-col-5d2b57454f0d803be56f44bd31cdece8ff14c163  col-sm-12 col-lg-6\">\n<h1 class=\"wp-block-heading has-pure-white-color has-text-color has-link-color wp-elements-10d1e081397c768f58964f6e1ab235da\">Change mit Menschen gestalten \u2013 nicht nur mit Prozessen<\/h1>\n\n\n\n<p><\/p>\n\n\n\n<p class=\"description has-pure-white-color has-text-color has-link-color wp-elements-880629f92cb4009cc04145d535d034b3\">Wie sieht die Zukunft der Arbeit aus? Welche Tools kommen bei operativen Teams eigentlich an?  Wie sieht die Realit\u00e4t f\u00fcr Arbeitskr\u00e4fte in den operativen Branchen aus? Was ist mit KI?<\/p>\n\n\n\n<p><\/p>\n\n\n\n<p><\/p>\n\n\n\n<p class=\"description has-pure-white-color has-text-color has-link-color wp-elements-c62c42755180a89a22e061de868eddd4\">In unserer  Podcastserie gehen wir diesen und anderen Themen&nbsp;nach und kommen mit Profis ins Gespr\u00e4ch, die Antworten haben: HRler:innen, ITler:innen, Gesch\u00e4ftsf\u00fchrer:innen, Vordenker:innen, Gr\u00fcnder:innen und mehr.<\/p>\n\n\n\n<div class=\"e-div e-div-f335dbe8c2f89d6d0f8b4e8a95370f9d98d93538 e-div--footer-form-wrapper\"><script charset=\"utf-8\" type=\"text\/javascript\" src=\"https:\/\/js.hsforms.net\/forms\/shell.js\"><\/script>\n<div class=\"e-emf e-emf--dlt e-emf-302d9162e05828233659addc1e708c51874e98d1\" id=\"e-emf-302d9162e05828233659addc1e708c51874e98d1__form\">\n<\/div>\n\n<\/div>\n<\/div>\n\n\n\n<div class=\"wp-block-b3rg-column e-col e-col-14aff9150f9f549187a63850ea60b8e7c1abcbb0  col-sm-12 col-lg-6\">\n<div class=\"e-div e-div-07019e0eee7974b90aa423083e32b2eabd3af078\">\n\n<div class=\"e-img \">\n<figure class=\"wp-block-image size-full\"><img loading=\"lazy\" decoding=\"async\" width=\"1290\" height=\"1400\" src=\"https:\/\/www.beekeeper.io\/wp-content\/uploads\/2025\/07\/2025_buy_buy_buy_banner_header_1290x1400px_de_webp.webp\" alt=\"\" class=\"wp-image-39662\" srcset=\"https:\/\/www.beekeeper.io\/wp-content\/uploads\/2025\/07\/2025_buy_buy_buy_banner_header_1290x1400px_de_webp.webp 1290w, https:\/\/www.beekeeper.io\/wp-content\/uploads\/2025\/07\/2025_buy_buy_buy_banner_header_1290x1400px_de_webp-276x300.webp 276w, https:\/\/www.beekeeper.io\/wp-content\/uploads\/2025\/07\/2025_buy_buy_buy_banner_header_1290x1400px_de_webp-944x1024.webp 944w, https:\/\/www.beekeeper.io\/wp-content\/uploads\/2025\/07\/2025_buy_buy_buy_banner_header_1290x1400px_de_webp-768x833.webp 768w, https:\/\/www.beekeeper.io\/wp-content\/uploads\/2025\/07\/2025_buy_buy_buy_banner_header_1290x1400px_de_webp-575x624.webp 575w\" sizes=\"auto, (max-width: 1290px) 100vw, 1290px\" \/><\/figure>\n<\/div>\n\n\n\n<\/div>\n<\/div>\n<\/div>\n<\/div><\/section>\n\n\n\n<section class=\"e-stn e-stn-7aedd15da1569ecb2c32720647691b693aa7bda3 e-stn--customer-stories-inner-content e-mt-0 e-pt-90  e-pt-sm-40\"><div class=\"container\">\n<div class=\"wp-block-b3rg-row e-row row\">\n<div class=\"wp-block-b3rg-column e-col e-col-ace831841ae6ba6894718dbe446538456bed6c8a  col-sm-12\">\n<div class=\"wp-block-b3rg-row e-row row e-row--top-content\">\n<div class=\"wp-block-b3rg-column e-col e-col-ace831841ae6ba6894718dbe446538456bed6c8a  col-sm-12\">\n<h2 class=\"wp-block-heading has-text-align-center\" style=\"font-size:clamp(24.034px, 1.502rem + ((1vw - 3.2px) * 1.247), 40px);\"><strong>Gespr\u00e4che mit Expert:innen \u2013 ehrlich und direkt<\/strong><\/h2>\n<\/div>\n<\/div>\n<\/div>\n<\/div>\n<\/div><\/section>\n\n\n\n<section class=\"e-stn e-stn-ff51bce6ffed690f4af11542ef803128d21155c3\"><div class=\"container\">\n<div class=\"wp-block-columns is-layout-flex wp-container-core-columns-is-layout-28f84493 wp-block-columns-is-layout-flex\">\n<div class=\"wp-block-column is-layout-flow wp-block-column-is-layout-flow\">\n<script src=\"https:\/\/fast.wistia.com\/playlist.js\" async><\/script><wistia-playlist channel-id=\"tiogl6snw4\"><\/wistia-playlist>\n<\/div>\n<\/div>\n<\/div><\/section>\n\n\n\n<section class=\"e-stn e-stn-77252287aa4c0f521a0da8d1dee0cf1b52f5be32 e-stn--content-blocks-with-icons e-mt-10 e-pt-120 e-mt-sm-0 e-pt-sm-60 e-mb-0 e-pb-80  e-pb-sm-30\"><div class=\"container\">\n<div class=\"wp-block-b3rg-row e-row row e-row--top-content\">\n<div class=\"wp-block-b3rg-column e-col e-col-ace831841ae6ba6894718dbe446538456bed6c8a  col-sm-12\">\n<h2 class=\"wp-block-heading\">F\u00fcr Ihr Team<\/h2>\n\n\n\n<p>Frameworks, die den Arbeitsalltag erleichtern<\/p>\n<\/div>\n<\/div>\n\n\n\n<div class=\"wp-block-b3rg-row e-row row e-row--bottom-content e-row--common-svg-animation e-row--animation-repeat\">\n<div class=\"wp-block-b3rg-column e-col e-col-78a8db4195dde05a925d5b00fa2778b5fcbad281  col-sm-12 col-md-6 col-lg-4\"><div class=\"e-crd e-crd--dlt\" >\n<div class=\"wp-block-b3rg-icon-block e-icn e-icn--dlt\" style=\"width:50px\"><img decoding=\"async\" src=\"https:\/\/www.beekeeper.io\/wp-content\/uploads\/2025\/02\/graphic_novel.webp\" alt=\"\"\/><\/div>\n\n<h3 class=\"wp-block-heading\">So wird interne Kommunikation DSGVO-konform und datensicher<\/h3>\n\n<p>Wie ist interne Kommunikation f\u00fcr operative Teams sicher und datenschutzkonform?<\/p>\n<div class=\"e-btn e-btn--primary\"><a class=\"e-btn__link\"href=\"https:\/\/www.beekeeper.io\/de\/ressourcen\/dsgvo-datenschutz-interne-kommunikation-sicher-und-effizient\/\" target=\"_self\">\n<p class=\"title\">Weiterlesen<\/p>\n<\/a><\/div><\/div><\/div>\n\n\n\n<div class=\"wp-block-b3rg-column e-col e-col-78a8db4195dde05a925d5b00fa2778b5fcbad281  col-sm-12 col-md-6 col-lg-4\"><div class=\"e-crd e-crd--dlt\" >\n<div class=\"wp-block-b3rg-icon-block e-icn e-icn--dlt\" style=\"width:50px\"><img decoding=\"async\" src=\"https:\/\/www.beekeeper.io\/wp-content\/uploads\/2025\/02\/workforce_pulse_report.webp\" alt=\"\"\/><\/div>\n\n<h3 class=\"wp-block-heading\">IT-Praxis-Guide: Das perfekte Tool f\u00fcr operative Teams<\/h3>\n\n<p>So finden IT-Verantwortliche das passende Tool f\u00fcr operative Teams.<\/p>\n<div class=\"e-btn e-btn--primary\"><a class=\"e-btn__link\"href=\"https:\/\/www.beekeeper.io\/de\/ressourcen\/ebook\/it-praxis-guide-operative-teams\/\" target=\"_self\">\n<p class=\"title\">Weiterlesen<\/p>\n<\/a><\/div><\/div><\/div>\n\n\n\n<div class=\"wp-block-b3rg-column e-col e-col-78a8db4195dde05a925d5b00fa2778b5fcbad281  col-sm-12 col-md-6 col-lg-4\"><div class=\"e-crd e-crd--dlt\" >\n<div class=\"wp-block-b3rg-icon-block e-icn e-icn--dlt\" style=\"width:50px\"><img decoding=\"async\" src=\"https:\/\/www.beekeeper.io\/wp-content\/uploads\/2025\/02\/improve_employee_retention.webp\" alt=\"\"\/><\/div>\n\n<h3 class=\"wp-block-heading\">KI, die von operativen Teams tats\u00e4chlich genutzt wird<\/h3>\n\n<p>Wie muss KI f\u00fcr operative Teams aussehen? Was muss sie leisten und wie sollte sie entwickelt werden?<\/p>\n<div class=\"e-btn e-btn--primary\"><a class=\"e-btn__link\"href=\"https:\/\/www.beekeeper.io\/de\/blog\/operative-tools-ki-playbook\/\" target=\"_self\">\n<p class=\"title\">Weiterlesen<\/p>\n<\/a><\/div><\/div><\/div>\n<\/div>\n<\/div><\/section>\n\n\n\n<section class=\"e-stn e-stn-822cc78509230f4392fbdfa5a84517f69aa1478e e-stn--background-svg-animation e-stn--bottom-cta e-mt-0\"><style>@media only screen and (max-width: 9999px) {\n\t\t\t\t\t\t.e-stn.e-stn-822cc78509230f4392fbdfa5a84517f69aa1478e {\n\t\t\t\t\t\t\tbackground-image: linear-gradient(75deg, #ff9900 0%, #ed11be 100%);\n\t\t\t\t\t\t}\n\t\t\t\t\t}@media only screen and (max-width: 1200px) {\n\t\t\t\t\t\t.e-stn.e-stn-822cc78509230f4392fbdfa5a84517f69aa1478e {\n\t\t\t\t\t\t\tbackground-image: linear-gradient(180deg, #ff9900 0%, #ed11be 100%);\n\t\t\t\t\t\t}\n\t\t\t\t\t}@media only screen and (max-width: 576px) {\n\t\t\t\t\t\t.e-stn.e-stn-822cc78509230f4392fbdfa5a84517f69aa1478e {\n\t\t\t\t\t\t\tbackground-image: linear-gradient(180deg, #ff9900 0%, #ed11be 100%);\n\t\t\t\t\t\t}\n\t\t\t\t\t}<\/style><div class=\"container\">\n<div class=\"wp-block-b3rg-row e-row row e-row--top-content\">\n<div class=\"wp-block-b3rg-column e-col e-col-c808b93aa10afa31e0e9956450ae52620e329043 e-col--position-static e-col--left-svg-wrapper  col-sm-12 col-lg-6\"><div class=\"e-svg e-svg--dlt e-svg--background-animation\"><object data=\"https:\/\/www.beekeeper.io\/wp-content\/uploads\/2024\/09\/Bg-B-Small_Left.svg\" type=\"image\/svg+xml\"><\/object><\/div><\/div>\n\n\n\n<div class=\"wp-block-b3rg-column e-col e-col-f4bade0ecb5568f797203ff3445717af045e8f6d e-col--position-static e-col--right-svg-wrapper  col-sm-12 col-lg-6\"><div class=\"e-svg e-svg--dlt e-svg--background-animation\"><object data=\"https:\/\/www.beekeeper.io\/wp-content\/uploads\/2024\/09\/Bg-B-Small-new.svg\" type=\"image\/svg+xml\"><\/object><\/div><\/div>\n<\/div>\n\n\n\n<div class=\"wp-block-b3rg-row e-row row justify-content-center\">\n<div class=\"wp-block-b3rg-column e-col e-col-4c3325aa9fa3d4368923ad2492d3c868467f08e4 e-col--content-wrapper  col-sm-12 col-md-10\">\n<h2 class=\"wp-block-heading has-text-align-center has-pure-white-color has-text-color has-link-color wp-elements-e8e531fe32a9004be98a4fb135728432\">Bereit, Ihre Teams mit Beekeeper effizienter zu machen?<\/h2>\n\n\n\n<p class=\"has-text-align-center has-pure-white-color has-text-color has-link-color wp-elements-7deb21ed515f8199a53583489cf33eca\">Schlie\u00dfen Sie sich 1.200+ Unternehmen an und transformieren Sie Ihre operative Arbeit mit Beekeeper. Einfache Aufgabenverwaltung, engagierte Teams und reibungslose Schichten.<\/p>\n\n\n\n<div class=\"e-div e-div-bcc4a6d40215147b3a8eb045a2f3399e3e0bc2f4 e-div--button-wrapper d-flex flex-column flex-lg-row\">\n\n<div class=\"e-btn e-btn--lava-fill\"><a class=\"e-btn__link\"href=\"https:\/\/www.beekeeper.io\/demo\/\" target=\"_self\">\n<p class=\"title\">Demo vereinbaren<\/p>\n<\/a><\/div><\/div>\n<\/div>\n<\/div>\n\n\n\n<div class=\"wp-block-b3rg-row e-row row\">\n<div class=\"wp-block-b3rg-column e-col e-col-ed55a7daf39f4fd1c554ecce6c5bd368ec25e249 e-col--position-static e-col--bottom-mask-wrapper  col-sm-12\"><div class=\"e-img \">\n<figure class=\"wp-block-image size-large\"><img decoding=\"async\" src=\"https:\/\/www.beekeeper.io\/wp-content\/uploads\/2024\/09\/pink-pattern.svg\" alt=\"\" class=\"wp-image-1811\"\/><\/figure>\n<\/div><\/div>\n<\/div>\n<\/div><\/section>\n","protected":false},"excerpt":{"rendered":"","protected":false},"author":21,"featured_media":39665,"parent":0,"menu_order":0,"comment_status":"closed","ping_status":"closed","template":"","meta":{"_acf_changed":false,"show_custom_date":false,"custom_date":"","featured":false,"featured_image":0,"learn_more_label":"","image_alt_text":"","learn_more_type":"","show_popup":false,"learn_more_link_file":0,"event_date":false,"event_start_date":"","event_end_date":"","place_holder_image_url":"","post_reading_time":"< 1","notification_enabled":false,"notification_text":"","notification_logo":"","notification_expiration_time":0,"is_enable_transparent_header":true,"hide_from_list_view":false,"selected_taxonomy_terms":{"translation_priority":[161]},"selected_primary_terms":[],"learn_more_link":[],"featured_page_list":[],"notification_enabled_post_list":[],"_relevanssi_hide_post":"","_relevanssi_hide_content":"","_relevanssi_pin_for_all":"","_relevanssi_pin_keywords":"","_relevanssi_unpin_keywords":"","_relevanssi_related_keywords":"","_relevanssi_related_include_ids":"","_relevanssi_related_exclude_ids":"","_relevanssi_related_no_append":"","_relevanssi_related_not_related":"","_relevanssi_related_posts":"","_relevanssi_noindex_reason":"","inline_featured_image":false,"footnotes":""},"class_list":["post-32185","page","type-page","status-publish","has-post-thumbnail","hentry"],"acf":[],"yoast_head":"<!-- This site is optimized with the Yoast SEO plugin v27.2 - https:\/\/yoast.com\/product\/yoast-seo-wordpress\/ -->\n<title>The Shift mit Beekeeper: Der Podcast zur Zukunft operativer Arbeit<\/title>\n<meta name=\"description\" content=\"The Shift ist eine Podcastserie von Beekeeper. Wir beleuchten die Verbindung zwischen Tech, HR &amp; Menschen.\" \/>\n<meta name=\"robots\" content=\"index, follow, max-snippet:-1, max-image-preview:large, max-video-preview:-1\" \/>\n<link rel=\"canonical\" href=\"https:\/\/www.beekeeper.io\/de\/the-shift-mit-beekeeper\/\" \/>\n<meta property=\"og:locale\" content=\"de_DE\" \/>\n<meta property=\"og:type\" content=\"article\" \/>\n<meta property=\"og:title\" content=\"The Shift mit Beekeeper\" \/>\n<meta property=\"og:description\" content=\"The Shift ist eine Interviewserie von Beekeeper. Wir beleuchten die Verbindung zwischen Tech, HR &amp; Menschen.\" \/>\n<meta property=\"og:url\" content=\"https:\/\/www.beekeeper.io\/de\/the-shift-mit-beekeeper\/\" \/>\n<meta property=\"og:site_name\" content=\"Beekeeper\" \/>\n<meta property=\"article:publisher\" content=\"https:\/\/www.facebook.com\/BeekeeperSocial\/\" \/>\n<meta property=\"article:modified_time\" content=\"2025-12-05T03:33:38+00:00\" \/>\n<meta property=\"og:image\" content=\"https:\/\/www.beekeeper.io\/wp-content\/uploads\/2025\/07\/2025_buy_buy_buy_resource_image_1200_x_628px_de.webp\" \/>\n\t<meta property=\"og:image:width\" content=\"1200\" \/>\n\t<meta property=\"og:image:height\" content=\"628\" \/>\n\t<meta property=\"og:image:type\" content=\"image\/webp\" \/>\n<meta name=\"twitter:card\" content=\"summary_large_image\" \/>\n<meta name=\"twitter:title\" content=\"People, process, then HR tech\" \/>\n<meta name=\"twitter:description\" content=\"Watch \u201cPeople, process, then HR tech\u201d \u2014 a video series on making HR tech work by focusing on people and processes first.\" \/>\n<meta name=\"twitter:image\" content=\"https:\/\/www.beekeeper.io\/wp-content\/uploads\/2025\/02\/2025_People-process-hr-tech_resource_image_1200_x_628px_en.webp\" \/>\n<meta name=\"twitter:site\" content=\"@beekeepersocial\" \/>\n<meta name=\"twitter:label1\" content=\"Gesch\u00e4tzte Lesezeit\" \/>\n\t<meta name=\"twitter:data1\" content=\"3 Minuten\" \/>\n<script type=\"application\/ld+json\" class=\"yoast-schema-graph\">{\"@context\":\"https:\/\/schema.org\",\"@graph\":[{\"@type\":\"WebPage\",\"@id\":\"https:\/\/www.beekeeper.io\/de\/the-shift-mit-beekeeper\/\",\"url\":\"https:\/\/www.beekeeper.io\/de\/the-shift-mit-beekeeper\/\",\"name\":\"The Shift mit Beekeeper: Der Podcast zur Zukunft operativer Arbeit\",\"isPartOf\":{\"@id\":\"https:\/\/www.beekeeper.io\/de\/#website\"},\"primaryImageOfPage\":{\"@id\":\"https:\/\/www.beekeeper.io\/de\/the-shift-mit-beekeeper\/#primaryimage\"},\"image\":{\"@id\":\"https:\/\/www.beekeeper.io\/de\/the-shift-mit-beekeeper\/#primaryimage\"},\"thumbnailUrl\":\"https:\/\/www.beekeeper.io\/wp-content\/uploads\/2025\/07\/2025_buy_buy_buy_resource_image_1200_x_628px_de.webp\",\"datePublished\":\"2025-02-20T15:14:57+00:00\",\"dateModified\":\"2025-12-05T03:33:38+00:00\",\"description\":\"The Shift ist eine Podcastserie von Beekeeper. Wir beleuchten die Verbindung zwischen Tech, HR & Menschen.\",\"breadcrumb\":{\"@id\":\"https:\/\/www.beekeeper.io\/de\/the-shift-mit-beekeeper\/#breadcrumb\"},\"inLanguage\":\"de\",\"potentialAction\":[{\"@type\":\"ReadAction\",\"target\":[\"https:\/\/www.beekeeper.io\/de\/the-shift-mit-beekeeper\/\"]}]},{\"@type\":\"ImageObject\",\"inLanguage\":\"de\",\"@id\":\"https:\/\/www.beekeeper.io\/de\/the-shift-mit-beekeeper\/#primaryimage\",\"url\":\"https:\/\/www.beekeeper.io\/wp-content\/uploads\/2025\/07\/2025_buy_buy_buy_resource_image_1200_x_628px_de.webp\",\"contentUrl\":\"https:\/\/www.beekeeper.io\/wp-content\/uploads\/2025\/07\/2025_buy_buy_buy_resource_image_1200_x_628px_de.webp\",\"width\":1200,\"height\":628},{\"@type\":\"BreadcrumbList\",\"@id\":\"https:\/\/www.beekeeper.io\/de\/the-shift-mit-beekeeper\/#breadcrumb\",\"itemListElement\":[{\"@type\":\"ListItem\",\"position\":1,\"name\":\"Home\",\"item\":\"https:\/\/www.beekeeper.io\/de\/\"},{\"@type\":\"ListItem\",\"position\":2,\"name\":\"The Shift mit Beekeeper: Der Podcast zur Zukunft operativer Arbeit\"}]},{\"@type\":\"WebSite\",\"@id\":\"https:\/\/www.beekeeper.io\/de\/#website\",\"url\":\"https:\/\/www.beekeeper.io\/de\/\",\"name\":\"Beekeeper\",\"description\":\"Frontline Success Platform\",\"publisher\":{\"@id\":\"https:\/\/www.beekeeper.io\/de\/#organization\"},\"potentialAction\":[{\"@type\":\"SearchAction\",\"target\":{\"@type\":\"EntryPoint\",\"urlTemplate\":\"https:\/\/www.beekeeper.io\/de\/?s={search_term_string}\"},\"query-input\":{\"@type\":\"PropertyValueSpecification\",\"valueRequired\":true,\"valueName\":\"search_term_string\"}}],\"inLanguage\":\"de\"},{\"@type\":\"Organization\",\"@id\":\"https:\/\/www.beekeeper.io\/de\/#organization\",\"name\":\"Beekeeper\",\"url\":\"https:\/\/www.beekeeper.io\/de\/\",\"logo\":{\"@type\":\"ImageObject\",\"inLanguage\":\"de\",\"@id\":\"https:\/\/www.beekeeper.io\/de\/#\/schema\/logo\/image\/\",\"url\":\"https:\/\/www.beekeeper.io\/wp-content\/uploads\/2024\/11\/Logo-Beekeeper-Outline-lava.svg\",\"contentUrl\":\"https:\/\/www.beekeeper.io\/wp-content\/uploads\/2024\/11\/Logo-Beekeeper-Outline-lava.svg\",\"caption\":\"Beekeeper\"},\"image\":{\"@id\":\"https:\/\/www.beekeeper.io\/de\/#\/schema\/logo\/image\/\"},\"sameAs\":[\"https:\/\/www.facebook.com\/BeekeeperSocial\/\",\"https:\/\/x.com\/beekeepersocial\",\"https:\/\/www.linkedin.com\/company\/beekeeper\/\",\"https:\/\/www.youtube.com\/beekeepersocial\",\"https:\/\/www.g2.com\/products\/beekeeper\/reviews\"]}]}<\/script>\n<!-- \/ Yoast SEO plugin. -->","yoast_head_json":{"title":"The Shift mit Beekeeper: Der Podcast zur Zukunft operativer Arbeit","description":"The Shift ist eine Podcastserie von Beekeeper. Wir beleuchten die Verbindung zwischen Tech, HR & Menschen.","robots":{"index":"index","follow":"follow","max-snippet":"max-snippet:-1","max-image-preview":"max-image-preview:large","max-video-preview":"max-video-preview:-1"},"canonical":"https:\/\/www.beekeeper.io\/de\/the-shift-mit-beekeeper\/","og_locale":"de_DE","og_type":"article","og_title":"The Shift mit Beekeeper","og_description":"The Shift ist eine Interviewserie von Beekeeper. Wir beleuchten die Verbindung zwischen Tech, HR & Menschen.","og_url":"https:\/\/www.beekeeper.io\/de\/the-shift-mit-beekeeper\/","og_site_name":"Beekeeper","article_publisher":"https:\/\/www.facebook.com\/BeekeeperSocial\/","article_modified_time":"2025-12-05T03:33:38+00:00","og_image":[{"width":1200,"height":628,"url":"https:\/\/www.beekeeper.io\/wp-content\/uploads\/2025\/07\/2025_buy_buy_buy_resource_image_1200_x_628px_de.webp","type":"image\/webp"}],"twitter_card":"summary_large_image","twitter_title":"People, process, then HR tech","twitter_description":"Watch \u201cPeople, process, then HR tech\u201d \u2014 a video series on making HR tech work by focusing on people and processes first.","twitter_image":"https:\/\/www.beekeeper.io\/wp-content\/uploads\/2025\/02\/2025_People-process-hr-tech_resource_image_1200_x_628px_en.webp","twitter_site":"@beekeepersocial","twitter_misc":{"Gesch\u00e4tzte Lesezeit":"3 Minuten"},"schema":{"@context":"https:\/\/schema.org","@graph":[{"@type":"WebPage","@id":"https:\/\/www.beekeeper.io\/de\/the-shift-mit-beekeeper\/","url":"https:\/\/www.beekeeper.io\/de\/the-shift-mit-beekeeper\/","name":"The Shift mit Beekeeper: Der Podcast zur Zukunft operativer Arbeit","isPartOf":{"@id":"https:\/\/www.beekeeper.io\/de\/#website"},"primaryImageOfPage":{"@id":"https:\/\/www.beekeeper.io\/de\/the-shift-mit-beekeeper\/#primaryimage"},"image":{"@id":"https:\/\/www.beekeeper.io\/de\/the-shift-mit-beekeeper\/#primaryimage"},"thumbnailUrl":"https:\/\/www.beekeeper.io\/wp-content\/uploads\/2025\/07\/2025_buy_buy_buy_resource_image_1200_x_628px_de.webp","datePublished":"2025-02-20T15:14:57+00:00","dateModified":"2025-12-05T03:33:38+00:00","description":"The Shift ist eine Podcastserie von Beekeeper. Wir beleuchten die Verbindung zwischen Tech, HR & Menschen.","breadcrumb":{"@id":"https:\/\/www.beekeeper.io\/de\/the-shift-mit-beekeeper\/#breadcrumb"},"inLanguage":"de","potentialAction":[{"@type":"ReadAction","target":["https:\/\/www.beekeeper.io\/de\/the-shift-mit-beekeeper\/"]}]},{"@type":"ImageObject","inLanguage":"de","@id":"https:\/\/www.beekeeper.io\/de\/the-shift-mit-beekeeper\/#primaryimage","url":"https:\/\/www.beekeeper.io\/wp-content\/uploads\/2025\/07\/2025_buy_buy_buy_resource_image_1200_x_628px_de.webp","contentUrl":"https:\/\/www.beekeeper.io\/wp-content\/uploads\/2025\/07\/2025_buy_buy_buy_resource_image_1200_x_628px_de.webp","width":1200,"height":628},{"@type":"BreadcrumbList","@id":"https:\/\/www.beekeeper.io\/de\/the-shift-mit-beekeeper\/#breadcrumb","itemListElement":[{"@type":"ListItem","position":1,"name":"Home","item":"https:\/\/www.beekeeper.io\/de\/"},{"@type":"ListItem","position":2,"name":"The Shift mit Beekeeper: Der Podcast zur Zukunft operativer Arbeit"}]},{"@type":"WebSite","@id":"https:\/\/www.beekeeper.io\/de\/#website","url":"https:\/\/www.beekeeper.io\/de\/","name":"Beekeeper","description":"Frontline Success Platform","publisher":{"@id":"https:\/\/www.beekeeper.io\/de\/#organization"},"potentialAction":[{"@type":"SearchAction","target":{"@type":"EntryPoint","urlTemplate":"https:\/\/www.beekeeper.io\/de\/?s={search_term_string}"},"query-input":{"@type":"PropertyValueSpecification","valueRequired":true,"valueName":"search_term_string"}}],"inLanguage":"de"},{"@type":"Organization","@id":"https:\/\/www.beekeeper.io\/de\/#organization","name":"Beekeeper","url":"https:\/\/www.beekeeper.io\/de\/","logo":{"@type":"ImageObject","inLanguage":"de","@id":"https:\/\/www.beekeeper.io\/de\/#\/schema\/logo\/image\/","url":"https:\/\/www.beekeeper.io\/wp-content\/uploads\/2024\/11\/Logo-Beekeeper-Outline-lava.svg","contentUrl":"https:\/\/www.beekeeper.io\/wp-content\/uploads\/2024\/11\/Logo-Beekeeper-Outline-lava.svg","caption":"Beekeeper"},"image":{"@id":"https:\/\/www.beekeeper.io\/de\/#\/schema\/logo\/image\/"},"sameAs":["https:\/\/www.facebook.com\/BeekeeperSocial\/","https:\/\/x.com\/beekeepersocial","https:\/\/www.linkedin.com\/company\/beekeeper\/","https:\/\/www.youtube.com\/beekeepersocial","https:\/\/www.g2.com\/products\/beekeeper\/reviews"]}]}},"_links":{"self":[{"href":"https:\/\/www.beekeeper.io\/de\/wp-json\/wp\/v2\/pages\/32185","targetHints":{"allow":["GET"]}}],"collection":[{"href":"https:\/\/www.beekeeper.io\/de\/wp-json\/wp\/v2\/pages"}],"about":[{"href":"https:\/\/www.beekeeper.io\/de\/wp-json\/wp\/v2\/types\/page"}],"author":[{"embeddable":true,"href":"https:\/\/www.beekeeper.io\/de\/wp-json\/wp\/v2\/users\/21"}],"replies":[{"embeddable":true,"href":"https:\/\/www.beekeeper.io\/de\/wp-json\/wp\/v2\/comments?post=32185"}],"version-history":[{"count":0,"href":"https:\/\/www.beekeeper.io\/de\/wp-json\/wp\/v2\/pages\/32185\/revisions"}],"wp:featuredmedia":[{"embeddable":true,"href":"https:\/\/www.beekeeper.io\/de\/wp-json\/wp\/v2\/media\/39665"}],"wp:attachment":[{"href":"https:\/\/www.beekeeper.io\/de\/wp-json\/wp\/v2\/media?parent=32185"}],"curies":[{"name":"wp","href":"https:\/\/api.w.org\/{rel}","templated":true}]}}