{"id":30484,"date":"2025-01-08T16:19:31","date_gmt":"2025-01-08T21:19:31","guid":{"rendered":"https:\/\/www.beekeeper.io\/brand-guidelines\/"},"modified":"2025-12-04T20:15:19","modified_gmt":"2025-12-05T01:15:19","slug":"brand-guide","status":"publish","type":"page","link":"https:\/\/www.beekeeper.io\/de\/brand-guide\/","title":{"rendered":"Beekeeper Brand Guide"},"content":{"rendered":"\n<section class=\"e-stn e-stn-308d0dde948614876a44710336d53a30c5f45702 e-stn--hero-with-a-media e-mt-0 e-pt-100  e-pt-sm-0\"><style>@media only screen and (max-width: 9999px) {\n\t\t\t\t\t\t\t\t\t.e-stn.e-stn-308d0dde948614876a44710336d53a30c5f45702 { \n\t\t\t\t\t\t\t\t\t\tbackground-color: #323C46; \n\t\t\t\t\t\t\t\t\t}\n\t\t\t\t\t\t\t\t}<\/style><div class=\"container\">\n<div class=\"wp-block-b3rg-row e-row row\">\n<div class=\"wp-block-b3rg-column e-col e-col-5d2b57454f0d803be56f44bd31cdece8ff14c163  col-sm-12 col-lg-6\">\n<h1 class=\"wp-block-heading has-pure-white-color has-text-color has-link-color wp-elements-eb6854b6f0ccfc042409254a6b1fe453\">Brand Guide<\/h1>\n\n\n\n<p class=\"description has-pure-white-color has-text-color has-link-color wp-elements-4985552f80fa6bac823454ee4bade0fa\">Unsere Marke ist so viel mehr als nur ein Logo oder eine Farbpalette \u2013 sie zeigt uns, wie wir kommunizieren, wer wir sind und wof\u00fcr wir stehen. Auf dieser Seite finden Sie alles, was Sie brauchen, um Beekeeper konsistent und wirkungsvoll zu repr\u00e4sentieren.<\/p>\n\n\n\n<p class=\"description has-pure-white-color has-text-color has-link-color wp-elements-ab1dc12ed686c4ab683f8ba8737c6441\"><\/p>\n\n\n\n<p><\/p>\n\n\n<div class=\"e-btn e-btn--white-outline-lava-hover-button-with-arrow\"><a class=\"e-btn__link\"href=\"https:\/\/506469.fs1.hubspotusercontent-na1.net\/hubfs\/506469\/Beekeeper%20by%20LumApps%20Brand%20Guide_DE.pdf\" target=\"_blank\">\n<p class=\"title\">Unseren Brand Guide herunterladen<\/p>\n<\/a><\/div><\/div>\n\n\n\n<div class=\"wp-block-b3rg-column e-col e-col-14aff9150f9f549187a63850ea60b8e7c1abcbb0  col-sm-12 col-lg-6\">\n<div class=\"e-div e-div-07019e0eee7974b90aa423083e32b2eabd3af078\">\n\n<div class=\"e-img \">\n<figure class=\"wp-block-image size-full\"><img loading=\"lazy\" decoding=\"async\" width=\"944\" height=\"1024\" src=\"https:\/\/www.beekeeper.io\/wp-content\/uploads\/2025\/01\/legal_banner_header_944x1024px_webp-1.webp\" alt=\"\" class=\"wp-image-30255\" srcset=\"https:\/\/www.beekeeper.io\/wp-content\/uploads\/2025\/01\/legal_banner_header_944x1024px_webp-1.webp 944w, https:\/\/www.beekeeper.io\/wp-content\/uploads\/2025\/01\/legal_banner_header_944x1024px_webp-1-277x300.webp 277w, https:\/\/www.beekeeper.io\/wp-content\/uploads\/2025\/01\/legal_banner_header_944x1024px_webp-1-768x833.webp 768w, https:\/\/www.beekeeper.io\/wp-content\/uploads\/2025\/01\/legal_banner_header_944x1024px_webp-1-575x624.webp 575w\" sizes=\"auto, (max-width: 944px) 100vw, 944px\" \/><\/figure>\n<\/div>\n\n\n\n<\/div>\n<\/div>\n<\/div>\n<\/div><\/section>\n\n\n\n<div style=\"height:100px\" aria-hidden=\"true\" class=\"wp-block-spacer\"><\/div>\n\n\n\n<section class=\"e-stn e-stn-ff51bce6ffed690f4af11542ef803128d21155c3\"><div class=\"container\">\n<div class=\"wp-block-columns is-layout-flex wp-container-core-columns-is-layout-28f84493 wp-block-columns-is-layout-flex\">\n<div class=\"wp-block-column is-layout-flow wp-block-column-is-layout-flow\">\n<h5 class=\"wp-block-heading has-text-align-center has-medium-font-size\">Im Folgenden finden Sie unsere Guidelines, Logos, Font und Farbpalette. Die Ressourcen helfen Ihnen dabei, unsere Geschichte an allen Touchpoints zum Leben zu erwecken. Ganz gleich, ob Sie Marketingkampagnen konzipieren, Pr\u00e4sentationen entwerfen oder v\u00f6llig neue Materialien erstellen \u2013 mit diesen Hilfsmitteln stellen wir sicher, dass die Botschaft unserer Marke ankommt.<\/h5>\n<\/div>\n<\/div>\n<\/div><\/section>\n\n\n\n<section class=\"e-stn e-stn-8043d4a463a28a76e5428e308b4bd91d3b3bcf74 e-mt-120\"><div class=\"container\">\n<div class=\"wp-block-b3rg-row e-row row justify-content-between\">\n<div class=\"wp-block-b3rg-column e-col e-col-719f946a96b8112a7f1bfe7d7f1599b138ee1027  col-sm-6 flex-row\">\n<h2 class=\"wp-block-heading has-medium-font-size\" style=\"padding-bottom:var(--wp--preset--spacing--50)\">Beekeeper Markenressourcen<\/h2>\n\n\n\n<ul class=\"wp-block-list\">\n<li><a href=\"https:\/\/506469.fs1.hubspotusercontent-na1.net\/hubfs\/506469\/Beekeeper%20by%20LumApps%20Brand%20Guide_DE.pdf\" target=\"_blank\" rel=\"noreferrer noopener\">Brand Guide<\/a><\/li>\n\n\n\n<li><a href=\"https:\/\/506469.fs1.hubspotusercontent-na1.net\/hubfs\/506469\/Beekeeper%20by%20LumApps%20logo.zip\" target=\"_blank\" rel=\"noreferrer noopener\">Logos<\/a><\/li>\n\n\n\n<li><a href=\"https:\/\/506469.fs1.hubspotusercontent-na1.net\/hubfs\/506469\/Beekeeper%20Roboto%20Font.zip\" target=\"_blank\" rel=\"noreferrer noopener\">Roboto Font<\/a><\/li>\n\n\n\n<li><a href=\"https:\/\/506469.fs1.hubspotusercontent-na1.net\/hubfs\/506469\/Beekeeper%20by%20LumApps%20Farbpalette.pdf\" target=\"_blank\" rel=\"noreferrer noopener\">Farbpalette<\/a><\/li>\n<\/ul>\n<\/div>\n\n\n\n<div class=\"wp-block-b3rg-column e-col e-col-719f946a96b8112a7f1bfe7d7f1599b138ee1027  col-sm-6 flex-row\"><\/div>\n<\/div>\n<\/div><\/section>\n\n\n\n<div style=\"height:100px\" aria-hidden=\"true\" class=\"wp-block-spacer\"><\/div>\n\n\n\n<section class=\"e-stn e-stn-ca0e878227eaff584f46243bddf86f5ea6860eb4 e-stn--explore-more-cards e-mt-0 e-pb-90  e-pb-sm-30\"><div class=\"container\">\n<div class=\"wp-block-b3rg-row e-row row\">\n<div class=\"wp-block-b3rg-column e-col e-col-1251525a23178b3838315074737846433b56a01a  col-sm-12 col-md-12 col-lg-3 col-xl-3\">\n<h2 class=\"wp-block-heading\">Mehr erfahren<\/h2>\n<\/div>\n\n\n\n<div class=\"wp-block-b3rg-column e-col e-col-e3cf9a8176e4f2d8ec8caf8d04058788b3230c6d  col-sm-12 col-md-4 col-lg-3\"><div class=\"e-crd e-crd--dlt\"><a href=\"https:\/\/www.beekeeper.io\/newsroom\/in-the-news\/\" target=\"_self\">\n<div class=\"wp-block-b3rg-icon-block e-icn e-img--dlt\" style=\"width:50px\"><img decoding=\"async\" src=\"https:\/\/www.beekeeper.io\/wp-content\/uploads\/2024\/11\/news.webp\" alt=\"\"\/><\/div>\n\n<h3 class=\"wp-block-heading\">Neuigkeiten<\/h3>\n\n<p>Hier finden Sie alles Aktuelle \u00fcber Beekeeper: Pressemitteilungen, Artikel und mehr, wie wir operativen Teams weltweit vernetzen.<\/p>\n<div class=\"e-btn e-btn--primary\">\n<p class=\"title\">Weiterlesen<\/p>\n<\/div><\/a><\/div><\/div>\n\n\n\n<div class=\"wp-block-b3rg-column e-col e-col-e3cf9a8176e4f2d8ec8caf8d04058788b3230c6d  col-sm-12 col-md-4 col-lg-3\"><div class=\"e-crd e-crd--dlt\"><a href=\"https:\/\/www.beekeeper.io\/resources\/\" target=\"_self\">\n<div class=\"wp-block-b3rg-icon-block e-icn e-img--dlt\" style=\"width:50px\"><img decoding=\"async\" src=\"https:\/\/www.beekeeper.io\/wp-content\/uploads\/2024\/11\/white_paper_inner.webp\" alt=\"\"\/><\/div>\n\n<h3 class=\"wp-block-heading\">Ressourcen<\/h3>\n\n<p>Leitf\u00e4den, Vorlagen, Studien, Erfolgsgeschichten und mehr, um operative Teams produktiver zu machen.<\/p>\n<div class=\"e-btn e-btn--primary\">\n<p class=\"title\">Weiterlesen<\/p>\n<\/div><\/a><\/div><\/div>\n\n\n\n<div class=\"wp-block-b3rg-column e-col e-col-e3cf9a8176e4f2d8ec8caf8d04058788b3230c6d  col-sm-12 col-md-4 col-lg-3\"><div class=\"e-crd e-crd--dlt\"><a href=\"https:\/\/www.beekeeper.io\/about-beekeeper\/\" target=\"_self\">\n<div class=\"wp-block-b3rg-icon-block e-icn e-img--dlt\" style=\"width:50px\"><img decoding=\"async\" src=\"https:\/\/www.beekeeper.io\/wp-content\/uploads\/2024\/11\/about_us.webp\" alt=\"\"\/><\/div>\n\n<h3 class=\"wp-block-heading\">\u00dcber uns<\/h3>\n\n<p>Mehr \u00fcber die Mission von Beekeeper, unsere F\u00fchrungskr\u00e4fte und das Engagement f\u00fcr&nbsp; operative Mitarbeitende.<\/p>\n<div class=\"e-btn e-btn--primary\">\n<p class=\"title\">Weiterlesen<\/p>\n<\/div><\/a><\/div><\/div>\n<\/div>\n<\/div><\/section>\n","protected":false},"excerpt":{"rendered":"","protected":false},"author":15,"featured_media":30260,"parent":0,"menu_order":0,"comment_status":"closed","ping_status":"closed","template":"","meta":{"_acf_changed":false,"show_custom_date":false,"custom_date":"","featured":false,"featured_image":0,"learn_more_label":"","image_alt_text":"","learn_more_type":"","show_popup":false,"learn_more_link_file":0,"event_date":false,"event_start_date":"","event_end_date":"","place_holder_image_url":"","post_reading_time":"< 1","notification_enabled":false,"notification_text":"","notification_logo":"","notification_expiration_time":0,"is_enable_transparent_header":true,"hide_from_list_view":false,"selected_taxonomy_terms":{"translation_priority":[161]},"selected_primary_terms":[],"learn_more_link":[],"featured_page_list":[],"notification_enabled_post_list":[],"_relevanssi_hide_post":"","_relevanssi_hide_content":"","_relevanssi_pin_for_all":"","_relevanssi_pin_keywords":"","_relevanssi_unpin_keywords":"","_relevanssi_related_keywords":"","_relevanssi_related_include_ids":"","_relevanssi_related_exclude_ids":"","_relevanssi_related_no_append":"","_relevanssi_related_not_related":"","_relevanssi_related_posts":"","_relevanssi_noindex_reason":"","inline_featured_image":false,"footnotes":""},"class_list":["post-30484","page","type-page","status-publish","has-post-thumbnail","hentry"],"acf":[],"yoast_head":"<!-- This site is optimized with the Yoast SEO plugin v27.2 - https:\/\/yoast.com\/product\/yoast-seo-wordpress\/ -->\n<title>Beekeeper Brand Guide<\/title>\n<meta name=\"description\" content=\"Entdecken Sie den Beekeeper Brand Guide: Fonts, Farbpalette &amp; mehr. Alles, was Sie brauchen, um unsere Marke konsistent zu repr\u00e4sentieren.\" \/>\n<meta name=\"robots\" content=\"index, follow, max-snippet:-1, max-image-preview:large, max-video-preview:-1\" \/>\n<link rel=\"canonical\" href=\"https:\/\/www.beekeeper.io\/de\/brand-guide\/\" \/>\n<meta property=\"og:locale\" content=\"de_DE\" \/>\n<meta property=\"og:type\" content=\"article\" \/>\n<meta property=\"og:title\" content=\"Beekeeper Brand Guide\" \/>\n<meta property=\"og:description\" content=\"Entdecken Sie den Beekeeper Brand Guide: Fonts, Farbpalette &amp; mehr. Alles, was Sie brauchen, um unsere Marke konsistent zu repr\u00e4sentieren.\" \/>\n<meta property=\"og:url\" content=\"https:\/\/www.beekeeper.io\/de\/brand-guide\/\" \/>\n<meta property=\"og:site_name\" content=\"Beekeeper\" \/>\n<meta property=\"article:publisher\" content=\"https:\/\/www.facebook.com\/BeekeeperSocial\/\" \/>\n<meta property=\"article:modified_time\" content=\"2025-12-05T01:15:19+00:00\" \/>\n<meta property=\"og:image\" content=\"https:\/\/www.beekeeper.io\/wp-content\/uploads\/2025\/01\/2024_website_resourcethumbnail_1200x628px_brandguide_1.webp\" \/>\n\t<meta property=\"og:image:width\" content=\"1200\" \/>\n\t<meta property=\"og:image:height\" content=\"628\" \/>\n\t<meta property=\"og:image:type\" content=\"image\/webp\" \/>\n<meta name=\"twitter:card\" content=\"summary_large_image\" \/>\n<meta name=\"twitter:site\" content=\"@beekeepersocial\" \/>\n<meta name=\"twitter:label1\" content=\"Gesch\u00e4tzte Lesezeit\" \/>\n\t<meta name=\"twitter:data1\" content=\"2 Minuten\" \/>\n<script type=\"application\/ld+json\" class=\"yoast-schema-graph\">{\"@context\":\"https:\/\/schema.org\",\"@graph\":[{\"@type\":\"WebPage\",\"@id\":\"https:\/\/www.beekeeper.io\/de\/brand-guide\/\",\"url\":\"https:\/\/www.beekeeper.io\/de\/brand-guide\/\",\"name\":\"Beekeeper Brand Guide\",\"isPartOf\":{\"@id\":\"https:\/\/www.beekeeper.io\/de\/#website\"},\"primaryImageOfPage\":{\"@id\":\"https:\/\/www.beekeeper.io\/de\/brand-guide\/#primaryimage\"},\"image\":{\"@id\":\"https:\/\/www.beekeeper.io\/de\/brand-guide\/#primaryimage\"},\"thumbnailUrl\":\"https:\/\/www.beekeeper.io\/wp-content\/uploads\/2025\/01\/2024_website_resourcethumbnail_1200x628px_brandguide_1.webp\",\"datePublished\":\"2025-01-08T21:19:31+00:00\",\"dateModified\":\"2025-12-05T01:15:19+00:00\",\"description\":\"Entdecken Sie den Beekeeper Brand Guide: Fonts, Farbpalette & mehr. Alles, was Sie brauchen, um unsere Marke konsistent zu repr\u00e4sentieren.\",\"breadcrumb\":{\"@id\":\"https:\/\/www.beekeeper.io\/de\/brand-guide\/#breadcrumb\"},\"inLanguage\":\"de\",\"potentialAction\":[{\"@type\":\"ReadAction\",\"target\":[\"https:\/\/www.beekeeper.io\/de\/brand-guide\/\"]}]},{\"@type\":\"ImageObject\",\"inLanguage\":\"de\",\"@id\":\"https:\/\/www.beekeeper.io\/de\/brand-guide\/#primaryimage\",\"url\":\"https:\/\/www.beekeeper.io\/wp-content\/uploads\/2025\/01\/2024_website_resourcethumbnail_1200x628px_brandguide_1.webp\",\"contentUrl\":\"https:\/\/www.beekeeper.io\/wp-content\/uploads\/2025\/01\/2024_website_resourcethumbnail_1200x628px_brandguide_1.webp\",\"width\":1200,\"height\":628},{\"@type\":\"BreadcrumbList\",\"@id\":\"https:\/\/www.beekeeper.io\/de\/brand-guide\/#breadcrumb\",\"itemListElement\":[{\"@type\":\"ListItem\",\"position\":1,\"name\":\"Home\",\"item\":\"https:\/\/www.beekeeper.io\/de\/\"},{\"@type\":\"ListItem\",\"position\":2,\"name\":\"Beekeeper Brand Guide\"}]},{\"@type\":\"WebSite\",\"@id\":\"https:\/\/www.beekeeper.io\/de\/#website\",\"url\":\"https:\/\/www.beekeeper.io\/de\/\",\"name\":\"Beekeeper\",\"description\":\"Frontline Success Platform\",\"publisher\":{\"@id\":\"https:\/\/www.beekeeper.io\/de\/#organization\"},\"potentialAction\":[{\"@type\":\"SearchAction\",\"target\":{\"@type\":\"EntryPoint\",\"urlTemplate\":\"https:\/\/www.beekeeper.io\/de\/?s={search_term_string}\"},\"query-input\":{\"@type\":\"PropertyValueSpecification\",\"valueRequired\":true,\"valueName\":\"search_term_string\"}}],\"inLanguage\":\"de\"},{\"@type\":\"Organization\",\"@id\":\"https:\/\/www.beekeeper.io\/de\/#organization\",\"name\":\"Beekeeper\",\"url\":\"https:\/\/www.beekeeper.io\/de\/\",\"logo\":{\"@type\":\"ImageObject\",\"inLanguage\":\"de\",\"@id\":\"https:\/\/www.beekeeper.io\/de\/#\/schema\/logo\/image\/\",\"url\":\"https:\/\/www.beekeeper.io\/wp-content\/uploads\/2024\/11\/Logo-Beekeeper-Outline-lava.svg\",\"contentUrl\":\"https:\/\/www.beekeeper.io\/wp-content\/uploads\/2024\/11\/Logo-Beekeeper-Outline-lava.svg\",\"caption\":\"Beekeeper\"},\"image\":{\"@id\":\"https:\/\/www.beekeeper.io\/de\/#\/schema\/logo\/image\/\"},\"sameAs\":[\"https:\/\/www.facebook.com\/BeekeeperSocial\/\",\"https:\/\/x.com\/beekeepersocial\",\"https:\/\/www.linkedin.com\/company\/beekeeper\/\",\"https:\/\/www.youtube.com\/beekeepersocial\",\"https:\/\/www.g2.com\/products\/beekeeper\/reviews\"]}]}<\/script>\n<!-- \/ Yoast SEO plugin. -->","yoast_head_json":{"title":"Beekeeper Brand Guide","description":"Entdecken Sie den Beekeeper Brand Guide: Fonts, Farbpalette & mehr. Alles, was Sie brauchen, um unsere Marke konsistent zu repr\u00e4sentieren.","robots":{"index":"index","follow":"follow","max-snippet":"max-snippet:-1","max-image-preview":"max-image-preview:large","max-video-preview":"max-video-preview:-1"},"canonical":"https:\/\/www.beekeeper.io\/de\/brand-guide\/","og_locale":"de_DE","og_type":"article","og_title":"Beekeeper Brand Guide","og_description":"Entdecken Sie den Beekeeper Brand Guide: Fonts, Farbpalette & mehr. Alles, was Sie brauchen, um unsere Marke konsistent zu repr\u00e4sentieren.","og_url":"https:\/\/www.beekeeper.io\/de\/brand-guide\/","og_site_name":"Beekeeper","article_publisher":"https:\/\/www.facebook.com\/BeekeeperSocial\/","article_modified_time":"2025-12-05T01:15:19+00:00","og_image":[{"width":1200,"height":628,"url":"https:\/\/www.beekeeper.io\/wp-content\/uploads\/2025\/01\/2024_website_resourcethumbnail_1200x628px_brandguide_1.webp","type":"image\/webp"}],"twitter_card":"summary_large_image","twitter_site":"@beekeepersocial","twitter_misc":{"Gesch\u00e4tzte Lesezeit":"2 Minuten"},"schema":{"@context":"https:\/\/schema.org","@graph":[{"@type":"WebPage","@id":"https:\/\/www.beekeeper.io\/de\/brand-guide\/","url":"https:\/\/www.beekeeper.io\/de\/brand-guide\/","name":"Beekeeper Brand Guide","isPartOf":{"@id":"https:\/\/www.beekeeper.io\/de\/#website"},"primaryImageOfPage":{"@id":"https:\/\/www.beekeeper.io\/de\/brand-guide\/#primaryimage"},"image":{"@id":"https:\/\/www.beekeeper.io\/de\/brand-guide\/#primaryimage"},"thumbnailUrl":"https:\/\/www.beekeeper.io\/wp-content\/uploads\/2025\/01\/2024_website_resourcethumbnail_1200x628px_brandguide_1.webp","datePublished":"2025-01-08T21:19:31+00:00","dateModified":"2025-12-05T01:15:19+00:00","description":"Entdecken Sie den Beekeeper Brand Guide: Fonts, Farbpalette & mehr. Alles, was Sie brauchen, um unsere Marke konsistent zu repr\u00e4sentieren.","breadcrumb":{"@id":"https:\/\/www.beekeeper.io\/de\/brand-guide\/#breadcrumb"},"inLanguage":"de","potentialAction":[{"@type":"ReadAction","target":["https:\/\/www.beekeeper.io\/de\/brand-guide\/"]}]},{"@type":"ImageObject","inLanguage":"de","@id":"https:\/\/www.beekeeper.io\/de\/brand-guide\/#primaryimage","url":"https:\/\/www.beekeeper.io\/wp-content\/uploads\/2025\/01\/2024_website_resourcethumbnail_1200x628px_brandguide_1.webp","contentUrl":"https:\/\/www.beekeeper.io\/wp-content\/uploads\/2025\/01\/2024_website_resourcethumbnail_1200x628px_brandguide_1.webp","width":1200,"height":628},{"@type":"BreadcrumbList","@id":"https:\/\/www.beekeeper.io\/de\/brand-guide\/#breadcrumb","itemListElement":[{"@type":"ListItem","position":1,"name":"Home","item":"https:\/\/www.beekeeper.io\/de\/"},{"@type":"ListItem","position":2,"name":"Beekeeper Brand Guide"}]},{"@type":"WebSite","@id":"https:\/\/www.beekeeper.io\/de\/#website","url":"https:\/\/www.beekeeper.io\/de\/","name":"Beekeeper","description":"Frontline Success Platform","publisher":{"@id":"https:\/\/www.beekeeper.io\/de\/#organization"},"potentialAction":[{"@type":"SearchAction","target":{"@type":"EntryPoint","urlTemplate":"https:\/\/www.beekeeper.io\/de\/?s={search_term_string}"},"query-input":{"@type":"PropertyValueSpecification","valueRequired":true,"valueName":"search_term_string"}}],"inLanguage":"de"},{"@type":"Organization","@id":"https:\/\/www.beekeeper.io\/de\/#organization","name":"Beekeeper","url":"https:\/\/www.beekeeper.io\/de\/","logo":{"@type":"ImageObject","inLanguage":"de","@id":"https:\/\/www.beekeeper.io\/de\/#\/schema\/logo\/image\/","url":"https:\/\/www.beekeeper.io\/wp-content\/uploads\/2024\/11\/Logo-Beekeeper-Outline-lava.svg","contentUrl":"https:\/\/www.beekeeper.io\/wp-content\/uploads\/2024\/11\/Logo-Beekeeper-Outline-lava.svg","caption":"Beekeeper"},"image":{"@id":"https:\/\/www.beekeeper.io\/de\/#\/schema\/logo\/image\/"},"sameAs":["https:\/\/www.facebook.com\/BeekeeperSocial\/","https:\/\/x.com\/beekeepersocial","https:\/\/www.linkedin.com\/company\/beekeeper\/","https:\/\/www.youtube.com\/beekeepersocial","https:\/\/www.g2.com\/products\/beekeeper\/reviews"]}]}},"_links":{"self":[{"href":"https:\/\/www.beekeeper.io\/de\/wp-json\/wp\/v2\/pages\/30484","targetHints":{"allow":["GET"]}}],"collection":[{"href":"https:\/\/www.beekeeper.io\/de\/wp-json\/wp\/v2\/pages"}],"about":[{"href":"https:\/\/www.beekeeper.io\/de\/wp-json\/wp\/v2\/types\/page"}],"author":[{"embeddable":true,"href":"https:\/\/www.beekeeper.io\/de\/wp-json\/wp\/v2\/users\/15"}],"replies":[{"embeddable":true,"href":"https:\/\/www.beekeeper.io\/de\/wp-json\/wp\/v2\/comments?post=30484"}],"version-history":[{"count":0,"href":"https:\/\/www.beekeeper.io\/de\/wp-json\/wp\/v2\/pages\/30484\/revisions"}],"wp:featuredmedia":[{"embeddable":true,"href":"https:\/\/www.beekeeper.io\/de\/wp-json\/wp\/v2\/media\/30260"}],"wp:attachment":[{"href":"https:\/\/www.beekeeper.io\/de\/wp-json\/wp\/v2\/media?parent=30484"}],"curies":[{"name":"wp","href":"https:\/\/api.w.org\/{rel}","templated":true}]}}